{"id":3589,"date":"2026-03-31T20:21:51","date_gmt":"2026-03-31T18:21:51","guid":{"rendered":"https:\/\/kotlinafishing.pl\/?post_type=product&#038;p=3589"},"modified":"2026-03-31T20:31:45","modified_gmt":"2026-03-31T18:31:45","slug":"pellet-escafeeder-perfect-swim-2mm-800g","status":"publish","type":"product","link":"https:\/\/kotlinafishing.pl\/?product=pellet-escafeeder-perfect-swim-2mm-800g","title":{"rendered":"Pellet Escafeeder Perfect Swim 2mm 800g"},"content":{"rendered":"<p>Pellet Prerfect Swim 2mm \u2013 Zupe\u0142nie nowy produkt kt\u00f3ry\u00a0ma\u00a0za\u00a0zadanie zwabi\u0107 ryby z\u00a0toni. Pellet Perfect Swim \u201epracuje\u201d unosz\u0105c si\u0119 i\u00a0opadaj\u0105c, tym samym tworzy \u201es\u0142up\u201d drobinek pelletu, kt\u00f3ry\u00a0wyj\u0105tkowo skutecznie \u201e\u015bci\u0105ga\u201d ryby do\u00a0podajnika. \u015amia\u0142o mo\u017cna u\u017cywa\u0107 go\u00a0zar\u00f3wno do\u00a0twardego jak i\u00a0mulistego dna. Przy \u0142owieniu w\u00a0mulistym dnie najlepiej u\u017cy\u0107 bardzo lekkiego podajnika o\u00a0du\u017cej powierzchni. Pellet zawiera 36% bia\u0142ka, jest ciemnobr\u0105zowego koloru a\u00a0jego struktura powoduje \u017ce\u00a0w\u00a0\u015brodku znajduj\u0105 si\u0119 p\u0119cherzyki powietrza, dzi\u0119ki czemu jego \u201epraca\u201d jest unikalna a\u00a0zarazem ryby \u015bwietnie na\u00a0to\u00a0reaguj\u0105.<\/p>\n<p>Dodatkow\u0105 zalet\u0105 pelletu o\u00a0takiej \u201epracy\u201d jest to\u00a0\u017ce\u00a0przy zastosowaniu smu\u017c\u0105cej zan\u0119ty mo\u017cemy uzyska\u0107 w\u00a0bardzo \u0142atwy spos\u00f3b \u201es\u0142up chmury\u201d kt\u00f3ry\u00a0zainteresuje ryby. W\u00a0\u0142owiskach gdzie wyst\u0119puje du\u017co drobnicy powinno wymiesza\u0107 si\u0119 pellet perfect swim z\u00a0pelletem perfect dynamic i\u00a0z\u00a0za\u0142o\u017cenia czym wi\u0119cej drobnych ryb tym mniej pelletu pracuj\u0105cego.<\/p>\n","protected":false},"excerpt":{"rendered":"<p>Pellet Prerfect Swim 2mm \u2013 Zupe\u0142nie nowy produkt kt\u00f3ry\u00a0ma\u00a0za\u00a0zadanie zwabi\u0107 ryby z\u00a0toni. Pellet Perfect Swim \u201epracuje\u201d unosz\u0105c si\u0119 i\u00a0opadaj\u0105c, tym samym tworzy \u201es\u0142up\u201d drobinek pelletu, kt\u00f3ry\u00a0wyj\u0105tkowo skutecznie \u201e\u015bci\u0105ga\u201d ryby do\u00a0podajnika. \u015amia\u0142o mo\u017cna u\u017cywa\u0107 go\u00a0zar\u00f3wno do\u00a0twardego jak i\u00a0mulistego dna. Przy \u0142owieniu w\u00a0mulistym dnie najlepiej u\u017cy\u0107 bardzo lekkiego podajnika o\u00a0du\u017cej powierzchni. Pellet zawiera 36% bia\u0142ka, jest ciemnobr\u0105zowego koloru a\u00a0jego struktura powoduje \u017ce\u00a0w\u00a0\u015brodku znajduj\u0105 si\u0119 p\u0119cherzyki powietrza, dzi\u0119ki czemu jego \u201epraca\u201d jest unikalna a\u00a0zarazem ryby \u015bwietnie na\u00a0to\u00a0reaguj\u0105.<\/p>\n<p>&nbsp;<\/p>\n","protected":false},"featured_media":3592,"template":"","meta":[],"product_brand":[140],"product_cat":[43,19,41],"product_tag":[],"class_list":{"0":"post-3589","1":"product","2":"type-product","3":"status-publish","4":"has-post-thumbnail","6":"product_brand-escafeeder","7":"product_cat-pellety-zanetowe","8":"product_cat-grunt","9":"product_cat-zanety-przynety-dodatki-gliny","11":"first","12":"instock","13":"shipping-taxable","14":"purchasable","15":"product-type-simple"},"_links":{"self":[{"href":"https:\/\/kotlinafishing.pl\/index.php?rest_route=\/wp\/v2\/product\/3589","targetHints":{"allow":["GET"]}}],"collection":[{"href":"https:\/\/kotlinafishing.pl\/index.php?rest_route=\/wp\/v2\/product"}],"about":[{"href":"https:\/\/kotlinafishing.pl\/index.php?rest_route=\/wp\/v2\/types\/product"}],"wp:featuredmedia":[{"embeddable":true,"href":"https:\/\/kotlinafishing.pl\/index.php?rest_route=\/wp\/v2\/media\/3592"}],"wp:attachment":[{"href":"https:\/\/kotlinafishing.pl\/index.php?rest_route=%2Fwp%2Fv2%2Fmedia&parent=3589"}],"wp:term":[{"taxonomy":"product_brand","embeddable":true,"href":"https:\/\/kotlinafishing.pl\/index.php?rest_route=%2Fwp%2Fv2%2Fproduct_brand&post=3589"},{"taxonomy":"product_cat","embeddable":true,"href":"https:\/\/kotlinafishing.pl\/index.php?rest_route=%2Fwp%2Fv2%2Fproduct_cat&post=3589"},{"taxonomy":"product_tag","embeddable":true,"href":"https:\/\/kotlinafishing.pl\/index.php?rest_route=%2Fwp%2Fv2%2Fproduct_tag&post=3589"}],"curies":[{"name":"wp","href":"https:\/\/api.w.org\/{rel}","templated":true}]}}