{"id":358,"date":"2025-09-02T16:13:22","date_gmt":"2025-09-02T14:13:22","guid":{"rendered":"http:\/\/kotlinafishing.pl\/?post_type=product&#038;p=358"},"modified":"2026-04-01T16:24:25","modified_gmt":"2026-04-01T14:24:25","slug":"zaneta-lorpio-grand-prix-bream-dark-czarna-1kg","status":"publish","type":"product","link":"https:\/\/kotlinafishing.pl\/?product=zaneta-lorpio-grand-prix-bream-dark-czarna-1kg","title":{"rendered":"Zan\u0119ta Lorpio GRAND PRIX Bream Dark Czarna 1kg"},"content":{"rendered":"<p>Ekskluzywna seria zan\u0119t, wyprodukowana z najwy\u017cszej jako\u015bci wyselekcjonowanych sk\u0142adnik\u00f3w, wed\u0142ug receptury Piotra Lorenca, Mistrza Europy, indywidualnego Wicemistrza \u015awiata i dwukrotnego Mistrza Polski w w\u0119dkarstwie sp\u0142awikowym. Aromat, smak, granulacja oraz kolory zosta\u0142y perfekcyjnie dopasowane do upodoba\u0144 poszczeg\u00f3lnych gatunk\u00f3w ryb. Dopieszczona w ka\u017cdym calu, aby\u015bcie mogli Pa\u0144stwo odczu\u0107 t\u0119 pasj\u0119, kt\u00f3r\u0105 my czuli\u015bmy, tworz\u0105c produkty tej serii.<\/p>\n","protected":false},"excerpt":{"rendered":"<p>Ekskluzywna seria zan\u0119t, wyprodukowana z najwy\u017cszej jako\u015bci wyselekcjonowanych sk\u0142adnik\u00f3w, wed\u0142ug receptury Piotra Lorenca, Mistrza Europy, indywidualnego Wicemistrza \u015awiata i dwukrotnego Mistrza Polski w w\u0119dkarstwie sp\u0142awikowym. Aromat, smak, granulacja oraz kolory zosta\u0142y perfekcyjnie dopasowane do upodoba\u0144 poszczeg\u00f3lnych gatunk\u00f3w ryb. Dopieszczona w ka\u017cdym calu, aby\u015bcie mogli Pa\u0144stwo odczu\u0107 t\u0119 pasj\u0119, kt\u00f3r\u0105 my czuli\u015bmy, tworz\u0105c produkty tej serii.<\/p>\n","protected":false},"featured_media":1550,"template":"","meta":[],"product_brand":[23],"product_cat":[19,18,42,41],"product_tag":[],"class_list":{"0":"post-358","1":"product","2":"type-product","3":"status-publish","4":"has-post-thumbnail","6":"product_brand-lorpio","7":"product_cat-grunt","8":"product_cat-splawik","9":"product_cat-zanety-klasyczne","10":"product_cat-zanety-przynety-dodatki-gliny","12":"first","13":"instock","14":"shipping-taxable","15":"purchasable","16":"product-type-simple"},"_links":{"self":[{"href":"https:\/\/kotlinafishing.pl\/index.php?rest_route=\/wp\/v2\/product\/358","targetHints":{"allow":["GET"]}}],"collection":[{"href":"https:\/\/kotlinafishing.pl\/index.php?rest_route=\/wp\/v2\/product"}],"about":[{"href":"https:\/\/kotlinafishing.pl\/index.php?rest_route=\/wp\/v2\/types\/product"}],"wp:featuredmedia":[{"embeddable":true,"href":"https:\/\/kotlinafishing.pl\/index.php?rest_route=\/wp\/v2\/media\/1550"}],"wp:attachment":[{"href":"https:\/\/kotlinafishing.pl\/index.php?rest_route=%2Fwp%2Fv2%2Fmedia&parent=358"}],"wp:term":[{"taxonomy":"product_brand","embeddable":true,"href":"https:\/\/kotlinafishing.pl\/index.php?rest_route=%2Fwp%2Fv2%2Fproduct_brand&post=358"},{"taxonomy":"product_cat","embeddable":true,"href":"https:\/\/kotlinafishing.pl\/index.php?rest_route=%2Fwp%2Fv2%2Fproduct_cat&post=358"},{"taxonomy":"product_tag","embeddable":true,"href":"https:\/\/kotlinafishing.pl\/index.php?rest_route=%2Fwp%2Fv2%2Fproduct_tag&post=358"}],"curies":[{"name":"wp","href":"https:\/\/api.w.org\/{rel}","templated":true}]}}