{"id":354,"date":"2025-09-02T15:52:43","date_gmt":"2025-09-02T13:52:43","guid":{"rendered":"http:\/\/kotlinafishing.pl\/?post_type=product&#038;p=354"},"modified":"2026-01-27T14:50:00","modified_gmt":"2026-01-27T13:50:00","slug":"354","status":"publish","type":"product","link":"https:\/\/kotlinafishing.pl\/?product=354","title":{"rendered":"Zan\u0119ta Champion Feed WONDER GOLD 2 kg"},"content":{"rendered":"<p><strong>WONDER GOLD<\/strong> to nowo\u015b\u0107 na 2023 rok. Jej receptura jest ewolucj\u0105 zan\u0119ty Wonder Black. R\u00f3\u017cnica jest istotna, bo dotyczy samej bazy, w kt\u00f3rej jest znacznie wi\u0119cej pieczywa i przede wszystkim biszkoptu.<\/p>\n<p>Co istotne Wonder Gold w przeciwie\u0144stwie do wi\u0119kszo\u015bci zan\u0119t Champion Feed nie posiada w swoim sk\u0142adzie \u017cadnych atraktor\u00f3w. Jej zapach wynika wy\u0142\u0105cznie z naturalnego aromatu u\u017cytych sk\u0142adnik\u00f3w. Najbardziej przebija si\u0119 niezwykle przyjemna s\u0142odycz biszkoptu (szczeg\u00f3lnie po namoczeniu), kt\u00f3ry jest produkowany wy\u0142\u0105cznie na potrzeby tej konkretnej zan\u0119ty i to jego smak i aromat s\u0105 jej najwi\u0119kszym atutem.<\/p>\n<p>Wonder Gold jest zan\u0119t\u0105 l\u017cejsz\u0105 od Wonder Black, jej konsystencja jest bardziej pulchna, mi\u0119kka, ale przy tym r\u00f3wnie klej\u0105ca (spoista).<\/p>\n<p><strong>Wonder Gold<\/strong> w czystej postaci idealnie sprawdzi si\u0119 jako uniwersalna kana\u0142owo-jeziorowa zan\u0119ta na wszelaki bia\u0142oryb, szczeg\u00f3lnie leszcze i kr\u0105pie. Jej sk\u0142ad i konsystencja b\u0119d\u0105 idealne tak\u017ce na \u0142owiska, w kt\u00f3rych przy\u0142owem lub dominuj\u0105c\u0105 ryb\u0105 s\u0105 karasie. Poza tym, ze wzgl\u0119du na prosty i neutralny sk\u0142ad b\u0119dzie idealnie komponowa\u0142a si\u0119 dos\u0142ownie z ka\u017cd\u0105 zan\u0119t\u0105. Jej rol\u0105 w mieszance b\u0119dzie os\u0142odzenie i nadanie bardziej pulchnej konsystencji, nie zmieniaj\u0105c przy tym spoisto\u015bci zan\u0119ty. \u015awietnie \u0142\u0105czy si\u0119 z Wonder Black, daj\u0105c super uniwersaln\u0105 mieszank\u0119, nieco l\u017cejsz\u0105 ni\u017c sam Wonder Black.<\/p>\n","protected":false},"excerpt":{"rendered":"<p><strong>WONDER GOLD<\/strong> to nowo\u015b\u0107 na 2023 rok. Jej receptura jest ewolucj\u0105 zan\u0119ty Wonder Black. R\u00f3\u017cnica jest istotna, bo dotyczy samej bazy, w kt\u00f3rej jest znacznie wi\u0119cej pieczywa i przede wszystkim biszkoptu.<\/p>\n<p>&nbsp;<\/p>\n","protected":false},"featured_media":1538,"template":"","meta":[],"product_brand":[30],"product_cat":[19,18,42,41],"product_tag":[],"class_list":{"0":"post-354","1":"product","2":"type-product","3":"status-publish","4":"has-post-thumbnail","6":"product_brand-champion-feed","7":"product_cat-grunt","8":"product_cat-splawik","9":"product_cat-zanety-klasyczne","10":"product_cat-zanety-przynety-dodatki-gliny","12":"first","13":"instock","14":"sale","15":"shipping-taxable","16":"purchasable","17":"product-type-simple"},"_links":{"self":[{"href":"https:\/\/kotlinafishing.pl\/index.php?rest_route=\/wp\/v2\/product\/354","targetHints":{"allow":["GET"]}}],"collection":[{"href":"https:\/\/kotlinafishing.pl\/index.php?rest_route=\/wp\/v2\/product"}],"about":[{"href":"https:\/\/kotlinafishing.pl\/index.php?rest_route=\/wp\/v2\/types\/product"}],"wp:featuredmedia":[{"embeddable":true,"href":"https:\/\/kotlinafishing.pl\/index.php?rest_route=\/wp\/v2\/media\/1538"}],"wp:attachment":[{"href":"https:\/\/kotlinafishing.pl\/index.php?rest_route=%2Fwp%2Fv2%2Fmedia&parent=354"}],"wp:term":[{"taxonomy":"product_brand","embeddable":true,"href":"https:\/\/kotlinafishing.pl\/index.php?rest_route=%2Fwp%2Fv2%2Fproduct_brand&post=354"},{"taxonomy":"product_cat","embeddable":true,"href":"https:\/\/kotlinafishing.pl\/index.php?rest_route=%2Fwp%2Fv2%2Fproduct_cat&post=354"},{"taxonomy":"product_tag","embeddable":true,"href":"https:\/\/kotlinafishing.pl\/index.php?rest_route=%2Fwp%2Fv2%2Fproduct_tag&post=354"}],"curies":[{"name":"wp","href":"https:\/\/api.w.org\/{rel}","templated":true}]}}