{"id":352,"date":"2025-09-02T15:48:23","date_gmt":"2025-09-02T13:48:23","guid":{"rendered":"http:\/\/kotlinafishing.pl\/?post_type=product&#038;p=352"},"modified":"2026-01-27T14:50:27","modified_gmt":"2026-01-27T13:50:27","slug":"zaneta-champion-feed-wonder-big-bream-2-kg","status":"publish","type":"product","link":"https:\/\/kotlinafishing.pl\/?product=zaneta-champion-feed-wonder-big-bream-2-kg","title":{"rendered":"Zan\u0119ta Champion Feed WONDER BIG BREAM 2 kg"},"content":{"rendered":"<p><strong>WONDER BIG BREAM<\/strong> \u2013 nazwa tej mieszanki jednoznacznie wskazuje na jej zastosowanie, czyli leszcze i inne du\u017ce ryby.<\/p>\n<p><strong>BIG BREAM<\/strong>\u00a0jest zupe\u0142nie inny ni\u017c pozosta\u0142e zan\u0119ty ChFeed. Posiada bardzo grube i zr\u00f3\u017cnicowane cz\u0105stki, wszystkie s\u0142odkie i po\u017cywne, oraz specyficzny s\u0142odki aromat.<\/p>\n<p>Smakuj\u0105c t\u0105 zan\u0119t\u0119 czu\u0107, \u017ce jej baza powsta\u0142a z\u00a0pokruszonych, pysznych ciastek. Jest to zan\u0119ta do\u015b\u0107 lekka do zastosowania\u00a0przede wszystkim na wodach sta\u0142ych i wolno p\u0142yn\u0105cych.<\/p>\n","protected":false},"excerpt":{"rendered":"<p><strong>WONDER BIG BREAM<\/strong> \u2013 nazwa tej mieszanki jednoznacznie wskazuje na jej zastosowanie, czyli leszcze i inne du\u017ce ryby.<\/p>\n<p><strong>BIG BREAM<\/strong>\u00a0jest zupe\u0142nie inny ni\u017c pozosta\u0142e zan\u0119ty ChFeed. Posiada bardzo grube i zr\u00f3\u017cnicowane cz\u0105stki, wszystkie s\u0142odkie i po\u017cywne, oraz specyficzny s\u0142odki aromat.<\/p>\n<p>Smakuj\u0105c t\u0105 zan\u0119t\u0119 czu\u0107, \u017ce jej baza powsta\u0142a z\u00a0pokruszonych, pysznych ciastek. Jest to zan\u0119ta do\u015b\u0107 lekka do zastosowania\u00a0przede wszystkim na wodach sta\u0142ych i wolno p\u0142yn\u0105cych.<\/p>\n","protected":false},"featured_media":1540,"template":"","meta":[],"product_brand":[30],"product_cat":[19,18,42,41],"product_tag":[],"class_list":{"0":"post-352","1":"product","2":"type-product","3":"status-publish","4":"has-post-thumbnail","6":"product_brand-champion-feed","7":"product_cat-grunt","8":"product_cat-splawik","9":"product_cat-zanety-klasyczne","10":"product_cat-zanety-przynety-dodatki-gliny","12":"first","13":"instock","14":"shipping-taxable","15":"purchasable","16":"product-type-simple"},"_links":{"self":[{"href":"https:\/\/kotlinafishing.pl\/index.php?rest_route=\/wp\/v2\/product\/352","targetHints":{"allow":["GET"]}}],"collection":[{"href":"https:\/\/kotlinafishing.pl\/index.php?rest_route=\/wp\/v2\/product"}],"about":[{"href":"https:\/\/kotlinafishing.pl\/index.php?rest_route=\/wp\/v2\/types\/product"}],"wp:featuredmedia":[{"embeddable":true,"href":"https:\/\/kotlinafishing.pl\/index.php?rest_route=\/wp\/v2\/media\/1540"}],"wp:attachment":[{"href":"https:\/\/kotlinafishing.pl\/index.php?rest_route=%2Fwp%2Fv2%2Fmedia&parent=352"}],"wp:term":[{"taxonomy":"product_brand","embeddable":true,"href":"https:\/\/kotlinafishing.pl\/index.php?rest_route=%2Fwp%2Fv2%2Fproduct_brand&post=352"},{"taxonomy":"product_cat","embeddable":true,"href":"https:\/\/kotlinafishing.pl\/index.php?rest_route=%2Fwp%2Fv2%2Fproduct_cat&post=352"},{"taxonomy":"product_tag","embeddable":true,"href":"https:\/\/kotlinafishing.pl\/index.php?rest_route=%2Fwp%2Fv2%2Fproduct_tag&post=352"}],"curies":[{"name":"wp","href":"https:\/\/api.w.org\/{rel}","templated":true}]}}