{"id":3519,"date":"2026-03-19T10:01:32","date_gmt":"2026-03-19T09:01:32","guid":{"rendered":"https:\/\/kotlinafishing.pl\/?post_type=product&#038;p=3519"},"modified":"2026-03-20T09:00:14","modified_gmt":"2026-03-20T08:00:14","slug":"melasa-brasem-lorpio-250ml","status":"publish","type":"product","link":"https:\/\/kotlinafishing.pl\/?product=melasa-brasem-lorpio-250ml","title":{"rendered":"Melasa Brasem Lorpio 250ml"},"content":{"rendered":"<p>Melasa to tradycyjny dodatek s\u0142odz\u0105cy, nadaj\u0105cy zan\u0119cie specyficzny aromat. Powszechnie u\u017cywany przy po\u0142owie leszcza. Melasa dost\u0119pna w postaci naturalnej oraz aromatyzowanej.<\/p>\n","protected":false},"excerpt":{"rendered":"<p>Melasa to tradycyjny dodatek s\u0142odz\u0105cy, nadaj\u0105cy zan\u0119cie specyficzny aromat. Powszechnie u\u017cywany przy po\u0142owie leszcza. Melasa dost\u0119pna w postaci naturalnej oraz aromatyzowanej.<\/p>\n","protected":false},"featured_media":3535,"template":"","meta":[],"product_brand":[23],"product_cat":[46,19,41],"product_tag":[],"class_list":{"0":"post-3519","1":"product","2":"type-product","3":"status-publish","4":"has-post-thumbnail","6":"product_brand-lorpio","7":"product_cat-dodatki-w-plynie","8":"product_cat-grunt","9":"product_cat-zanety-przynety-dodatki-gliny","10":"pa_marka-lorpio","12":"first","13":"instock","14":"shipping-taxable","15":"purchasable","16":"product-type-simple"},"_links":{"self":[{"href":"https:\/\/kotlinafishing.pl\/index.php?rest_route=\/wp\/v2\/product\/3519","targetHints":{"allow":["GET"]}}],"collection":[{"href":"https:\/\/kotlinafishing.pl\/index.php?rest_route=\/wp\/v2\/product"}],"about":[{"href":"https:\/\/kotlinafishing.pl\/index.php?rest_route=\/wp\/v2\/types\/product"}],"wp:featuredmedia":[{"embeddable":true,"href":"https:\/\/kotlinafishing.pl\/index.php?rest_route=\/wp\/v2\/media\/3535"}],"wp:attachment":[{"href":"https:\/\/kotlinafishing.pl\/index.php?rest_route=%2Fwp%2Fv2%2Fmedia&parent=3519"}],"wp:term":[{"taxonomy":"product_brand","embeddable":true,"href":"https:\/\/kotlinafishing.pl\/index.php?rest_route=%2Fwp%2Fv2%2Fproduct_brand&post=3519"},{"taxonomy":"product_cat","embeddable":true,"href":"https:\/\/kotlinafishing.pl\/index.php?rest_route=%2Fwp%2Fv2%2Fproduct_cat&post=3519"},{"taxonomy":"product_tag","embeddable":true,"href":"https:\/\/kotlinafishing.pl\/index.php?rest_route=%2Fwp%2Fv2%2Fproduct_tag&post=3519"}],"curies":[{"name":"wp","href":"https:\/\/api.w.org\/{rel}","templated":true}]}}