{"id":3518,"date":"2026-03-19T09:59:21","date_gmt":"2026-03-19T08:59:21","guid":{"rendered":"https:\/\/kotlinafishing.pl\/?post_type=product&#038;p=3518"},"modified":"2026-03-29T18:58:56","modified_gmt":"2026-03-29T16:58:56","slug":"melasa-naturalna-lorpio-250ml","status":"publish","type":"product","link":"https:\/\/kotlinafishing.pl\/?product=melasa-naturalna-lorpio-250ml","title":{"rendered":"Melasa Naturalna Lorpio 250ml"},"content":{"rendered":"<p>Melasa to tradycyjny dodatek s\u0142odz\u0105cy, nadaj\u0105cy zan\u0119cie specyficzny aromat. Powszechnie u\u017cywany przy po\u0142owie leszcza. Melasa dost\u0119pna w postaci naturalnej oraz aromatyzowanej.<\/p>\n","protected":false},"excerpt":{"rendered":"<p>Melasa to tradycyjny dodatek s\u0142odz\u0105cy, nadaj\u0105cy zan\u0119cie specyficzny aromat. Powszechnie u\u017cywany przy po\u0142owie leszcza. Melasa dost\u0119pna w postaci naturalnej oraz aromatyzowanej.<\/p>\n","protected":false},"featured_media":3538,"template":"","meta":[],"product_brand":[23],"product_cat":[46,19,41],"product_tag":[],"class_list":{"0":"post-3518","1":"product","2":"type-product","3":"status-publish","4":"has-post-thumbnail","6":"product_brand-lorpio","7":"product_cat-dodatki-w-plynie","8":"product_cat-grunt","9":"product_cat-zanety-przynety-dodatki-gliny","11":"first","12":"instock","13":"shipping-taxable","14":"purchasable","15":"product-type-simple"},"_links":{"self":[{"href":"https:\/\/kotlinafishing.pl\/index.php?rest_route=\/wp\/v2\/product\/3518","targetHints":{"allow":["GET"]}}],"collection":[{"href":"https:\/\/kotlinafishing.pl\/index.php?rest_route=\/wp\/v2\/product"}],"about":[{"href":"https:\/\/kotlinafishing.pl\/index.php?rest_route=\/wp\/v2\/types\/product"}],"wp:featuredmedia":[{"embeddable":true,"href":"https:\/\/kotlinafishing.pl\/index.php?rest_route=\/wp\/v2\/media\/3538"}],"wp:attachment":[{"href":"https:\/\/kotlinafishing.pl\/index.php?rest_route=%2Fwp%2Fv2%2Fmedia&parent=3518"}],"wp:term":[{"taxonomy":"product_brand","embeddable":true,"href":"https:\/\/kotlinafishing.pl\/index.php?rest_route=%2Fwp%2Fv2%2Fproduct_brand&post=3518"},{"taxonomy":"product_cat","embeddable":true,"href":"https:\/\/kotlinafishing.pl\/index.php?rest_route=%2Fwp%2Fv2%2Fproduct_cat&post=3518"},{"taxonomy":"product_tag","embeddable":true,"href":"https:\/\/kotlinafishing.pl\/index.php?rest_route=%2Fwp%2Fv2%2Fproduct_tag&post=3518"}],"curies":[{"name":"wp","href":"https:\/\/api.w.org\/{rel}","templated":true}]}}