{"id":3517,"date":"2026-03-19T09:52:50","date_gmt":"2026-03-19T08:52:50","guid":{"rendered":"https:\/\/kotlinafishing.pl\/?post_type=product&#038;p=3517"},"modified":"2026-03-20T23:00:18","modified_gmt":"2026-03-20T22:00:18","slug":"booster-goldzik-escafeeder","status":"publish","type":"product","link":"https:\/\/kotlinafishing.pl\/?product=booster-goldzik-escafeeder","title":{"rendered":"Booster Goldzik Escafeeder 50ml"},"content":{"rendered":"<p>Spray\u00a0<strong>GOLDZIK<\/strong>\u00a0to\u00a0rozwi\u0105zanie, kt\u00f3re pojawi\u0142o si\u0119 w\u00a0arsenale zawodnik\u00f3w nieprzypadkowo \u2013 najpierw na\u00a0trudnych, g\u0142\u0119bokich wodach w\u00a0Czechach, a\u00a0p\u00f3\u017aniej ponownie podczas Mistrzostw \u015awiata w\u00a0Portugalii 2025, gdzie wi\u0119kszo\u015b\u0107 czo\u0142owych ekip si\u0119ga\u0142a w\u0142a\u015bnie po\u00a0tego typu dodatki, aby skutecznie zwabi\u0107 ryby w\u00a0pole \u0142owienia.<\/p>\n<p>W\u00a0warunkach du\u017cych g\u0142\u0119boko\u015bci i\u00a0ostro\u017cnych, dzikich karpi liczy si\u0119 ka\u017cdy detal. GOLDZIK dzia\u0142a natychmiast po\u00a0u\u017cyciu \u2013 wystarczy jedno psikni\u0119cie na\u00a0za\u0142adowany podajnik, aby stworzy\u0107 intensywny, jasnozielony ob\u0142ok, kt\u00f3ry\u00a0jest bardzo widoczny w\u00a0wodzie i\u00a0d\u0142ugo utrzymuje si\u0119 na\u00a0zan\u0119cie.<\/p>\n<p>To\u00a0po\u0142\u0105czenie efektu wizualnego oraz\u00a0mocnego, s\u0142odkiego aromatu prowokuje ryby do\u00a0podej\u015bcia i\u00a0zatrzymania si\u0119 w\u00a0\u0142owisku, szczeg\u00f3lnie wtedy, gdy\u00a0standardowe n\u0119cenie nie\u00a0daje szybkiej reakcji.<\/p>\n<p>To\u00a0dodatek, po\u00a0kt\u00f3ry\u00a0warto si\u0119gn\u0105\u0107 zawsze wtedy, gdy\u00a0potrzebujesz mocniejszego bod\u017aca \u2013 w\u00a0zawodach, na\u00a0dzikich wodach i\u00a0w\u00a0sytuacjach, gdzie liczy si\u0119 przewaga detalu.<\/p>\n","protected":false},"excerpt":{"rendered":"<p>Spray\u00a0<strong>GOLDZIK<\/strong>\u00a0to\u00a0rozwi\u0105zanie, kt\u00f3re pojawi\u0142o si\u0119 w\u00a0arsenale zawodnik\u00f3w nieprzypadkowo \u2013 najpierw na\u00a0trudnych, g\u0142\u0119bokich wodach w\u00a0Czechach, a\u00a0p\u00f3\u017aniej ponownie podczas Mistrzostw \u015awiata w\u00a0Portugalii 2025, gdzie wi\u0119kszo\u015b\u0107 czo\u0142owych ekip si\u0119ga\u0142a w\u0142a\u015bnie po\u00a0tego typu dodatki, aby skutecznie zwabi\u0107 ryby w\u00a0pole \u0142owienia.<\/p>\n","protected":false},"featured_media":3534,"template":"","meta":[],"product_brand":[140],"product_cat":[320,19,41],"product_tag":[],"class_list":{"0":"post-3517","1":"product","2":"type-product","3":"status-publish","4":"has-post-thumbnail","6":"product_brand-escafeeder","7":"product_cat-boostery","8":"product_cat-grunt","9":"product_cat-zanety-przynety-dodatki-gliny","10":"pa_marka-escafeeder","12":"first","13":"instock","14":"shipping-taxable","15":"purchasable","16":"product-type-simple"},"_links":{"self":[{"href":"https:\/\/kotlinafishing.pl\/index.php?rest_route=\/wp\/v2\/product\/3517","targetHints":{"allow":["GET"]}}],"collection":[{"href":"https:\/\/kotlinafishing.pl\/index.php?rest_route=\/wp\/v2\/product"}],"about":[{"href":"https:\/\/kotlinafishing.pl\/index.php?rest_route=\/wp\/v2\/types\/product"}],"wp:featuredmedia":[{"embeddable":true,"href":"https:\/\/kotlinafishing.pl\/index.php?rest_route=\/wp\/v2\/media\/3534"}],"wp:attachment":[{"href":"https:\/\/kotlinafishing.pl\/index.php?rest_route=%2Fwp%2Fv2%2Fmedia&parent=3517"}],"wp:term":[{"taxonomy":"product_brand","embeddable":true,"href":"https:\/\/kotlinafishing.pl\/index.php?rest_route=%2Fwp%2Fv2%2Fproduct_brand&post=3517"},{"taxonomy":"product_cat","embeddable":true,"href":"https:\/\/kotlinafishing.pl\/index.php?rest_route=%2Fwp%2Fv2%2Fproduct_cat&post=3517"},{"taxonomy":"product_tag","embeddable":true,"href":"https:\/\/kotlinafishing.pl\/index.php?rest_route=%2Fwp%2Fv2%2Fproduct_tag&post=3517"}],"curies":[{"name":"wp","href":"https:\/\/api.w.org\/{rel}","templated":true}]}}