{"id":3516,"date":"2026-03-19T09:46:17","date_gmt":"2026-03-19T08:46:17","guid":{"rendered":"https:\/\/kotlinafishing.pl\/?post_type=product&#038;p=3516"},"modified":"2026-03-29T18:48:28","modified_gmt":"2026-03-29T16:48:28","slug":"escafeeder-skunks","status":"publish","type":"product","link":"https:\/\/kotlinafishing.pl\/?product=escafeeder-skunks","title":{"rendered":"Escafeeder Skunks"},"content":{"rendered":"<p>Przyn\u0119ta na\u00a0trudne warunki o\u015bwietleniowe, kiedy woda jest bardzo m\u0119tna i\u00a0ryby zmuszone s\u0105\u00a0do\u00a0intensywnego stosowania zmys\u0142u w\u0119chu. Takie momenty najcz\u0119\u015bciej zdarzaj\u0105 si\u0119 w\u00a0\u015brodku upalnego lata, kiedy widujemy intensywny zakwit glon\u00f3w. Zapach tej\u00a0przyn\u0119ty jest odra\u017caj\u0105cy dla ludzkiego nosa, ale\u00a0w\u00a0wodzie potrafi odmieni\u0107 dzie\u0144. Warto si\u0119 prze\u0142ama\u0107 i\u00a0trzyma\u0107 w\u00a0torbie Skunksa na\u00a0wypadek wyst\u0105pienia w\/w sytuacji. Z\u00a0do\u015bwiadczenia sugerujemy stosowa\u0107 bia\u0142ego skunska podczas nocnych zasiadek.<\/p>\n<p><strong>Rozmiar:<\/strong> 10mm<br \/>\n<strong>Opakowanie:<\/strong>\u00a050ml<br \/>\n<strong>Zapach:\u00a0<\/strong>odra\u017caj\u0105cy, trudny do\u00a0zdefiniowania<br \/>\n<strong>Kolor:<\/strong>\u00a0bia\u0142y i\u00a0r\u00f3\u017cowy<br \/>\n<strong>Stosowanie:<\/strong>\u00a0w\u00a0m\u0119tnej wodzie i\u00a0podczas \u0142owienia noc\u0105<\/p>\n","protected":false},"excerpt":{"rendered":"<p>Przyn\u0119ta na\u00a0trudne warunki o\u015bwietleniowe, kiedy woda jest bardzo m\u0119tna i\u00a0ryby zmuszone s\u0105\u00a0do\u00a0intensywnego stosowania zmys\u0142u w\u0119chu. Takie momenty najcz\u0119\u015bciej zdarzaj\u0105 si\u0119 w\u00a0\u015brodku upalnego lata, kiedy widujemy intensywny zakwit glon\u00f3w. Zapach tej\u00a0przyn\u0119ty jest odra\u017caj\u0105cy dla ludzkiego nosa, ale\u00a0w\u00a0wodzie potrafi odmieni\u0107 dzie\u0144. Warto si\u0119 prze\u0142ama\u0107 i\u00a0trzyma\u0107 w\u00a0torbie Skunksa na\u00a0wypadek wyst\u0105pienia w\/w sytuacji. Z\u00a0do\u015bwiadczenia sugerujemy stosowa\u0107 bia\u0142ego skunska podczas nocnych zasiadek.<\/p>\n","protected":false},"featured_media":3533,"template":"","meta":[],"product_brand":[140],"product_cat":[44,19,41],"product_tag":[],"class_list":{"0":"post-3516","1":"product","2":"type-product","3":"status-publish","4":"has-post-thumbnail","6":"product_brand-escafeeder","7":"product_cat-przynety-method-feeder","8":"product_cat-grunt","9":"product_cat-zanety-przynety-dodatki-gliny","10":"pa_marka-escafeeder","12":"first","13":"instock","14":"shipping-taxable","15":"purchasable","16":"product-type-simple"},"_links":{"self":[{"href":"https:\/\/kotlinafishing.pl\/index.php?rest_route=\/wp\/v2\/product\/3516","targetHints":{"allow":["GET"]}}],"collection":[{"href":"https:\/\/kotlinafishing.pl\/index.php?rest_route=\/wp\/v2\/product"}],"about":[{"href":"https:\/\/kotlinafishing.pl\/index.php?rest_route=\/wp\/v2\/types\/product"}],"wp:featuredmedia":[{"embeddable":true,"href":"https:\/\/kotlinafishing.pl\/index.php?rest_route=\/wp\/v2\/media\/3533"}],"wp:attachment":[{"href":"https:\/\/kotlinafishing.pl\/index.php?rest_route=%2Fwp%2Fv2%2Fmedia&parent=3516"}],"wp:term":[{"taxonomy":"product_brand","embeddable":true,"href":"https:\/\/kotlinafishing.pl\/index.php?rest_route=%2Fwp%2Fv2%2Fproduct_brand&post=3516"},{"taxonomy":"product_cat","embeddable":true,"href":"https:\/\/kotlinafishing.pl\/index.php?rest_route=%2Fwp%2Fv2%2Fproduct_cat&post=3516"},{"taxonomy":"product_tag","embeddable":true,"href":"https:\/\/kotlinafishing.pl\/index.php?rest_route=%2Fwp%2Fv2%2Fproduct_tag&post=3516"}],"curies":[{"name":"wp","href":"https:\/\/api.w.org\/{rel}","templated":true}]}}