{"id":3514,"date":"2026-03-19T09:38:14","date_gmt":"2026-03-19T08:38:14","guid":{"rendered":"https:\/\/kotlinafishing.pl\/?post_type=product&#038;p=3514"},"modified":"2026-03-29T18:49:06","modified_gmt":"2026-03-29T16:49:06","slug":"escafeeder-blady","status":"publish","type":"product","link":"https:\/\/kotlinafishing.pl\/?product=escafeeder-blady","title":{"rendered":"Escafeeder Blady"},"content":{"rendered":"<p>Waftersy\u00a0<strong>BLADY<\/strong>\u00a0to\u00a0przyn\u0119ty stworzone z\u00a0my\u015bl\u0105 o\u00a0trudniejszych warunkach \u0142owienia method feeder \u2013 wtedy, gdy\u00a0ryby s\u0105\u00a0ostro\u017cne, woda jest przejrzysta, a\u00a0presja na\u00a0\u0142owisku wysoka. Zamiast intensywnych, jaskrawych barw zastosowano tutaj trzy najskuteczniejsze kolory w\u00a0wersji BLADY, czyli wyblak\u0142ej (wypranej): pomara\u0144cz, r\u00f3\u017c i\u00a0\u017c\u00f3\u0142ty. Subtelna prezentacja bardzo cz\u0119sto daje przewag\u0119 tam, gdzie standardowe waftersy przestaj\u0105 dzia\u0142a\u0107.<\/p>\n<p>Przyn\u0119ty maj\u0105 sprawdzony kszta\u0142t i\u00a0wyporno\u015b\u0107, dzi\u0119ki czemu idealnie balansuj\u0105 zestaw i\u00a0zapewniaj\u0105 naturalne u\u0142o\u017cenie przyn\u0119ty przy haczyku.<\/p>\n<p>Seria BLADY mini to\u00a0przyn\u0119ty rekomendowane przez\u00a0Mistrza Polski w\u00a0Method Feeder \u2013 Marcina Kubalak, stworzone jako odpowied\u017a na\u00a0realne potrzeby \u0142owienia w\u00a0zawodniczych warunkach.<\/p>\n<p>Najlepsz\u0105 prezentacj\u0119 wafters\u00f3w uzyskamy montuj\u0105c je\u00a0na\u00a0bagnecie.<\/p>\n<p><strong>Rozmiar: <\/strong>10mm<br \/>\n<strong>Opakowanie:<\/strong>\u00a050ml<br \/>\n<strong>Zapach:<\/strong>\u00a0autorski zapach \u2013 makrela,gruszka<br \/>\n<strong>Kolor:<\/strong>\u00a0blady pomara\u0144cz, blady r\u00f3\u017c, blady \u017c\u00f3\u0142ty<br \/>\n<strong>Stosowanie:<\/strong>\u00a0przyn\u0119ty ca\u0142oroczne; szczeg\u00f3lnie skuteczne w\u00a0czystej wodzie i\u00a0przy delikatnych braniach<\/p>\n","protected":false},"excerpt":{"rendered":"<p>Waftersy\u00a0<strong>BLADY<\/strong>\u00a0to\u00a0przyn\u0119ty stworzone z\u00a0my\u015bl\u0105 o\u00a0trudniejszych warunkach \u0142owienia method feeder \u2013 wtedy, gdy\u00a0ryby s\u0105\u00a0ostro\u017cne, woda jest przejrzysta, a\u00a0presja na\u00a0\u0142owisku wysoka. Zamiast intensywnych, jaskrawych barw zastosowano tutaj trzy najskuteczniejsze kolory w\u00a0wersji BLADY, czyli wyblak\u0142ej (wypranej): pomara\u0144cz, r\u00f3\u017c i\u00a0\u017c\u00f3\u0142ty. Subtelna prezentacja bardzo cz\u0119sto daje przewag\u0119 tam, gdzie standardowe waftersy przestaj\u0105 dzia\u0142a\u0107.<\/p>\n","protected":false},"featured_media":3531,"template":"","meta":[],"product_brand":[140],"product_cat":[44,19,41],"product_tag":[],"class_list":{"0":"post-3514","1":"product","2":"type-product","3":"status-publish","4":"has-post-thumbnail","6":"product_brand-escafeeder","7":"product_cat-przynety-method-feeder","8":"product_cat-grunt","9":"product_cat-zanety-przynety-dodatki-gliny","10":"pa_marka-escafeeder","12":"first","13":"instock","14":"shipping-taxable","15":"purchasable","16":"product-type-simple"},"_links":{"self":[{"href":"https:\/\/kotlinafishing.pl\/index.php?rest_route=\/wp\/v2\/product\/3514","targetHints":{"allow":["GET"]}}],"collection":[{"href":"https:\/\/kotlinafishing.pl\/index.php?rest_route=\/wp\/v2\/product"}],"about":[{"href":"https:\/\/kotlinafishing.pl\/index.php?rest_route=\/wp\/v2\/types\/product"}],"wp:featuredmedia":[{"embeddable":true,"href":"https:\/\/kotlinafishing.pl\/index.php?rest_route=\/wp\/v2\/media\/3531"}],"wp:attachment":[{"href":"https:\/\/kotlinafishing.pl\/index.php?rest_route=%2Fwp%2Fv2%2Fmedia&parent=3514"}],"wp:term":[{"taxonomy":"product_brand","embeddable":true,"href":"https:\/\/kotlinafishing.pl\/index.php?rest_route=%2Fwp%2Fv2%2Fproduct_brand&post=3514"},{"taxonomy":"product_cat","embeddable":true,"href":"https:\/\/kotlinafishing.pl\/index.php?rest_route=%2Fwp%2Fv2%2Fproduct_cat&post=3514"},{"taxonomy":"product_tag","embeddable":true,"href":"https:\/\/kotlinafishing.pl\/index.php?rest_route=%2Fwp%2Fv2%2Fproduct_tag&post=3514"}],"curies":[{"name":"wp","href":"https:\/\/api.w.org\/{rel}","templated":true}]}}