{"id":3513,"date":"2026-03-19T09:35:36","date_gmt":"2026-03-19T08:35:36","guid":{"rendered":"https:\/\/kotlinafishing.pl\/?post_type=product&#038;p=3513"},"modified":"2026-03-31T20:32:22","modified_gmt":"2026-03-31T18:32:22","slug":"escafeeder-tiger-nut","status":"publish","type":"product","link":"https:\/\/kotlinafishing.pl\/?product=escafeeder-tiger-nut","title":{"rendered":"Escafeeder Tiger Nut"},"content":{"rendered":"<p>Nowy cz\u0142onek rodziny escafeeder, podw\u00f3jny kolor czyli niezast\u0105piona pomara\u0144cza i\u00a0diabelsko skuteczny br\u0105z a\u00a0do\u00a0tego bardzo przyjemny, s\u0142odki zapach orzecha tygrysiego to\u00a0po\u0142\u0105czenie, kt\u00f3re bez\u00a0w\u0105tpienia zrobi wiele zamieszania w\u00a0\u015bwiecie w\u0119dkarskim. Zapach orzecha tygrysiego to\u00a0podstawa w\u00a0w\u0119dkarstwie karpiowym, nie\u00a0bez\u00a0powodu! Najlepsz\u0105 prezentacj\u0119 wafters\u00f3w uzyskamy montuj\u0105c je\u00a0na\u00a0bagnecie.<\/p>\n<p><strong>Rozmiar: <\/strong>10mm<br \/>\n<strong>Opakowanie:<\/strong>\u00a050ml<br \/>\n<strong>Zapach: <\/strong>orzech tygrysi<br \/>\n<strong>Kolor:<\/strong>\u00a0pomara\u0144cz \/ br\u0105z<\/p>\n","protected":false},"excerpt":{"rendered":"<p>Nowy cz\u0142onek rodziny escafeeder, podw\u00f3jny kolor czyli niezast\u0105piona pomara\u0144cza i\u00a0diabelsko skuteczny br\u0105z a\u00a0do\u00a0tego bardzo przyjemny, s\u0142odki zapach orzecha tygrysiego to\u00a0po\u0142\u0105czenie, kt\u00f3re bez\u00a0w\u0105tpienia zrobi wiele zamieszania w\u00a0\u015bwiecie w\u0119dkarskim. Zapach orzecha tygrysiego to\u00a0podstawa w\u00a0w\u0119dkarstwie karpiowym, nie\u00a0bez\u00a0powodu! Najlepsz\u0105 prezentacj\u0119 wafters\u00f3w uzyskamy montuj\u0105c je\u00a0na\u00a0bagnecie.<\/p>\n","protected":false},"featured_media":3530,"template":"","meta":[],"product_brand":[140],"product_cat":[44,19,41],"product_tag":[],"class_list":{"0":"post-3513","1":"product","2":"type-product","3":"status-publish","4":"has-post-thumbnail","6":"product_brand-escafeeder","7":"product_cat-przynety-method-feeder","8":"product_cat-grunt","9":"product_cat-zanety-przynety-dodatki-gliny","10":"pa_marka-escafeeder","12":"first","13":"instock","14":"shipping-taxable","15":"purchasable","16":"product-type-simple"},"_links":{"self":[{"href":"https:\/\/kotlinafishing.pl\/index.php?rest_route=\/wp\/v2\/product\/3513","targetHints":{"allow":["GET"]}}],"collection":[{"href":"https:\/\/kotlinafishing.pl\/index.php?rest_route=\/wp\/v2\/product"}],"about":[{"href":"https:\/\/kotlinafishing.pl\/index.php?rest_route=\/wp\/v2\/types\/product"}],"wp:featuredmedia":[{"embeddable":true,"href":"https:\/\/kotlinafishing.pl\/index.php?rest_route=\/wp\/v2\/media\/3530"}],"wp:attachment":[{"href":"https:\/\/kotlinafishing.pl\/index.php?rest_route=%2Fwp%2Fv2%2Fmedia&parent=3513"}],"wp:term":[{"taxonomy":"product_brand","embeddable":true,"href":"https:\/\/kotlinafishing.pl\/index.php?rest_route=%2Fwp%2Fv2%2Fproduct_brand&post=3513"},{"taxonomy":"product_cat","embeddable":true,"href":"https:\/\/kotlinafishing.pl\/index.php?rest_route=%2Fwp%2Fv2%2Fproduct_cat&post=3513"},{"taxonomy":"product_tag","embeddable":true,"href":"https:\/\/kotlinafishing.pl\/index.php?rest_route=%2Fwp%2Fv2%2Fproduct_tag&post=3513"}],"curies":[{"name":"wp","href":"https:\/\/api.w.org\/{rel}","templated":true}]}}