{"id":351,"date":"2025-09-02T15:46:26","date_gmt":"2025-09-02T13:46:26","guid":{"rendered":"http:\/\/kotlinafishing.pl\/?post_type=product&#038;p=351"},"modified":"2026-01-27T14:50:37","modified_gmt":"2026-01-27T13:50:37","slug":"zaneta-champion-feed-worldcup-1-kg","status":"publish","type":"product","link":"https:\/\/kotlinafishing.pl\/?product=zaneta-champion-feed-worldcup-1-kg","title":{"rendered":"Zan\u0119ta Champion Feed WORLDCUP 1 KG"},"content":{"rendered":"<p><strong>WORLDCUP<\/strong> \u2013 zmielona niemal na py\u0142,\u00a0zdecydowanie \u201enajdelikatniejsza\u201d zan\u0119ta Champion Feed. Stworzona z my\u015bl\u0105 o najtrudniejszych \u0142owiskach i najbardziej wybrednych rybach. Tak jak Wonder Black \u2013 jest wybitnie uniwersalna.<\/p>\n","protected":false},"excerpt":{"rendered":"<p><strong>WORLDCUP<\/strong> \u2013 zmielona niemal na py\u0142,\u00a0zdecydowanie \u201enajdelikatniejsza\u201d zan\u0119ta Champion Feed. Stworzona z my\u015bl\u0105 o najtrudniejszych \u0142owiskach i najbardziej wybrednych rybach. Tak jak Wonder Black \u2013 jest wybitnie uniwersalna.<\/p>\n","protected":false},"featured_media":1541,"template":"","meta":[],"product_brand":[30],"product_cat":[19,18,42,41],"product_tag":[],"class_list":{"0":"post-351","1":"product","2":"type-product","3":"status-publish","4":"has-post-thumbnail","6":"product_brand-champion-feed","7":"product_cat-grunt","8":"product_cat-splawik","9":"product_cat-zanety-klasyczne","10":"product_cat-zanety-przynety-dodatki-gliny","12":"first","13":"instock","14":"shipping-taxable","15":"purchasable","16":"product-type-simple"},"_links":{"self":[{"href":"https:\/\/kotlinafishing.pl\/index.php?rest_route=\/wp\/v2\/product\/351","targetHints":{"allow":["GET"]}}],"collection":[{"href":"https:\/\/kotlinafishing.pl\/index.php?rest_route=\/wp\/v2\/product"}],"about":[{"href":"https:\/\/kotlinafishing.pl\/index.php?rest_route=\/wp\/v2\/types\/product"}],"wp:featuredmedia":[{"embeddable":true,"href":"https:\/\/kotlinafishing.pl\/index.php?rest_route=\/wp\/v2\/media\/1541"}],"wp:attachment":[{"href":"https:\/\/kotlinafishing.pl\/index.php?rest_route=%2Fwp%2Fv2%2Fmedia&parent=351"}],"wp:term":[{"taxonomy":"product_brand","embeddable":true,"href":"https:\/\/kotlinafishing.pl\/index.php?rest_route=%2Fwp%2Fv2%2Fproduct_brand&post=351"},{"taxonomy":"product_cat","embeddable":true,"href":"https:\/\/kotlinafishing.pl\/index.php?rest_route=%2Fwp%2Fv2%2Fproduct_cat&post=351"},{"taxonomy":"product_tag","embeddable":true,"href":"https:\/\/kotlinafishing.pl\/index.php?rest_route=%2Fwp%2Fv2%2Fproduct_tag&post=351"}],"curies":[{"name":"wp","href":"https:\/\/api.w.org\/{rel}","templated":true}]}}