{"id":3509,"date":"2026-03-19T09:26:56","date_gmt":"2026-03-19T08:26:56","guid":{"rendered":"https:\/\/kotlinafishing.pl\/?post_type=product&#038;p=3509"},"modified":"2026-03-29T18:50:17","modified_gmt":"2026-03-29T16:50:17","slug":"v4-mini-ananas-feeder-bait","status":"publish","type":"product","link":"https:\/\/kotlinafishing.pl\/?product=v4-mini-ananas-feeder-bait","title":{"rendered":"V4 Mini &#8211; Ananas &#8211; Feeder Bait"},"content":{"rendered":"<div class=\"def\" dir=\"auto\"><strong class=\"def\">Ma\u0142a Przyn\u0119ta V4mini Method Feeder \u2013 Zimna i Dzika Woda<\/strong><\/div>\n<div class=\"def\" dir=\"auto\">\n<div class=\"def\">\n<p class=\"def\"><strong class=\"def\">Opis produktu:<\/strong><\/p>\n<p class=\"def\" dir=\"auto\"><strong class=\"def\">Cechy produktu:<\/strong><\/p>\n<ul class=\"def\">\n<li class=\"def\">\n<p class=\"def\" dir=\"auto\">\u00a0<strong class=\"def\">Wielko\u015b\u0107 4 mm<\/strong>\u00a0\u2013 dobrze uk\u0142ada si\u0119 w podajniku, dobrze pracuje w wodzie, idealna podczas \u0142owienia ostro\u017cnych ryb.<\/p>\n<\/li>\n<li class=\"def\">\n<p class=\"def\">\u00a0<strong class=\"def\">Dopasowana do dzikich w\u00f3d<\/strong>\u00a0\u2013 skuteczna na ryby nieprzyzwyczajone do sztucznych aromat\u00f3w i nadmiernego n\u0119cenia.<\/p>\n<\/li>\n<li class=\"def\">\n<p class=\"def\">\u00a0<strong class=\"def\">Delikatny, naturalny zapach<\/strong>\u00a0\u2013 nie odstrasza ostro\u017cnych ryb w ch\u0142odnej wodzie, zach\u0119ca do \u017cerowania przez d\u0142u\u017cszy czas.<\/p>\n<\/li>\n<\/ul>\n<p class=\"def\"><strong class=\"def\">Zalecane zastosowanie:<\/strong><\/p>\n<ul class=\"def\">\n<li class=\"def\">\n<p class=\"def\" dir=\"auto\">Method Feeder na jeziorach, rzekach i stawach o niskiej aktywno\u015bci.<\/p>\n<\/li>\n<li class=\"def\">\n<p class=\"def\" dir=\"auto\">Skuteczna ca\u0142y rok na leszcze, p\u0142ocie, karasie, karpie i liny.<\/p>\n<\/li>\n<li class=\"def\">\n<p class=\"def\">Idealna na zim\u0119, przedwio\u015bnie i p\u00f3\u017an\u0105 jesie\u0144.<\/p>\n<\/li>\n<\/ul>\n<p class=\"def\" dir=\"auto\"><strong class=\"def\">Spos\u00f3b u\u017cycia:<\/strong> mocowanie na bagnet 4 mm<\/p>\n<\/div>\n<\/div>\n","protected":false},"excerpt":{"rendered":"<p>Specjalistyczna przyn\u0119ta Method Feeder w rozmiarze 4 mm, stworzona z my\u015bl\u0105 o \u0142owieniu w trudnych warunkach \u2013 zim\u0105 oraz na dzikich, s\u0142abo ucz\u0119szczanych wodach. Doskona\u0142a do method feeder, gdzie liczy si\u0119 precyzja i prowokacja.<\/p>\n","protected":false},"featured_media":3539,"template":"","meta":[],"product_brand":[317],"product_cat":[44,19,41],"product_tag":[],"class_list":{"0":"post-3509","1":"product","2":"type-product","3":"status-publish","4":"has-post-thumbnail","6":"product_brand-feeder-bait","7":"product_cat-przynety-method-feeder","8":"product_cat-grunt","9":"product_cat-zanety-przynety-dodatki-gliny","11":"first","12":"instock","13":"shipping-taxable","14":"purchasable","15":"product-type-simple"},"_links":{"self":[{"href":"https:\/\/kotlinafishing.pl\/index.php?rest_route=\/wp\/v2\/product\/3509","targetHints":{"allow":["GET"]}}],"collection":[{"href":"https:\/\/kotlinafishing.pl\/index.php?rest_route=\/wp\/v2\/product"}],"about":[{"href":"https:\/\/kotlinafishing.pl\/index.php?rest_route=\/wp\/v2\/types\/product"}],"wp:featuredmedia":[{"embeddable":true,"href":"https:\/\/kotlinafishing.pl\/index.php?rest_route=\/wp\/v2\/media\/3539"}],"wp:attachment":[{"href":"https:\/\/kotlinafishing.pl\/index.php?rest_route=%2Fwp%2Fv2%2Fmedia&parent=3509"}],"wp:term":[{"taxonomy":"product_brand","embeddable":true,"href":"https:\/\/kotlinafishing.pl\/index.php?rest_route=%2Fwp%2Fv2%2Fproduct_brand&post=3509"},{"taxonomy":"product_cat","embeddable":true,"href":"https:\/\/kotlinafishing.pl\/index.php?rest_route=%2Fwp%2Fv2%2Fproduct_cat&post=3509"},{"taxonomy":"product_tag","embeddable":true,"href":"https:\/\/kotlinafishing.pl\/index.php?rest_route=%2Fwp%2Fv2%2Fproduct_tag&post=3509"}],"curies":[{"name":"wp","href":"https:\/\/api.w.org\/{rel}","templated":true}]}}