{"id":3497,"date":"2026-03-19T08:28:24","date_gmt":"2026-03-19T07:28:24","guid":{"rendered":"https:\/\/kotlinafishing.pl\/?post_type=product&#038;p=3497"},"modified":"2026-03-31T20:17:35","modified_gmt":"2026-03-31T18:17:35","slug":"pellet-escafeeder-perfect-dynamic-2mm-800g","status":"publish","type":"product","link":"https:\/\/kotlinafishing.pl\/?product=pellet-escafeeder-perfect-dynamic-2mm-800g","title":{"rendered":"Pellet Escafeeder Perfect Dynamic 2mm 800g"},"content":{"rendered":"<p>Pellet Prerfect Dynamic 2mm \u2013 Pellet przeznaczony typowo do\u00a0\u0142owienia technik\u0105 method feeder. Bardzo \u0142atwy w\u00a0przygotowaniu, wystarczy wsypa\u0107 do\u00a0wody, odczeka\u0107 minimum 60 sekund i\u00a0wyj\u0105\u0107 a\u00a0nast\u0119pnie odstawi\u0107 na\u00a0minimum 30 minut, po\u00a0tym zabiegu jest gotowy do\u00a0u\u017cycia i\u00a0jego formowanie jest naprawd\u0119 bardzo proste. Barwa bardzo dobrze wp\u0142ywa na\u00a0ostro\u017cne ryby, jak wiadomo zdecydowana wi\u0119kszo\u015b\u0107 w\u00f3d posiada ciemne dno, dzi\u0119ki czemu pellet nie\u00a0wyr\u00f3\u017cnia si\u0119, a\u00a0jego zapach jak i\u00a0wysoka zawarto\u015b\u0107 bia\u0142ka (42,8%) bardzo dobrze wabi ryby.<\/p>\n<p>Najwi\u0119ksz\u0105 zalet\u0105 pelletu perfect dynamic jest jego praca, po\u00a0opadni\u0119ciu na\u00a0dno bardzo szybko pracuje i\u00a0\u201euwalnia\u201d przyn\u0119t\u0119, dzi\u0119ki czemu ch\u0119tnie si\u0119gaj\u0105 po\u00a0niego czo\u0142owi zawodnicy. Nie\u00a0wymaga dodawania zan\u0119ty, zdecydowanie lepszym rozwi\u0105zaniem jest u\u017cycie pelletu pracuj\u0105cego, kt\u00f3ry\u00a0ze\u00a0wzgl\u0119du na\u00a0sw\u00f3j charakter pracy wabi ryby z\u00a0toni, jednocze\u015bnie nie\u00a0zwabiaj\u0105c drobnych ryb. Je\u015bli ju\u017c u\u017cyjemy zan\u0119ty, zwr\u00f3\u0107my uwag\u0119 aby by\u0142a to\u00a0zan\u0119ta wysokiej jako\u015bci przeznaczona do\u00a0method feeder. Pellet pakowany jest w\u00a0woreczek strunowy wielokrotnego u\u017cytku.<\/p>\n","protected":false},"excerpt":{"rendered":"<p>Pellet Prerfect Dynamic 2mm \u2013 Pellet przeznaczony typowo do\u00a0\u0142owienia technik\u0105 method feeder. Bardzo \u0142atwy w\u00a0przygotowaniu, wystarczy wsypa\u0107 do\u00a0wody, odczeka\u0107 minimum 60 sekund i\u00a0wyj\u0105\u0107 a\u00a0nast\u0119pnie odstawi\u0107 na\u00a0minimum 30 minut, po\u00a0tym zabiegu jest gotowy do\u00a0u\u017cycia i\u00a0jego formowanie jest naprawd\u0119 bardzo proste. Barwa bardzo dobrze wp\u0142ywa na\u00a0ostro\u017cne ryby, jak wiadomo zdecydowana wi\u0119kszo\u015b\u0107 w\u00f3d posiada ciemne dno, dzi\u0119ki czemu pellet nie\u00a0wyr\u00f3\u017cnia si\u0119, a\u00a0jego zapach jak i\u00a0wysoka zawarto\u015b\u0107 bia\u0142ka (42,8%) bardzo dobrze wabi ryby.<\/p>\n","protected":false},"featured_media":3523,"template":"","meta":[],"product_brand":[140],"product_cat":[43,19,41],"product_tag":[],"class_list":{"0":"post-3497","1":"product","2":"type-product","3":"status-publish","4":"has-post-thumbnail","6":"product_brand-escafeeder","7":"product_cat-pellety-zanetowe","8":"product_cat-grunt","9":"product_cat-zanety-przynety-dodatki-gliny","10":"pa_marka-escafeeder","12":"first","13":"instock","14":"shipping-taxable","15":"purchasable","16":"product-type-simple"},"_links":{"self":[{"href":"https:\/\/kotlinafishing.pl\/index.php?rest_route=\/wp\/v2\/product\/3497","targetHints":{"allow":["GET"]}}],"collection":[{"href":"https:\/\/kotlinafishing.pl\/index.php?rest_route=\/wp\/v2\/product"}],"about":[{"href":"https:\/\/kotlinafishing.pl\/index.php?rest_route=\/wp\/v2\/types\/product"}],"wp:featuredmedia":[{"embeddable":true,"href":"https:\/\/kotlinafishing.pl\/index.php?rest_route=\/wp\/v2\/media\/3523"}],"wp:attachment":[{"href":"https:\/\/kotlinafishing.pl\/index.php?rest_route=%2Fwp%2Fv2%2Fmedia&parent=3497"}],"wp:term":[{"taxonomy":"product_brand","embeddable":true,"href":"https:\/\/kotlinafishing.pl\/index.php?rest_route=%2Fwp%2Fv2%2Fproduct_brand&post=3497"},{"taxonomy":"product_cat","embeddable":true,"href":"https:\/\/kotlinafishing.pl\/index.php?rest_route=%2Fwp%2Fv2%2Fproduct_cat&post=3497"},{"taxonomy":"product_tag","embeddable":true,"href":"https:\/\/kotlinafishing.pl\/index.php?rest_route=%2Fwp%2Fv2%2Fproduct_tag&post=3497"}],"curies":[{"name":"wp","href":"https:\/\/api.w.org\/{rel}","templated":true}]}}