{"id":3483,"date":"2026-03-17T08:56:57","date_gmt":"2026-03-17T07:56:57","guid":{"rendered":"https:\/\/kotlinafishing.pl\/?post_type=product&#038;p=3483"},"modified":"2026-03-17T23:11:03","modified_gmt":"2026-03-17T22:11:03","slug":"ciezarek-do-gruntowania-mikado-marker-lead-30g","status":"publish","type":"product","link":"https:\/\/kotlinafishing.pl\/?product=ciezarek-do-gruntowania-mikado-marker-lead-30g","title":{"rendered":"Ci\u0119\u017carek do gruntowania Mikado Marker Lead 30g"},"content":{"rendered":"<p>Prosty i zarazem niezwykle przydatny ci\u0119\u017carek do sondowania \u0142owiska w\u0119dziskami typu feeder. Niezb\u0119dny podczas startu w zawodach, oraz na nieznanych \u0142owiskach.<\/p>\n","protected":false},"excerpt":{"rendered":"<p>Prosty i zarazem niezwykle przydatny ci\u0119\u017carek do sondowania \u0142owiska w\u0119dziskami typu feeder. Niezb\u0119dny podczas startu w zawodach, oraz na nieznanych \u0142owiskach.<\/p>\n","protected":false},"featured_media":3494,"template":"","meta":[],"product_brand":[22],"product_cat":[70,312,19],"product_tag":[],"class_list":{"0":"post-3483","1":"product","2":"type-product","3":"status-publish","4":"has-post-thumbnail","6":"product_brand-mikado","7":"product_cat-akcesoria","8":"product_cat-gruntomierze-feederowe","9":"product_cat-grunt","10":"pa_marka-mikado","12":"first","13":"instock","14":"shipping-taxable","15":"purchasable","16":"product-type-simple"},"_links":{"self":[{"href":"https:\/\/kotlinafishing.pl\/index.php?rest_route=\/wp\/v2\/product\/3483","targetHints":{"allow":["GET"]}}],"collection":[{"href":"https:\/\/kotlinafishing.pl\/index.php?rest_route=\/wp\/v2\/product"}],"about":[{"href":"https:\/\/kotlinafishing.pl\/index.php?rest_route=\/wp\/v2\/types\/product"}],"wp:featuredmedia":[{"embeddable":true,"href":"https:\/\/kotlinafishing.pl\/index.php?rest_route=\/wp\/v2\/media\/3494"}],"wp:attachment":[{"href":"https:\/\/kotlinafishing.pl\/index.php?rest_route=%2Fwp%2Fv2%2Fmedia&parent=3483"}],"wp:term":[{"taxonomy":"product_brand","embeddable":true,"href":"https:\/\/kotlinafishing.pl\/index.php?rest_route=%2Fwp%2Fv2%2Fproduct_brand&post=3483"},{"taxonomy":"product_cat","embeddable":true,"href":"https:\/\/kotlinafishing.pl\/index.php?rest_route=%2Fwp%2Fv2%2Fproduct_cat&post=3483"},{"taxonomy":"product_tag","embeddable":true,"href":"https:\/\/kotlinafishing.pl\/index.php?rest_route=%2Fwp%2Fv2%2Fproduct_tag&post=3483"}],"curies":[{"name":"wp","href":"https:\/\/api.w.org\/{rel}","templated":true}]}}