{"id":348,"date":"2025-08-30T09:57:25","date_gmt":"2025-08-30T07:57:25","guid":{"rendered":"http:\/\/kotlinafishing.pl\/?post_type=product&#038;p=348"},"modified":"2026-02-20T18:39:24","modified_gmt":"2026-02-20T17:39:24","slug":"zaneta-champion-feed-f1-sweet-2-kg","status":"publish","type":"product","link":"https:\/\/kotlinafishing.pl\/?product=zaneta-champion-feed-f1-sweet-2-kg","title":{"rendered":"Zan\u0119ta Champion Feed F1 Sweet 2 kg"},"content":{"rendered":"<p>Zan\u0119ta Champion Feed F1 Sweet zawiera w swoim sk\u0142adzie znaczne ilo\u015bci m\u0105czki rybnej szczeg\u00f3lnie skutecznej w kontek\u015bcie n\u0119cenia karpi, lin\u00f3w, karasi, brzan i innych du\u017cych ryb. M\u0105czka rybna swoj\u0105 efektywno\u015b\u0107 uwidacznia przede wszystkim w \u0142owiskach komercyjnych oraz mniejszych stawach, na kt\u00f3rych popularne jest n\u0119cenie pelletami oraz zan\u0119tami z m\u0105czk\u0105 rybn\u0105.<\/p>\n<p>Aromat zan\u0119ty F1 to po\u0142\u0105czenie zapachu m\u0105czki rybnej i s\u0142odkiego dodatku tworz\u0105cego unikaln\u0105 kompozycj\u0119 skuteczn\u0105 przez ca\u0142y sezon. Dla \u0142owisk o naturalnym charakterze sugerujemy komponowa\u0107 je w po\u0142\u0105czeniu z tradycyjnymi zan\u0119tami Champion Feed. W \u0142owiskach obfituj\u0105cych w du\u017ce ryby lub dla uzyskania selektywnego charakteru mo\u017ce by\u0107 stosowana samodzielnie.<\/p>\n<p>F1 Sweet od F1 Sweet Dark r\u00f3\u017cni si\u0119 jedynie barw\u0105.<\/p>\n","protected":false},"excerpt":{"rendered":"<p>Zan\u0119ta Champion Feed F1 Sweet zawiera w swoim sk\u0142adzie znaczne ilo\u015bci m\u0105czki rybnej szczeg\u00f3lnie skutecznej w kontek\u015bcie n\u0119cenia karpi, lin\u00f3w, karasi, brzan i innych du\u017cych ryb. M\u0105czka rybna swoj\u0105 efektywno\u015b\u0107 uwidacznia przede wszystkim w \u0142owiskach komercyjnych oraz mniejszych stawach, na kt\u00f3rych popularne jest n\u0119cenie pelletami oraz zan\u0119tami z m\u0105czk\u0105 rybn\u0105.<\/p>\n<p>Aromat zan\u0119ty F1 to po\u0142\u0105czenie zapachu m\u0105czki rybnej i s\u0142odkiego dodatku tworz\u0105cego unikaln\u0105 kompozycj\u0119 skuteczn\u0105 przez ca\u0142y sezon. Dla \u0142owisk o naturalnym charakterze sugerujemy komponowa\u0107 je w po\u0142\u0105czeniu z tradycyjnymi zan\u0119tami Champion Feed. W \u0142owiskach obfituj\u0105cych w du\u017ce ryby lub dla uzyskania selektywnego charakteru mo\u017ce by\u0107 stosowana samodzielnie.<\/p>\n<p>F1 Sweet od F1 Sweet Dark r\u00f3\u017cni si\u0119 jedynie barw\u0105.<\/p>\n","protected":false},"featured_media":2932,"template":"","meta":[],"product_brand":[30],"product_cat":[59,19,18,42,41],"product_tag":[],"class_list":{"0":"post-348","1":"product","2":"type-product","3":"status-publish","4":"has-post-thumbnail","6":"product_brand-champion-feed","7":"product_cat-method-mixy","8":"product_cat-grunt","9":"product_cat-splawik","10":"product_cat-zanety-klasyczne","11":"product_cat-zanety-przynety-dodatki-gliny","13":"first","14":"instock","15":"shipping-taxable","16":"purchasable","17":"product-type-simple"},"_links":{"self":[{"href":"https:\/\/kotlinafishing.pl\/index.php?rest_route=\/wp\/v2\/product\/348","targetHints":{"allow":["GET"]}}],"collection":[{"href":"https:\/\/kotlinafishing.pl\/index.php?rest_route=\/wp\/v2\/product"}],"about":[{"href":"https:\/\/kotlinafishing.pl\/index.php?rest_route=\/wp\/v2\/types\/product"}],"wp:featuredmedia":[{"embeddable":true,"href":"https:\/\/kotlinafishing.pl\/index.php?rest_route=\/wp\/v2\/media\/2932"}],"wp:attachment":[{"href":"https:\/\/kotlinafishing.pl\/index.php?rest_route=%2Fwp%2Fv2%2Fmedia&parent=348"}],"wp:term":[{"taxonomy":"product_brand","embeddable":true,"href":"https:\/\/kotlinafishing.pl\/index.php?rest_route=%2Fwp%2Fv2%2Fproduct_brand&post=348"},{"taxonomy":"product_cat","embeddable":true,"href":"https:\/\/kotlinafishing.pl\/index.php?rest_route=%2Fwp%2Fv2%2Fproduct_cat&post=348"},{"taxonomy":"product_tag","embeddable":true,"href":"https:\/\/kotlinafishing.pl\/index.php?rest_route=%2Fwp%2Fv2%2Fproduct_tag&post=348"}],"curies":[{"name":"wp","href":"https:\/\/api.w.org\/{rel}","templated":true}]}}