{"id":3476,"date":"2026-03-17T08:24:18","date_gmt":"2026-03-17T07:24:18","guid":{"rendered":"https:\/\/kotlinafishing.pl\/?post_type=product&#038;p=3476"},"modified":"2026-03-17T23:07:39","modified_gmt":"2026-03-17T22:07:39","slug":"gruntomierz-z-pianka-mikado-10g-op-1szt","status":"publish","type":"product","link":"https:\/\/kotlinafishing.pl\/?product=gruntomierz-z-pianka-mikado-10g-op-1szt","title":{"rendered":"Gruntomierz z piank\u0105 Mikado 10g (op. 1szt.)"},"content":{"rendered":"<p>O\u0142owiane gruntomierze polecane do sondowania \u0142owiska przy po\u0142owach ze sp\u0142awikiem w wodach stoj\u0105cych i p\u0142yn\u0105cych przy \u015brednich i du\u017cych uci\u0105gach.<\/p>\n","protected":false},"excerpt":{"rendered":"<p>O\u0142owiane gruntomierze polecane do sondowania \u0142owiska przy po\u0142owach ze sp\u0142awikiem w wodach stoj\u0105cych i p\u0142yn\u0105cych przy \u015brednich i du\u017cych uci\u0105gach.<\/p>\n","protected":false},"featured_media":3492,"template":"","meta":[],"product_brand":[22],"product_cat":[70,311,19],"product_tag":[],"class_list":{"0":"post-3476","1":"product","2":"type-product","3":"status-publish","4":"has-post-thumbnail","6":"product_brand-mikado","7":"product_cat-akcesoria","8":"product_cat-gruntomierze","9":"product_cat-grunt","10":"pa_marka-mikado","12":"first","13":"instock","14":"shipping-taxable","15":"purchasable","16":"product-type-simple"},"_links":{"self":[{"href":"https:\/\/kotlinafishing.pl\/index.php?rest_route=\/wp\/v2\/product\/3476","targetHints":{"allow":["GET"]}}],"collection":[{"href":"https:\/\/kotlinafishing.pl\/index.php?rest_route=\/wp\/v2\/product"}],"about":[{"href":"https:\/\/kotlinafishing.pl\/index.php?rest_route=\/wp\/v2\/types\/product"}],"wp:featuredmedia":[{"embeddable":true,"href":"https:\/\/kotlinafishing.pl\/index.php?rest_route=\/wp\/v2\/media\/3492"}],"wp:attachment":[{"href":"https:\/\/kotlinafishing.pl\/index.php?rest_route=%2Fwp%2Fv2%2Fmedia&parent=3476"}],"wp:term":[{"taxonomy":"product_brand","embeddable":true,"href":"https:\/\/kotlinafishing.pl\/index.php?rest_route=%2Fwp%2Fv2%2Fproduct_brand&post=3476"},{"taxonomy":"product_cat","embeddable":true,"href":"https:\/\/kotlinafishing.pl\/index.php?rest_route=%2Fwp%2Fv2%2Fproduct_cat&post=3476"},{"taxonomy":"product_tag","embeddable":true,"href":"https:\/\/kotlinafishing.pl\/index.php?rest_route=%2Fwp%2Fv2%2Fproduct_tag&post=3476"}],"curies":[{"name":"wp","href":"https:\/\/api.w.org\/{rel}","templated":true}]}}