{"id":347,"date":"2025-08-30T09:55:16","date_gmt":"2025-08-30T07:55:16","guid":{"rendered":"http:\/\/kotlinafishing.pl\/?post_type=product&#038;p=347"},"modified":"2026-01-27T14:52:00","modified_gmt":"2026-01-27T13:52:00","slug":"zaneta-champion-feed-brasem-zilver-1-kg","status":"publish","type":"product","link":"https:\/\/kotlinafishing.pl\/?product=zaneta-champion-feed-brasem-zilver-1-kg","title":{"rendered":"Zan\u0119ta Champion Feed BRASEM ZILVER 1 kg"},"content":{"rendered":"<p>Kapitalna, niezwyk\u0142ej jako\u015bci zawodnicza zan\u0119ta do n\u0119cenia kr\u0105pi i leszczy w wodach z bogatym rybostanem. Jej baz\u0119 stanowi s\u0142odkie, syropowane pieczywo cukiernicze i grubo mielona czekolada, a ca\u0142o\u015b\u0107 zosta\u0142a doprawiona karmelowym aromatem. W praktyce jest to \u017c\u00f3\u0142ta, bardzo tre\u015bciwa, ci\u0119\u017cka i klej\u0105ca mieszanka. W czystej postaci powinna by\u0107 stosowana wy\u0142\u0105cznie na szybko p\u0142yn\u0105ce rzeki. Je\u015bli uci\u0105g wody jest umiarkowany lub niewielki najlepiej komponowa\u0107 j\u0105 z zan\u0119t\u0105 Speedo lub Wonder Black\/Bronze.<\/p>\n","protected":false},"excerpt":{"rendered":"<p>Kapitalna, niezwyk\u0142ej jako\u015bci zawodnicza zan\u0119ta do n\u0119cenia kr\u0105pi i leszczy w wodach z bogatym rybostanem. Jej baz\u0119 stanowi s\u0142odkie, syropowane pieczywo cukiernicze i grubo mielona czekolada, a ca\u0142o\u015b\u0107 zosta\u0142a doprawiona karmelowym aromatem. W praktyce jest to \u017c\u00f3\u0142ta, bardzo tre\u015bciwa, ci\u0119\u017cka i klej\u0105ca mieszanka. W czystej postaci powinna by\u0107 stosowana wy\u0142\u0105cznie na szybko p\u0142yn\u0105ce rzeki. Je\u015bli uci\u0105g wody jest umiarkowany lub niewielki najlepiej komponowa\u0107 j\u0105 z zan\u0119t\u0105 Speedo lub Wonder Black\/Bronze.<\/p>\n","protected":false},"featured_media":1544,"template":"","meta":[],"product_brand":[30],"product_cat":[19,18,42,41],"product_tag":[],"class_list":{"0":"post-347","1":"product","2":"type-product","3":"status-publish","4":"has-post-thumbnail","6":"product_brand-champion-feed","7":"product_cat-grunt","8":"product_cat-splawik","9":"product_cat-zanety-klasyczne","10":"product_cat-zanety-przynety-dodatki-gliny","12":"first","13":"instock","14":"shipping-taxable","15":"purchasable","16":"product-type-simple"},"_links":{"self":[{"href":"https:\/\/kotlinafishing.pl\/index.php?rest_route=\/wp\/v2\/product\/347","targetHints":{"allow":["GET"]}}],"collection":[{"href":"https:\/\/kotlinafishing.pl\/index.php?rest_route=\/wp\/v2\/product"}],"about":[{"href":"https:\/\/kotlinafishing.pl\/index.php?rest_route=\/wp\/v2\/types\/product"}],"wp:featuredmedia":[{"embeddable":true,"href":"https:\/\/kotlinafishing.pl\/index.php?rest_route=\/wp\/v2\/media\/1544"}],"wp:attachment":[{"href":"https:\/\/kotlinafishing.pl\/index.php?rest_route=%2Fwp%2Fv2%2Fmedia&parent=347"}],"wp:term":[{"taxonomy":"product_brand","embeddable":true,"href":"https:\/\/kotlinafishing.pl\/index.php?rest_route=%2Fwp%2Fv2%2Fproduct_brand&post=347"},{"taxonomy":"product_cat","embeddable":true,"href":"https:\/\/kotlinafishing.pl\/index.php?rest_route=%2Fwp%2Fv2%2Fproduct_cat&post=347"},{"taxonomy":"product_tag","embeddable":true,"href":"https:\/\/kotlinafishing.pl\/index.php?rest_route=%2Fwp%2Fv2%2Fproduct_tag&post=347"}],"curies":[{"name":"wp","href":"https:\/\/api.w.org\/{rel}","templated":true}]}}