{"id":3465,"date":"2026-03-16T11:10:34","date_gmt":"2026-03-16T10:10:34","guid":{"rendered":"https:\/\/kotlinafishing.pl\/?post_type=product&#038;p=3465"},"modified":"2026-03-16T22:48:52","modified_gmt":"2026-03-16T21:48:52","slug":"rurki-antysplataniowe-plastikowe-delphin-proste-op-5szt","status":"publish","type":"product","link":"https:\/\/kotlinafishing.pl\/?product=rurki-antysplataniowe-plastikowe-delphin-proste-op-5szt","title":{"rendered":"Rurka antyspl\u0105taniowa plastikowa Delphin &#8211; prosta (op.5szt)"},"content":{"rendered":"<p>Rurka antyspl\u0105ntaniowa do metody wykonany jest z zmi\u0119kczonego tworzywa sztucznego, co jest bardzo dobre ze wzgl\u0119du na doskona\u0142\u0105 elastyczno\u015b\u0107, a jednocze\u015bnie jest wystarczaj\u0105co sztywne. Dzi\u0119ki temu materia\u0142owi mo\u017cna u\u017cywa\u0107 rurk\u0119 w bardzo zimnej wodzie bez ryzyka uszkodzenia. Koszyczek zamocowany jest na rurce za pomoc\u0105 karabi\u0144czyka, kt\u00f3ry porusza si\u0119 na oczku ze stali spr\u0119\u017cynowej. W rezultacie obraca si\u0119 bardzo dobrze wok\u00f3\u0142 osi rury i zapobiega pl\u0105taniu si\u0119 zespo\u0142u. Na obu ko\u0144cach rury znajduj\u0105 si\u0119 mi\u0119kkie plastikowe stopki. Uchwyt ten charakteryzuje si\u0119 wysokim stopniem elastyczno\u015bci, co zapewnia du\u017c\u0105 no\u015bno\u015b\u0107. W opakowaniu znajduje si\u0119 5 rurek.<\/p>\n","protected":false},"excerpt":{"rendered":"<p>Rurka antyspl\u0105ntaniowa do metody wykonany jest z zmi\u0119kczonego tworzywa sztucznego, co jest bardzo dobre ze wzgl\u0119du na doskona\u0142\u0105 elastyczno\u015b\u0107, a jednocze\u015bnie jest wystarczaj\u0105co sztywne. Dzi\u0119ki temu materia\u0142owi mo\u017cna u\u017cywa\u0107 rurk\u0119 w bardzo zimnej wodzie bez ryzyka uszkodzenia. Koszyczek zamocowany jest na rurce za pomoc\u0105 karabi\u0144czyka, kt\u00f3ry porusza si\u0119 na oczku ze stali spr\u0119\u017cynowej. W rezultacie obraca si\u0119 bardzo dobrze wok\u00f3\u0142 osi rury i zapobiega pl\u0105taniu si\u0119 zespo\u0142u. Na obu ko\u0144cach rury znajduj\u0105 si\u0119 mi\u0119kkie plastikowe stopki. Uchwyt ten charakteryzuje si\u0119 wysokim stopniem elastyczno\u015bci, co zapewnia du\u017c\u0105 no\u015bno\u015b\u0107. W opakowaniu znajduje si\u0119 5 rurek.<\/p>\n","protected":false},"featured_media":3466,"template":"","meta":[],"product_brand":[97],"product_cat":[70,310,19],"product_tag":[],"class_list":{"0":"post-3465","1":"product","2":"type-product","3":"status-publish","4":"has-post-thumbnail","6":"product_brand-delphin","7":"product_cat-akcesoria","8":"product_cat-rurki-antysplataniowe","9":"product_cat-grunt","11":"first","12":"instock","13":"shipping-taxable","14":"purchasable","15":"product-type-simple"},"_links":{"self":[{"href":"https:\/\/kotlinafishing.pl\/index.php?rest_route=\/wp\/v2\/product\/3465","targetHints":{"allow":["GET"]}}],"collection":[{"href":"https:\/\/kotlinafishing.pl\/index.php?rest_route=\/wp\/v2\/product"}],"about":[{"href":"https:\/\/kotlinafishing.pl\/index.php?rest_route=\/wp\/v2\/types\/product"}],"wp:featuredmedia":[{"embeddable":true,"href":"https:\/\/kotlinafishing.pl\/index.php?rest_route=\/wp\/v2\/media\/3466"}],"wp:attachment":[{"href":"https:\/\/kotlinafishing.pl\/index.php?rest_route=%2Fwp%2Fv2%2Fmedia&parent=3465"}],"wp:term":[{"taxonomy":"product_brand","embeddable":true,"href":"https:\/\/kotlinafishing.pl\/index.php?rest_route=%2Fwp%2Fv2%2Fproduct_brand&post=3465"},{"taxonomy":"product_cat","embeddable":true,"href":"https:\/\/kotlinafishing.pl\/index.php?rest_route=%2Fwp%2Fv2%2Fproduct_cat&post=3465"},{"taxonomy":"product_tag","embeddable":true,"href":"https:\/\/kotlinafishing.pl\/index.php?rest_route=%2Fwp%2Fv2%2Fproduct_tag&post=3465"}],"curies":[{"name":"wp","href":"https:\/\/api.w.org\/{rel}","templated":true}]}}