{"id":3462,"date":"2026-03-16T10:59:21","date_gmt":"2026-03-16T09:59:21","guid":{"rendered":"https:\/\/kotlinafishing.pl\/?post_type=product&#038;p=3462"},"modified":"2026-03-16T22:46:28","modified_gmt":"2026-03-16T21:46:28","slug":"rurka-antysplataniowa-plastikowa-mikado-op-3szt","status":"publish","type":"product","link":"https:\/\/kotlinafishing.pl\/?product=rurka-antysplataniowa-plastikowa-mikado-op-3szt","title":{"rendered":"Rurka antyspl\u0105taniowa plastikowa Mikado 10cm (op. 3szt.)"},"content":{"rendered":"<p>Oferowane w 4 d\u0142ugo\u015bciach systemy zapobiegaj\u0105ce pl\u0105taniu \u017cy\u0142ki podczas \u0142owienia pickerem czy feederem. Wytworzone z tworzywa sztucznego.<\/p>\n","protected":false},"excerpt":{"rendered":"<p>Oferowane w 4 d\u0142ugo\u015bciach systemy zapobiegaj\u0105ce pl\u0105taniu \u017cy\u0142ki podczas \u0142owienia pickerem czy feederem. Wytworzone z tworzywa sztucznego.<\/p>\n","protected":false},"featured_media":3467,"template":"","meta":[],"product_brand":[22],"product_cat":[70,310,19],"product_tag":[],"class_list":{"0":"post-3462","1":"product","2":"type-product","3":"status-publish","4":"has-post-thumbnail","6":"product_brand-mikado","7":"product_cat-akcesoria","8":"product_cat-rurki-antysplataniowe","9":"product_cat-grunt","10":"pa_marka-mikado","12":"first","13":"instock","14":"shipping-taxable","15":"purchasable","16":"product-type-simple"},"_links":{"self":[{"href":"https:\/\/kotlinafishing.pl\/index.php?rest_route=\/wp\/v2\/product\/3462","targetHints":{"allow":["GET"]}}],"collection":[{"href":"https:\/\/kotlinafishing.pl\/index.php?rest_route=\/wp\/v2\/product"}],"about":[{"href":"https:\/\/kotlinafishing.pl\/index.php?rest_route=\/wp\/v2\/types\/product"}],"wp:featuredmedia":[{"embeddable":true,"href":"https:\/\/kotlinafishing.pl\/index.php?rest_route=\/wp\/v2\/media\/3467"}],"wp:attachment":[{"href":"https:\/\/kotlinafishing.pl\/index.php?rest_route=%2Fwp%2Fv2%2Fmedia&parent=3462"}],"wp:term":[{"taxonomy":"product_brand","embeddable":true,"href":"https:\/\/kotlinafishing.pl\/index.php?rest_route=%2Fwp%2Fv2%2Fproduct_brand&post=3462"},{"taxonomy":"product_cat","embeddable":true,"href":"https:\/\/kotlinafishing.pl\/index.php?rest_route=%2Fwp%2Fv2%2Fproduct_cat&post=3462"},{"taxonomy":"product_tag","embeddable":true,"href":"https:\/\/kotlinafishing.pl\/index.php?rest_route=%2Fwp%2Fv2%2Fproduct_tag&post=3462"}],"curies":[{"name":"wp","href":"https:\/\/api.w.org\/{rel}","templated":true}]}}