{"id":3461,"date":"2026-03-16T10:56:17","date_gmt":"2026-03-16T09:56:17","guid":{"rendered":"https:\/\/kotlinafishing.pl\/?post_type=product&#038;p=3461"},"modified":"2026-03-16T22:48:23","modified_gmt":"2026-03-16T21:48:23","slug":"rurka-antysplataniowa-metalowa-mikado-10cm-op-3szt","status":"publish","type":"product","link":"https:\/\/kotlinafishing.pl\/?product=rurka-antysplataniowa-metalowa-mikado-10cm-op-3szt","title":{"rendered":"Rurka antyspl\u0105taniowa metalowa Mikado 10cm (op. 3szt.)"},"content":{"rendered":"<p>Oferowane w 3 wielko\u015bciach metalowe rurki zapobiegaj\u0105ce pl\u0105taniu \u017cy\u0142ki podczas \u0142owienia pickerem czy feederem. Kolor srebrny wyposa\u017cone w agrafk\u0119. Wykonane z mosi\u0105dzu.<\/p>\n","protected":false},"excerpt":{"rendered":"<p>Oferowane w 3 wielko\u015bciach metalowe rurki zapobiegaj\u0105ce pl\u0105taniu \u017cy\u0142ki podczas \u0142owienia pickerem czy feederem. Kolor srebrny wyposa\u017cone w agrafk\u0119. Wykonane z mosi\u0105dzu.<\/p>\n","protected":false},"featured_media":3468,"template":"","meta":[],"product_brand":[22],"product_cat":[70,310,19],"product_tag":[],"class_list":{"0":"post-3461","1":"product","2":"type-product","3":"status-publish","4":"has-post-thumbnail","6":"product_brand-mikado","7":"product_cat-akcesoria","8":"product_cat-rurki-antysplataniowe","9":"product_cat-grunt","11":"first","12":"instock","13":"shipping-taxable","14":"purchasable","15":"product-type-simple"},"_links":{"self":[{"href":"https:\/\/kotlinafishing.pl\/index.php?rest_route=\/wp\/v2\/product\/3461","targetHints":{"allow":["GET"]}}],"collection":[{"href":"https:\/\/kotlinafishing.pl\/index.php?rest_route=\/wp\/v2\/product"}],"about":[{"href":"https:\/\/kotlinafishing.pl\/index.php?rest_route=\/wp\/v2\/types\/product"}],"wp:featuredmedia":[{"embeddable":true,"href":"https:\/\/kotlinafishing.pl\/index.php?rest_route=\/wp\/v2\/media\/3468"}],"wp:attachment":[{"href":"https:\/\/kotlinafishing.pl\/index.php?rest_route=%2Fwp%2Fv2%2Fmedia&parent=3461"}],"wp:term":[{"taxonomy":"product_brand","embeddable":true,"href":"https:\/\/kotlinafishing.pl\/index.php?rest_route=%2Fwp%2Fv2%2Fproduct_brand&post=3461"},{"taxonomy":"product_cat","embeddable":true,"href":"https:\/\/kotlinafishing.pl\/index.php?rest_route=%2Fwp%2Fv2%2Fproduct_cat&post=3461"},{"taxonomy":"product_tag","embeddable":true,"href":"https:\/\/kotlinafishing.pl\/index.php?rest_route=%2Fwp%2Fv2%2Fproduct_tag&post=3461"}],"curies":[{"name":"wp","href":"https:\/\/api.w.org\/{rel}","templated":true}]}}