{"id":342,"date":"2025-08-30T09:51:33","date_gmt":"2025-08-30T07:51:33","guid":{"rendered":"http:\/\/kotlinafishing.pl\/?post_type=product&#038;p=342"},"modified":"2026-02-20T18:43:24","modified_gmt":"2026-02-20T17:43:24","slug":"ttx-fine-champion-feed-1-kg","status":"publish","type":"product","link":"https:\/\/kotlinafishing.pl\/?product=ttx-fine-champion-feed-1-kg","title":{"rendered":"TTX FINE Champion Feed 1 kg"},"content":{"rendered":"<p>Drobno mielony wyt\u0142ok kukurydziany. Bazowy, najwa\u017cniejszy\u00a0komponent ci\u0119\u017ckich zan\u0119t na leszcze, kr\u0105pie i ryby rzeczne. Bardzo mocno skleja zan\u0119t\u0119 i powoli uwalnia jej sk\u0142adniki w wodzie.<\/p>\n<p>Na wody stoj\u0105ce stosowa\u0107 do 20%. Na rzeki nawet 50% sk\u0142adu mieszanki.<\/p>\n","protected":false},"excerpt":{"rendered":"<p>Drobno mielony wyt\u0142ok kukurydziany. Bazowy, najwa\u017cniejszy\u00a0komponent ci\u0119\u017ckich zan\u0119t na leszcze, kr\u0105pie i ryby rzeczne. Bardzo mocno skleja zan\u0119t\u0119 i powoli uwalnia jej sk\u0142adniki w wodzie.<\/p>\n<p>Na wody stoj\u0105ce stosowa\u0107 do 20%. Na rzeki nawet 50% sk\u0142adu mieszanki.<\/p>\n","protected":false},"featured_media":2935,"template":"","meta":[],"product_brand":[30],"product_cat":[45],"product_tag":[],"class_list":{"0":"post-342","1":"product","2":"type-product","3":"status-publish","4":"has-post-thumbnail","6":"product_brand-champion-feed","7":"product_cat-dodatki-zanetowe-sypkie","9":"first","10":"instock","11":"shipping-taxable","12":"purchasable","13":"product-type-simple"},"_links":{"self":[{"href":"https:\/\/kotlinafishing.pl\/index.php?rest_route=\/wp\/v2\/product\/342","targetHints":{"allow":["GET"]}}],"collection":[{"href":"https:\/\/kotlinafishing.pl\/index.php?rest_route=\/wp\/v2\/product"}],"about":[{"href":"https:\/\/kotlinafishing.pl\/index.php?rest_route=\/wp\/v2\/types\/product"}],"wp:featuredmedia":[{"embeddable":true,"href":"https:\/\/kotlinafishing.pl\/index.php?rest_route=\/wp\/v2\/media\/2935"}],"wp:attachment":[{"href":"https:\/\/kotlinafishing.pl\/index.php?rest_route=%2Fwp%2Fv2%2Fmedia&parent=342"}],"wp:term":[{"taxonomy":"product_brand","embeddable":true,"href":"https:\/\/kotlinafishing.pl\/index.php?rest_route=%2Fwp%2Fv2%2Fproduct_brand&post=342"},{"taxonomy":"product_cat","embeddable":true,"href":"https:\/\/kotlinafishing.pl\/index.php?rest_route=%2Fwp%2Fv2%2Fproduct_cat&post=342"},{"taxonomy":"product_tag","embeddable":true,"href":"https:\/\/kotlinafishing.pl\/index.php?rest_route=%2Fwp%2Fv2%2Fproduct_tag&post=342"}],"curies":[{"name":"wp","href":"https:\/\/api.w.org\/{rel}","templated":true}]}}