{"id":3401,"date":"2026-03-11T20:07:14","date_gmt":"2026-03-11T19:07:14","guid":{"rendered":"https:\/\/kotlinafishing.pl\/?post_type=product&#038;p=3401"},"modified":"2026-03-28T08:14:34","modified_gmt":"2026-03-28T07:14:34","slug":"plecionka-mikado-nihonto-octa-braid-8x-czarna-150m","status":"publish","type":"product","link":"https:\/\/kotlinafishing.pl\/?product=plecionka-mikado-nihonto-octa-braid-8x-czarna-150m","title":{"rendered":"Plecionka Mikado Nihonto Octa Braid 8X czarna 150m"},"content":{"rendered":"<p>Kiedy projektowali\u015bmy t\u0105 najwy\u017cszej klasy plecionk\u0119, chcieli\u015bmy odda\u0107 w Twoje r\u0119ce link\u0119, kt\u00f3ra b\u0119dzie super mocna, idealnie okr\u0105g\u0142a, odporna na przetarcia, ale te\u017c jednocze\u015bnie mi\u0119kka i dobrze uk\u0142adaj\u0105ca si\u0119 na ko\u0142owrotku. Z dum\u0105 stwierdzamy, \u017ce nam si\u0119 to uda\u0142o! Dzi\u0119ki g\u0119stemu splotowi 8 ekstremalnie wytrzyma\u0142ych mikrow\u0142\u00f3kien Octa Braid jest doskonale okr\u0105g\u0142a. Specjalna, silikonowa pow\u0142oka ThermoFuse zapewnia bezszmerow\u0105 prac\u0119 na przelotkach oraz chroni plecionk\u0119 przed przetarciem.Szukasz linki, kt\u00f3ra nie zawiedzie Ci\u0119 w najtrudniejszych warunkach? Oto ona.<\/p>\n","protected":false},"excerpt":{"rendered":"<p>Kiedy projektowali\u015bmy t\u0105 najwy\u017cszej klasy plecionk\u0119, chcieli\u015bmy odda\u0107 w Twoje r\u0119ce link\u0119, kt\u00f3ra b\u0119dzie super mocna, idealnie okr\u0105g\u0142a, odporna na przetarcia, ale te\u017c jednocze\u015bnie mi\u0119kka i dobrze uk\u0142adaj\u0105ca si\u0119 na ko\u0142owrotku. Z dum\u0105 stwierdzamy, \u017ce nam si\u0119 to uda\u0142o! Dzi\u0119ki g\u0119stemu splotowi 8 ekstremalnie wytrzyma\u0142ych mikrow\u0142\u00f3kien Octa Braid jest doskonale okr\u0105g\u0142a. Specjalna, silikonowa pow\u0142oka ThermoFuse zapewnia bezszmerow\u0105 prac\u0119 na przelotkach oraz chroni plecionk\u0119 przed przetarciem.Szukasz linki, kt\u00f3ra nie zawiedzie Ci\u0119 w najtrudniejszych warunkach? Oto ona.<\/p>\n","protected":false},"featured_media":3405,"template":"","meta":[],"product_brand":[22],"product_cat":[63,175,19,21,60,174],"product_tag":[],"class_list":{"0":"post-3401","1":"product","2":"type-product","3":"status-publish","4":"has-post-thumbnail","6":"product_brand-mikado","7":"product_cat-plecionki","8":"product_cat-plecionki-zylki-plecionki-fluorocarbon","9":"product_cat-grunt","10":"product_cat-spinning","11":"product_cat-zylki-plecionki","12":"product_cat-zylki-plecionki-fluorocarbon","13":"pa_marka-mikado","15":"first","16":"instock","17":"shipping-taxable","18":"purchasable","19":"product-type-variable"},"_links":{"self":[{"href":"https:\/\/kotlinafishing.pl\/index.php?rest_route=\/wp\/v2\/product\/3401","targetHints":{"allow":["GET"]}}],"collection":[{"href":"https:\/\/kotlinafishing.pl\/index.php?rest_route=\/wp\/v2\/product"}],"about":[{"href":"https:\/\/kotlinafishing.pl\/index.php?rest_route=\/wp\/v2\/types\/product"}],"wp:featuredmedia":[{"embeddable":true,"href":"https:\/\/kotlinafishing.pl\/index.php?rest_route=\/wp\/v2\/media\/3405"}],"wp:attachment":[{"href":"https:\/\/kotlinafishing.pl\/index.php?rest_route=%2Fwp%2Fv2%2Fmedia&parent=3401"}],"wp:term":[{"taxonomy":"product_brand","embeddable":true,"href":"https:\/\/kotlinafishing.pl\/index.php?rest_route=%2Fwp%2Fv2%2Fproduct_brand&post=3401"},{"taxonomy":"product_cat","embeddable":true,"href":"https:\/\/kotlinafishing.pl\/index.php?rest_route=%2Fwp%2Fv2%2Fproduct_cat&post=3401"},{"taxonomy":"product_tag","embeddable":true,"href":"https:\/\/kotlinafishing.pl\/index.php?rest_route=%2Fwp%2Fv2%2Fproduct_tag&post=3401"}],"curies":[{"name":"wp","href":"https:\/\/api.w.org\/{rel}","templated":true}]}}