{"id":3399,"date":"2026-03-11T20:01:50","date_gmt":"2026-03-11T19:01:50","guid":{"rendered":"https:\/\/kotlinafishing.pl\/?post_type=product&#038;p=3399"},"modified":"2026-03-29T19:04:06","modified_gmt":"2026-03-29T17:04:06","slug":"pudelko-mikado-na-przypony-z-krazkami-h552-16x6-2x4cm","status":"publish","type":"product","link":"https:\/\/kotlinafishing.pl\/?product=pudelko-mikado-na-przypony-z-krazkami-h552-16x6-2x4cm","title":{"rendered":"Pude\u0142ko Mikado na przypony z kr\u0105\u017ckami H552 (16&#215;6.2x4cm)"},"content":{"rendered":"<p>Zapinane na system magnes\u00f3w pude\u0142ko do przechowywania d\u0142ugich przypon\u00f3w, szczeg\u00f3lnie przydatnych podczas w\u0119dkowania z koszyczkami zan\u0119towymi. Zawiera 6 piankowych kr\u0105\u017ck\u00f3w i 12 pinesek u\u0142atwiaj\u0105cych organizacj\u0119 gotowych zestaw\u00f3w.<\/p>\n","protected":false},"excerpt":{"rendered":"<p>Zapinane na system magnes\u00f3w pude\u0142ko do przechowywania d\u0142ugich przypon\u00f3w, szczeg\u00f3lnie przydatnych podczas w\u0119dkowania z koszyczkami zan\u0119towymi. Zawiera 6 piankowych kr\u0105\u017ck\u00f3w i 12 pinesek u\u0142atwiaj\u0105cych organizacj\u0119 gotowych zestaw\u00f3w.<\/p>\n","protected":false},"featured_media":3400,"template":"","meta":[],"product_brand":[22],"product_cat":[205,220,19],"product_tag":[],"class_list":{"0":"post-3399","1":"product","2":"type-product","3":"status-publish","4":"has-post-thumbnail","6":"product_brand-mikado","7":"product_cat-haczyki-gotowe-przypony","8":"product_cat-pudelka-na-przypony","9":"product_cat-grunt","10":"pa_marka-mikado","12":"first","13":"outofstock","14":"shipping-taxable","15":"purchasable","16":"product-type-simple"},"_links":{"self":[{"href":"https:\/\/kotlinafishing.pl\/index.php?rest_route=\/wp\/v2\/product\/3399","targetHints":{"allow":["GET"]}}],"collection":[{"href":"https:\/\/kotlinafishing.pl\/index.php?rest_route=\/wp\/v2\/product"}],"about":[{"href":"https:\/\/kotlinafishing.pl\/index.php?rest_route=\/wp\/v2\/types\/product"}],"wp:featuredmedia":[{"embeddable":true,"href":"https:\/\/kotlinafishing.pl\/index.php?rest_route=\/wp\/v2\/media\/3400"}],"wp:attachment":[{"href":"https:\/\/kotlinafishing.pl\/index.php?rest_route=%2Fwp%2Fv2%2Fmedia&parent=3399"}],"wp:term":[{"taxonomy":"product_brand","embeddable":true,"href":"https:\/\/kotlinafishing.pl\/index.php?rest_route=%2Fwp%2Fv2%2Fproduct_brand&post=3399"},{"taxonomy":"product_cat","embeddable":true,"href":"https:\/\/kotlinafishing.pl\/index.php?rest_route=%2Fwp%2Fv2%2Fproduct_cat&post=3399"},{"taxonomy":"product_tag","embeddable":true,"href":"https:\/\/kotlinafishing.pl\/index.php?rest_route=%2Fwp%2Fv2%2Fproduct_tag&post=3399"}],"curies":[{"name":"wp","href":"https:\/\/api.w.org\/{rel}","templated":true}]}}