{"id":3395,"date":"2026-03-11T19:55:08","date_gmt":"2026-03-11T18:55:08","guid":{"rendered":"https:\/\/kotlinafishing.pl\/?post_type=product&#038;p=3395"},"modified":"2026-03-16T10:52:17","modified_gmt":"2026-03-16T09:52:17","slug":"pudelko-mikado-z-przegrodkami-uac-h1901-255x195x35cm-rozm-l-niebieskie","status":"publish","type":"product","link":"https:\/\/kotlinafishing.pl\/?product=pudelko-mikado-z-przegrodkami-uac-h1901-255x195x35cm-rozm-l-niebieskie","title":{"rendered":"Pude\u0142ko Mikado z przegr\u00f3dkami UAC-H1901 &#8211; (25,5&#215;19,5&#215;3,5cm) &#8211; rozm. L &#8211; niebieskie"},"content":{"rendered":"<p>Wysokiej jako\u015bci pude\u0142ko w\u0119dkarskie na przyn\u0119ty i akcesoria. Wytrzyma\u0142e tworzywo, regulowane przegrody i solidne zamkni\u0119cie. Dost\u0119pne w dw\u00f3ch rozmiarach i kolorach, to idealny wyb\u00f3r dla w\u0119dkarza, pozwalaj\u0105cy na \u0142atw\u0105 organizacj\u0119.<\/p>\n<p><strong>Kolor:<\/strong> niebieski<\/p>\n","protected":false},"excerpt":{"rendered":"<p>Wysokiej jako\u015bci pude\u0142ko w\u0119dkarskie na przyn\u0119ty i akcesoria. Wytrzyma\u0142e tworzywo, regulowane przegrody i solidne zamkni\u0119cie. Dost\u0119pne w dw\u00f3ch rozmiarach i kolorach, to idealny wyb\u00f3r dla w\u0119dkarza, pozwalaj\u0105cy na \u0142atw\u0105 organizacj\u0119.<\/p>\n<p><strong>Kolor:<\/strong> niebieski<\/p>\n","protected":false},"featured_media":3398,"template":"","meta":[],"product_brand":[22],"product_cat":[222,21],"product_tag":[],"class_list":{"0":"post-3395","1":"product","2":"type-product","3":"status-publish","4":"has-post-thumbnail","6":"product_brand-mikado","7":"product_cat-pudelka-spinningowe","8":"product_cat-spinning","9":"pa_marka-mikado","11":"first","12":"instock","13":"shipping-taxable","14":"purchasable","15":"product-type-simple"},"_links":{"self":[{"href":"https:\/\/kotlinafishing.pl\/index.php?rest_route=\/wp\/v2\/product\/3395","targetHints":{"allow":["GET"]}}],"collection":[{"href":"https:\/\/kotlinafishing.pl\/index.php?rest_route=\/wp\/v2\/product"}],"about":[{"href":"https:\/\/kotlinafishing.pl\/index.php?rest_route=\/wp\/v2\/types\/product"}],"wp:featuredmedia":[{"embeddable":true,"href":"https:\/\/kotlinafishing.pl\/index.php?rest_route=\/wp\/v2\/media\/3398"}],"wp:attachment":[{"href":"https:\/\/kotlinafishing.pl\/index.php?rest_route=%2Fwp%2Fv2%2Fmedia&parent=3395"}],"wp:term":[{"taxonomy":"product_brand","embeddable":true,"href":"https:\/\/kotlinafishing.pl\/index.php?rest_route=%2Fwp%2Fv2%2Fproduct_brand&post=3395"},{"taxonomy":"product_cat","embeddable":true,"href":"https:\/\/kotlinafishing.pl\/index.php?rest_route=%2Fwp%2Fv2%2Fproduct_cat&post=3395"},{"taxonomy":"product_tag","embeddable":true,"href":"https:\/\/kotlinafishing.pl\/index.php?rest_route=%2Fwp%2Fv2%2Fproduct_tag&post=3395"}],"curies":[{"name":"wp","href":"https:\/\/api.w.org\/{rel}","templated":true}]}}