{"id":3391,"date":"2026-03-11T19:47:31","date_gmt":"2026-03-11T18:47:31","guid":{"rendered":"https:\/\/kotlinafishing.pl\/?post_type=product&#038;p=3391"},"modified":"2026-03-16T10:50:19","modified_gmt":"2026-03-16T09:50:19","slug":"wobler-mikado-shimmy-dr-30mm-3-3g-blue-roach-plywajacy","status":"publish","type":"product","link":"https:\/\/kotlinafishing.pl\/?product=wobler-mikado-shimmy-dr-30mm-3-3g-blue-roach-plywajacy","title":{"rendered":"Wobler Mikado Shimmy DR- 30mm\/3.3g\/BLUE ROACH &#8211; p\u0142ywaj\u0105cy"},"content":{"rendered":"<p>Shimmy DR to ma\u0142y, p\u0142ywaj\u0105cy, g\u0142\u0119biej schodz\u0105cy wobler stworzony do \u0142owienia kleni, jazi, okoni. Charakteryzuje si\u0119 bardzo agresywn\u0105, dobrze wyczuwaln\u0105 prac\u0105 na kiju i du\u017c\u0105 mas\u0105 w\u0142asn\u0105. Bardzo dobrze sprawdza si\u0119 na przelewach i kamienistych rafach.<\/p>\n","protected":false},"excerpt":{"rendered":"<p>Shimmy DR to ma\u0142y, p\u0142ywaj\u0105cy, g\u0142\u0119biej schodz\u0105cy wobler stworzony do \u0142owienia kleni, jazi, okoni. Charakteryzuje si\u0119 bardzo agresywn\u0105, dobrze wyczuwaln\u0105 prac\u0105 na kiju i du\u017c\u0105 mas\u0105 w\u0142asn\u0105. Bardzo dobrze sprawdza si\u0119 na przelewach i kamienistych rafach.<\/p>\n","protected":false},"featured_media":3392,"template":"","meta":[],"product_brand":[22],"product_cat":[194,21,198],"product_tag":[],"class_list":{"0":"post-3391","1":"product","2":"type-product","3":"status-publish","4":"has-post-thumbnail","6":"product_brand-mikado","7":"product_cat-przynety-spinningowe","8":"product_cat-spinning","9":"product_cat-woblery","10":"pa_dlugosc-30mm","11":"pa_marka-mikado","13":"first","14":"instock","15":"shipping-taxable","16":"purchasable","17":"product-type-simple"},"_links":{"self":[{"href":"https:\/\/kotlinafishing.pl\/index.php?rest_route=\/wp\/v2\/product\/3391","targetHints":{"allow":["GET"]}}],"collection":[{"href":"https:\/\/kotlinafishing.pl\/index.php?rest_route=\/wp\/v2\/product"}],"about":[{"href":"https:\/\/kotlinafishing.pl\/index.php?rest_route=\/wp\/v2\/types\/product"}],"wp:featuredmedia":[{"embeddable":true,"href":"https:\/\/kotlinafishing.pl\/index.php?rest_route=\/wp\/v2\/media\/3392"}],"wp:attachment":[{"href":"https:\/\/kotlinafishing.pl\/index.php?rest_route=%2Fwp%2Fv2%2Fmedia&parent=3391"}],"wp:term":[{"taxonomy":"product_brand","embeddable":true,"href":"https:\/\/kotlinafishing.pl\/index.php?rest_route=%2Fwp%2Fv2%2Fproduct_brand&post=3391"},{"taxonomy":"product_cat","embeddable":true,"href":"https:\/\/kotlinafishing.pl\/index.php?rest_route=%2Fwp%2Fv2%2Fproduct_cat&post=3391"},{"taxonomy":"product_tag","embeddable":true,"href":"https:\/\/kotlinafishing.pl\/index.php?rest_route=%2Fwp%2Fv2%2Fproduct_tag&post=3391"}],"curies":[{"name":"wp","href":"https:\/\/api.w.org\/{rel}","templated":true}]}}