{"id":3386,"date":"2026-03-11T19:44:05","date_gmt":"2026-03-11T18:44:05","guid":{"rendered":"https:\/\/kotlinafishing.pl\/?post_type=product&#038;p=3386"},"modified":"2026-03-16T10:49:40","modified_gmt":"2026-03-16T09:49:40","slug":"wobler-mikado-prominnow-35mm-2g-holo-bleak-plywajacy","status":"publish","type":"product","link":"https:\/\/kotlinafishing.pl\/?product=wobler-mikado-prominnow-35mm-2g-holo-bleak-plywajacy","title":{"rendered":"Wobler Mikado Prominnow &#8211; 35mm\/2g\/HOLO BLEAK &#8211; p\u0142ywaj\u0105cy"},"content":{"rendered":"<p>Prominnow to ma\u0142y wobler, przeznaczony do \u0142owienia pstr\u0105g\u00f3w, jazi, kleni i okoni. Pomimo niewielkich rozmiar\u00f3w, jego aerodynamiczny kszta\u0142t pozwala osi\u0105ga\u0107 zadawalaj\u0105ce odleg\u0142o\u015bci rzutowe. Bardzo dobrze sprawdza si\u0119 na przelewach i kamienistych rafach.<\/p>\n","protected":false},"excerpt":{"rendered":"<p>Prominnow to ma\u0142y wobler, przeznaczony do \u0142owienia pstr\u0105g\u00f3w, jazi, kleni i okoni. Pomimo niewielkich rozmiar\u00f3w, jego aerodynamiczny kszta\u0142t pozwala osi\u0105ga\u0107 zadawalaj\u0105ce odleg\u0142o\u015bci rzutowe. Bardzo dobrze sprawdza si\u0119 na przelewach i kamienistych rafach.<\/p>\n","protected":false},"featured_media":3387,"template":"","meta":[],"product_brand":[22],"product_cat":[194,21,198],"product_tag":[],"class_list":{"0":"post-3386","1":"product","2":"type-product","3":"status-publish","4":"has-post-thumbnail","6":"product_brand-mikado","7":"product_cat-przynety-spinningowe","8":"product_cat-spinning","9":"product_cat-woblery","10":"pa_dlugosc-35mm","11":"pa_marka-mikado","13":"first","14":"instock","15":"shipping-taxable","16":"purchasable","17":"product-type-simple"},"_links":{"self":[{"href":"https:\/\/kotlinafishing.pl\/index.php?rest_route=\/wp\/v2\/product\/3386","targetHints":{"allow":["GET"]}}],"collection":[{"href":"https:\/\/kotlinafishing.pl\/index.php?rest_route=\/wp\/v2\/product"}],"about":[{"href":"https:\/\/kotlinafishing.pl\/index.php?rest_route=\/wp\/v2\/types\/product"}],"wp:featuredmedia":[{"embeddable":true,"href":"https:\/\/kotlinafishing.pl\/index.php?rest_route=\/wp\/v2\/media\/3387"}],"wp:attachment":[{"href":"https:\/\/kotlinafishing.pl\/index.php?rest_route=%2Fwp%2Fv2%2Fmedia&parent=3386"}],"wp:term":[{"taxonomy":"product_brand","embeddable":true,"href":"https:\/\/kotlinafishing.pl\/index.php?rest_route=%2Fwp%2Fv2%2Fproduct_brand&post=3386"},{"taxonomy":"product_cat","embeddable":true,"href":"https:\/\/kotlinafishing.pl\/index.php?rest_route=%2Fwp%2Fv2%2Fproduct_cat&post=3386"},{"taxonomy":"product_tag","embeddable":true,"href":"https:\/\/kotlinafishing.pl\/index.php?rest_route=%2Fwp%2Fv2%2Fproduct_tag&post=3386"}],"curies":[{"name":"wp","href":"https:\/\/api.w.org\/{rel}","templated":true}]}}