{"id":3382,"date":"2026-03-11T19:39:17","date_gmt":"2026-03-11T18:39:17","guid":{"rendered":"https:\/\/kotlinafishing.pl\/?post_type=product&#038;p=3382"},"modified":"2026-03-16T10:49:11","modified_gmt":"2026-03-16T09:49:11","slug":"wobler-mikado-delicious-45mm-3-5g-blue-roach-tonacy","status":"publish","type":"product","link":"https:\/\/kotlinafishing.pl\/?product=wobler-mikado-delicious-45mm-3-5g-blue-roach-tonacy","title":{"rendered":"Wobler Mikado Delicious- 45mm\/3.5g\/BLUE ROACH &#8211; ton\u0105cy"},"content":{"rendered":"<p>Niewielki wobler twitchingowy o agresywnej pracy. Bardzo dobrze trzymaj\u0105cy si\u0119 nurtu i \u015bwietnie pracuj\u0105cy przy powolnym zwijaniu. Najwi\u0119ksze swoje atuty pokazuje w trakcie prowadzenia z podszarpni\u0119ciami, kusz\u0105c drapie\u017cniki, migocz\u0105c i odskakuj\u0105c na boki.<\/p>\n","protected":false},"excerpt":{"rendered":"<p>Niewielki wobler twitchingowy o agresywnej pracy. Bardzo dobrze trzymaj\u0105cy si\u0119 nurtu i \u015bwietnie pracuj\u0105cy przy powolnym zwijaniu. Najwi\u0119ksze swoje atuty pokazuje w trakcie prowadzenia z podszarpni\u0119ciami, kusz\u0105c drapie\u017cniki, migocz\u0105c i odskakuj\u0105c na boki.<\/p>\n","protected":false},"featured_media":3383,"template":"","meta":[],"product_brand":[22],"product_cat":[194,21,198],"product_tag":[],"class_list":{"0":"post-3382","1":"product","2":"type-product","3":"status-publish","4":"has-post-thumbnail","6":"product_brand-mikado","7":"product_cat-przynety-spinningowe","8":"product_cat-spinning","9":"product_cat-woblery","10":"pa_dlugosc-45mm","11":"pa_marka-mikado","13":"first","14":"instock","15":"shipping-taxable","16":"purchasable","17":"product-type-simple"},"_links":{"self":[{"href":"https:\/\/kotlinafishing.pl\/index.php?rest_route=\/wp\/v2\/product\/3382","targetHints":{"allow":["GET"]}}],"collection":[{"href":"https:\/\/kotlinafishing.pl\/index.php?rest_route=\/wp\/v2\/product"}],"about":[{"href":"https:\/\/kotlinafishing.pl\/index.php?rest_route=\/wp\/v2\/types\/product"}],"wp:featuredmedia":[{"embeddable":true,"href":"https:\/\/kotlinafishing.pl\/index.php?rest_route=\/wp\/v2\/media\/3383"}],"wp:attachment":[{"href":"https:\/\/kotlinafishing.pl\/index.php?rest_route=%2Fwp%2Fv2%2Fmedia&parent=3382"}],"wp:term":[{"taxonomy":"product_brand","embeddable":true,"href":"https:\/\/kotlinafishing.pl\/index.php?rest_route=%2Fwp%2Fv2%2Fproduct_brand&post=3382"},{"taxonomy":"product_cat","embeddable":true,"href":"https:\/\/kotlinafishing.pl\/index.php?rest_route=%2Fwp%2Fv2%2Fproduct_cat&post=3382"},{"taxonomy":"product_tag","embeddable":true,"href":"https:\/\/kotlinafishing.pl\/index.php?rest_route=%2Fwp%2Fv2%2Fproduct_tag&post=3382"}],"curies":[{"name":"wp","href":"https:\/\/api.w.org\/{rel}","templated":true}]}}