{"id":3380,"date":"2026-03-11T19:36:42","date_gmt":"2026-03-11T18:36:42","guid":{"rendered":"https:\/\/kotlinafishing.pl\/?post_type=product&#038;p=3380"},"modified":"2026-03-16T10:48:46","modified_gmt":"2026-03-16T09:48:46","slug":"wobler-mikado-cracker-60mm-5-2g-smelt-suspending-neutralny","status":"publish","type":"product","link":"https:\/\/kotlinafishing.pl\/?product=wobler-mikado-cracker-60mm-5-2g-smelt-suspending-neutralny","title":{"rendered":"Wobler Mikado Cracker &#8211; 60mm\/5.2g\/SMELT &#8211; Suspending (neutralny)"},"content":{"rendered":"<p>Cracker to wobler imituj\u0105cy uklejk\u0119, kt\u00f3ry dedykowany jest do po\u0142owu drapie\u017cnik\u00f3w w g\u0142\u0119bokiej wodzie. Charakteryzuje si\u0119 agresywn\u0105 prac\u0105 podczas zwijania. W trakcie test\u00f3w doskonale sprawdzi\u0142 si\u0119 r\u00f3wnie\u017c w metodzie twitchingowej z kr\u00f3tkimi pauzami.<\/p>\n","protected":false},"excerpt":{"rendered":"<p>Cracker to wobler imituj\u0105cy uklejk\u0119, kt\u00f3ry dedykowany jest do po\u0142owu drapie\u017cnik\u00f3w w g\u0142\u0119bokiej wodzie. Charakteryzuje si\u0119 agresywn\u0105 prac\u0105 podczas zwijania. W trakcie test\u00f3w doskonale sprawdzi\u0142 si\u0119 r\u00f3wnie\u017c w metodzie twitchingowej z kr\u00f3tkimi pauzami.<\/p>\n","protected":false},"featured_media":3381,"template":"","meta":[],"product_brand":[22],"product_cat":[194,21,198],"product_tag":[],"class_list":{"0":"post-3380","1":"product","2":"type-product","3":"status-publish","4":"has-post-thumbnail","6":"product_brand-mikado","7":"product_cat-przynety-spinningowe","8":"product_cat-spinning","9":"product_cat-woblery","10":"pa_dlugosc-60mm","11":"pa_marka-mikado","13":"first","14":"instock","15":"shipping-taxable","16":"purchasable","17":"product-type-simple"},"_links":{"self":[{"href":"https:\/\/kotlinafishing.pl\/index.php?rest_route=\/wp\/v2\/product\/3380","targetHints":{"allow":["GET"]}}],"collection":[{"href":"https:\/\/kotlinafishing.pl\/index.php?rest_route=\/wp\/v2\/product"}],"about":[{"href":"https:\/\/kotlinafishing.pl\/index.php?rest_route=\/wp\/v2\/types\/product"}],"wp:featuredmedia":[{"embeddable":true,"href":"https:\/\/kotlinafishing.pl\/index.php?rest_route=\/wp\/v2\/media\/3381"}],"wp:attachment":[{"href":"https:\/\/kotlinafishing.pl\/index.php?rest_route=%2Fwp%2Fv2%2Fmedia&parent=3380"}],"wp:term":[{"taxonomy":"product_brand","embeddable":true,"href":"https:\/\/kotlinafishing.pl\/index.php?rest_route=%2Fwp%2Fv2%2Fproduct_brand&post=3380"},{"taxonomy":"product_cat","embeddable":true,"href":"https:\/\/kotlinafishing.pl\/index.php?rest_route=%2Fwp%2Fv2%2Fproduct_cat&post=3380"},{"taxonomy":"product_tag","embeddable":true,"href":"https:\/\/kotlinafishing.pl\/index.php?rest_route=%2Fwp%2Fv2%2Fproduct_tag&post=3380"}],"curies":[{"name":"wp","href":"https:\/\/api.w.org\/{rel}","templated":true}]}}