{"id":3368,"date":"2026-03-11T19:24:36","date_gmt":"2026-03-11T18:24:36","guid":{"rendered":"https:\/\/kotlinafishing.pl\/?post_type=product&#038;p=3368"},"modified":"2026-03-16T10:48:00","modified_gmt":"2026-03-16T09:48:00","slug":"uniwersalny-gumowy-klips-do-kolowrotkow-mikado","status":"publish","type":"product","link":"https:\/\/kotlinafishing.pl\/?product=uniwersalny-gumowy-klips-do-kolowrotkow-mikado","title":{"rendered":"Uniwersalny gumowy klips do ko\u0142owrotk\u00f3w Mikado"},"content":{"rendered":"<p>Bezpieczny, gumowy klips do szpuli ko\u0142owrotka, kt\u00f3ry uniemo\u017cliwi rybie zerwanie zestawu podczas gwa\u0142townego odjazdu. W momencie doj\u015bcia linki do zaklipowanego miejsca, guma ust\u0105pi i \u017cy\u0142ka bezinwazyjnie ze\u015blizgnie si\u0119 z klipsa. <strong>Zestaw 5 sztuk.<\/strong><\/p>\n","protected":false},"excerpt":{"rendered":"<p>Bezpieczny, gumowy klips do szpuli ko\u0142owrotka, kt\u00f3ry uniemo\u017cliwi rybie zerwanie zestawu podczas gwa\u0142townego odjazdu. W momencie doj\u015bcia linki do zaklipowanego miejsca, guma ust\u0105pi i \u017cy\u0142ka bezinwazyjnie ze\u015blizgnie si\u0119 z klipsa. <strong>Zestaw 5 sztuk.<\/strong><\/p>\n","protected":false},"featured_media":3369,"template":"","meta":[],"product_brand":[22],"product_cat":[305,38,19],"product_tag":[],"class_list":{"0":"post-3368","1":"product","2":"type-product","3":"status-publish","4":"has-post-thumbnail","6":"product_brand-mikado","7":"product_cat-akcesoria-do-kolowrotkow","8":"product_cat-kolowrotki","9":"product_cat-grunt","10":"pa_marka-mikado","12":"first","13":"instock","14":"shipping-taxable","15":"purchasable","16":"product-type-simple"},"_links":{"self":[{"href":"https:\/\/kotlinafishing.pl\/index.php?rest_route=\/wp\/v2\/product\/3368","targetHints":{"allow":["GET"]}}],"collection":[{"href":"https:\/\/kotlinafishing.pl\/index.php?rest_route=\/wp\/v2\/product"}],"about":[{"href":"https:\/\/kotlinafishing.pl\/index.php?rest_route=\/wp\/v2\/types\/product"}],"wp:featuredmedia":[{"embeddable":true,"href":"https:\/\/kotlinafishing.pl\/index.php?rest_route=\/wp\/v2\/media\/3369"}],"wp:attachment":[{"href":"https:\/\/kotlinafishing.pl\/index.php?rest_route=%2Fwp%2Fv2%2Fmedia&parent=3368"}],"wp:term":[{"taxonomy":"product_brand","embeddable":true,"href":"https:\/\/kotlinafishing.pl\/index.php?rest_route=%2Fwp%2Fv2%2Fproduct_brand&post=3368"},{"taxonomy":"product_cat","embeddable":true,"href":"https:\/\/kotlinafishing.pl\/index.php?rest_route=%2Fwp%2Fv2%2Fproduct_cat&post=3368"},{"taxonomy":"product_tag","embeddable":true,"href":"https:\/\/kotlinafishing.pl\/index.php?rest_route=%2Fwp%2Fv2%2Fproduct_tag&post=3368"}],"curies":[{"name":"wp","href":"https:\/\/api.w.org\/{rel}","templated":true}]}}