{"id":3366,"date":"2026-03-11T19:21:02","date_gmt":"2026-03-11T18:21:02","guid":{"rendered":"https:\/\/kotlinafishing.pl\/?post_type=product&#038;p=3366"},"modified":"2026-03-16T10:45:27","modified_gmt":"2026-03-16T09:45:27","slug":"parasol-standard-mikado-25m","status":"publish","type":"product","link":"https:\/\/kotlinafishing.pl\/?product=parasol-standard-mikado-25m","title":{"rendered":"Parasol Standard Mikado (2,5m)"},"content":{"rendered":"<p>Standardowy parasol z regulowanym k\u0105tem ustawienia czaszy. Skutecznie chroni przed s\u0142o\u0144cem i deszczem. Naostrzony trzpie\u0144 pozwala stabilnie ustawi\u0107 parasol na \u0142owisku, a du\u017ca 250cm czasza zapewnia wystarczaj\u0105c\u0105 ilo\u015b\u0107 miejsca dla kilku w\u0119dkarzy.<\/p>\n","protected":false},"excerpt":{"rendered":"<p>Standardowy parasol z regulowanym k\u0105tem ustawienia czaszy. Skutecznie chroni przed s\u0142o\u0144cem i deszczem. Naostrzony trzpie\u0144 pozwala stabilnie ustawi\u0107 parasol na \u0142owisku, a du\u017ca 250cm czasza zapewnia wystarczaj\u0105c\u0105 ilo\u015b\u0107 miejsca dla kilku w\u0119dkarzy.<\/p>\n","protected":false},"featured_media":3367,"template":"","meta":[],"product_brand":[22],"product_cat":[95,85,19],"product_tag":[],"class_list":{"0":"post-3366","1":"product","2":"type-product","3":"status-publish","4":"has-post-thumbnail","6":"product_brand-mikado","7":"product_cat-parasole","8":"product_cat-stanowisko-wedkarskie","9":"product_cat-grunt","10":"pa_marka-mikado","12":"first","13":"instock","14":"shipping-taxable","15":"purchasable","16":"product-type-simple"},"_links":{"self":[{"href":"https:\/\/kotlinafishing.pl\/index.php?rest_route=\/wp\/v2\/product\/3366","targetHints":{"allow":["GET"]}}],"collection":[{"href":"https:\/\/kotlinafishing.pl\/index.php?rest_route=\/wp\/v2\/product"}],"about":[{"href":"https:\/\/kotlinafishing.pl\/index.php?rest_route=\/wp\/v2\/types\/product"}],"wp:featuredmedia":[{"embeddable":true,"href":"https:\/\/kotlinafishing.pl\/index.php?rest_route=\/wp\/v2\/media\/3367"}],"wp:attachment":[{"href":"https:\/\/kotlinafishing.pl\/index.php?rest_route=%2Fwp%2Fv2%2Fmedia&parent=3366"}],"wp:term":[{"taxonomy":"product_brand","embeddable":true,"href":"https:\/\/kotlinafishing.pl\/index.php?rest_route=%2Fwp%2Fv2%2Fproduct_brand&post=3366"},{"taxonomy":"product_cat","embeddable":true,"href":"https:\/\/kotlinafishing.pl\/index.php?rest_route=%2Fwp%2Fv2%2Fproduct_cat&post=3366"},{"taxonomy":"product_tag","embeddable":true,"href":"https:\/\/kotlinafishing.pl\/index.php?rest_route=%2Fwp%2Fv2%2Fproduct_tag&post=3366"}],"curies":[{"name":"wp","href":"https:\/\/api.w.org\/{rel}","templated":true}]}}