{"id":3363,"date":"2026-03-11T19:09:52","date_gmt":"2026-03-11T18:09:52","guid":{"rendered":"https:\/\/kotlinafishing.pl\/?post_type=product&#038;p=3363"},"modified":"2026-03-29T19:14:36","modified_gmt":"2026-03-29T17:14:36","slug":"koszyczek-zanetowy-okragly-z-denkiem-mikado-30g-32x44mm","status":"publish","type":"product","link":"https:\/\/kotlinafishing.pl\/?product=koszyczek-zanetowy-okragly-z-denkiem-mikado-30g-32x44mm","title":{"rendered":"Koszyczek zan\u0119towy okr\u0105g\u0142y z denkiem Mikado 30g (32x44mm)"},"content":{"rendered":"<p>Wysokiej jako\u015bci koszyczki zan\u0119towe z bezo\u0142owiowym obci\u0105\u017ceniem, oferowane w wielu gramaturach oraz kszta\u0142tach. Okr\u0105g\u0142e idealnie sprawdz\u0105 si\u0119 na wody stoj\u0105ce, kwadratowe i te z pazurami to \u015bwietny wyb\u00f3r na rzeczne \u0142owy.<\/p>\n<p><strong>Waga:<\/strong> 30g<\/p>\n","protected":false},"excerpt":{"rendered":"<p>Wysokiej jako\u015bci koszyczki zan\u0119towe z bezo\u0142owiowym obci\u0105\u017ceniem, oferowane w wielu gramaturach oraz kszta\u0142tach. Okr\u0105g\u0142e idealnie sprawdz\u0105 si\u0119 na wody stoj\u0105ce, kwadratowe i te z pazurami to \u015bwietny wyb\u00f3r na rzeczne \u0142owy.<\/p>\n<p><strong>Waga:<\/strong> 30g<\/p>\n","protected":false},"featured_media":3364,"template":"","meta":[],"product_brand":[22],"product_cat":[54,34,19],"product_tag":[],"class_list":{"0":"post-3363","1":"product","2":"type-product","3":"status-publish","4":"has-post-thumbnail","6":"product_brand-mikado","7":"product_cat-koszyczki-klasyczny-feeder","8":"product_cat-koszyczki-podajniki-foremki","9":"product_cat-grunt","10":"pa_marka-mikado","12":"first","13":"instock","14":"shipping-taxable","15":"purchasable","16":"product-type-simple"},"_links":{"self":[{"href":"https:\/\/kotlinafishing.pl\/index.php?rest_route=\/wp\/v2\/product\/3363","targetHints":{"allow":["GET"]}}],"collection":[{"href":"https:\/\/kotlinafishing.pl\/index.php?rest_route=\/wp\/v2\/product"}],"about":[{"href":"https:\/\/kotlinafishing.pl\/index.php?rest_route=\/wp\/v2\/types\/product"}],"wp:featuredmedia":[{"embeddable":true,"href":"https:\/\/kotlinafishing.pl\/index.php?rest_route=\/wp\/v2\/media\/3364"}],"wp:attachment":[{"href":"https:\/\/kotlinafishing.pl\/index.php?rest_route=%2Fwp%2Fv2%2Fmedia&parent=3363"}],"wp:term":[{"taxonomy":"product_brand","embeddable":true,"href":"https:\/\/kotlinafishing.pl\/index.php?rest_route=%2Fwp%2Fv2%2Fproduct_brand&post=3363"},{"taxonomy":"product_cat","embeddable":true,"href":"https:\/\/kotlinafishing.pl\/index.php?rest_route=%2Fwp%2Fv2%2Fproduct_cat&post=3363"},{"taxonomy":"product_tag","embeddable":true,"href":"https:\/\/kotlinafishing.pl\/index.php?rest_route=%2Fwp%2Fv2%2Fproduct_tag&post=3363"}],"curies":[{"name":"wp","href":"https:\/\/api.w.org\/{rel}","templated":true}]}}