{"id":3360,"date":"2026-03-11T19:06:49","date_gmt":"2026-03-11T18:06:49","guid":{"rendered":"https:\/\/kotlinafishing.pl\/?post_type=product&#038;p=3360"},"modified":"2026-03-16T10:44:19","modified_gmt":"2026-03-16T09:44:19","slug":"koszyczek-zanetowy-okragly-mikado-30g","status":"publish","type":"product","link":"https:\/\/kotlinafishing.pl\/?product=koszyczek-zanetowy-okragly-mikado-30g","title":{"rendered":"Koszyczek zan\u0119towy okr\u0105g\u0142y Mikado 30g"},"content":{"rendered":"<p>Nowoczesne mikro koszyczki do metod feederowych. Polecane szczeg\u00f3lnie podczas zawod\u00f3w i po\u0142owu trudnych ryb w mniejszych wodach. Niezast\u0105pione podczas zimnych miesi\u0119cy na kana\u0142ach czy jeziorach.<\/p>\n<p><b>Waga: <\/b>30g.<\/p>\n","protected":false},"excerpt":{"rendered":"<p>Nowoczesne mikro koszyczki do metod feederowych. Polecane szczeg\u00f3lnie podczas zawod\u00f3w i po\u0142owu trudnych ryb w mniejszych wodach. Niezast\u0105pione podczas zimnych miesi\u0119cy na kana\u0142ach czy jeziorach.<\/p>\n<p><b>Waga: <\/b>30g.<\/p>\n","protected":false},"featured_media":3361,"template":"","meta":[],"product_brand":[22],"product_cat":[54,34,19],"product_tag":[],"class_list":{"0":"post-3360","1":"product","2":"type-product","3":"status-publish","4":"has-post-thumbnail","6":"product_brand-mikado","7":"product_cat-koszyczki-klasyczny-feeder","8":"product_cat-koszyczki-podajniki-foremki","9":"product_cat-grunt","10":"pa_marka-mikado","12":"first","13":"instock","14":"shipping-taxable","15":"purchasable","16":"product-type-simple"},"_links":{"self":[{"href":"https:\/\/kotlinafishing.pl\/index.php?rest_route=\/wp\/v2\/product\/3360","targetHints":{"allow":["GET"]}}],"collection":[{"href":"https:\/\/kotlinafishing.pl\/index.php?rest_route=\/wp\/v2\/product"}],"about":[{"href":"https:\/\/kotlinafishing.pl\/index.php?rest_route=\/wp\/v2\/types\/product"}],"wp:featuredmedia":[{"embeddable":true,"href":"https:\/\/kotlinafishing.pl\/index.php?rest_route=\/wp\/v2\/media\/3361"}],"wp:attachment":[{"href":"https:\/\/kotlinafishing.pl\/index.php?rest_route=%2Fwp%2Fv2%2Fmedia&parent=3360"}],"wp:term":[{"taxonomy":"product_brand","embeddable":true,"href":"https:\/\/kotlinafishing.pl\/index.php?rest_route=%2Fwp%2Fv2%2Fproduct_brand&post=3360"},{"taxonomy":"product_cat","embeddable":true,"href":"https:\/\/kotlinafishing.pl\/index.php?rest_route=%2Fwp%2Fv2%2Fproduct_cat&post=3360"},{"taxonomy":"product_tag","embeddable":true,"href":"https:\/\/kotlinafishing.pl\/index.php?rest_route=%2Fwp%2Fv2%2Fproduct_tag&post=3360"}],"curies":[{"name":"wp","href":"https:\/\/api.w.org\/{rel}","templated":true}]}}