{"id":3353,"date":"2026-03-11T18:51:27","date_gmt":"2026-03-11T17:51:27","guid":{"rendered":"https:\/\/kotlinafishing.pl\/?post_type=product&#038;p=3353"},"modified":"2026-04-09T08:46:45","modified_gmt":"2026-04-09T06:46:45","slug":"koszyczek-zanetowy-t1-cage-feeder-mikado-rozm-m-50g","status":"publish","type":"product","link":"https:\/\/kotlinafishing.pl\/?product=koszyczek-zanetowy-t1-cage-feeder-mikado-rozm-m-50g","title":{"rendered":"Koszyczek zan\u0119towy T1 Cage Feeder Mikado rozm. M 50g"},"content":{"rendered":"<p>Wyczynowy, okr\u0105g\u0142y koszyk do w\u0119dkowania g\u0142\u00f3wnie w wodach stoj\u0105cych. Wykonany z bardzo twardej i wytrzyma\u0142ej, metalowej siatki oraz wyko\u0144czony link\u0105 w postaci \u0142\u0105cznika. Dost\u0119pny w 3 rozmiarach idealnie pasuj\u0105cych do wi\u0119kszo\u015bci \u0142owisk.<\/p>\n<p>&nbsp;<\/p>\n<p><strong>Rozmiar:\u00a0<\/strong>M<\/p>\n<p><strong>Waga: <\/strong>50g<\/p>\n","protected":false},"excerpt":{"rendered":"<p>Wyczynowy, okr\u0105g\u0142y koszyk do w\u0119dkowania g\u0142\u00f3wnie w wodach stoj\u0105cych. Wykonany z bardzo twardej i wytrzyma\u0142ej, metalowej siatki oraz wyko\u0144czony link\u0105 w postaci \u0142\u0105cznika. Dost\u0119pny w 3 rozmiarach idealnie pasuj\u0105cych do wi\u0119kszo\u015bci \u0142owisk.<\/p>\n<p>&nbsp;<\/p>\n<p><strong>Rozmiar:\u00a0<\/strong>M<\/p>\n<p><strong>Waga: <\/strong>50g<\/p>\n","protected":false},"featured_media":3358,"template":"","meta":[],"product_brand":[22],"product_cat":[54,34,19],"product_tag":[],"class_list":{"0":"post-3353","1":"product","2":"type-product","3":"status-publish","4":"has-post-thumbnail","6":"product_brand-mikado","7":"product_cat-koszyczki-klasyczny-feeder","8":"product_cat-koszyczki-podajniki-foremki","9":"product_cat-grunt","10":"pa_marka-mikado","12":"first","13":"instock","14":"shipping-taxable","15":"purchasable","16":"product-type-simple"},"_links":{"self":[{"href":"https:\/\/kotlinafishing.pl\/index.php?rest_route=\/wp\/v2\/product\/3353","targetHints":{"allow":["GET"]}}],"collection":[{"href":"https:\/\/kotlinafishing.pl\/index.php?rest_route=\/wp\/v2\/product"}],"about":[{"href":"https:\/\/kotlinafishing.pl\/index.php?rest_route=\/wp\/v2\/types\/product"}],"wp:featuredmedia":[{"embeddable":true,"href":"https:\/\/kotlinafishing.pl\/index.php?rest_route=\/wp\/v2\/media\/3358"}],"wp:attachment":[{"href":"https:\/\/kotlinafishing.pl\/index.php?rest_route=%2Fwp%2Fv2%2Fmedia&parent=3353"}],"wp:term":[{"taxonomy":"product_brand","embeddable":true,"href":"https:\/\/kotlinafishing.pl\/index.php?rest_route=%2Fwp%2Fv2%2Fproduct_brand&post=3353"},{"taxonomy":"product_cat","embeddable":true,"href":"https:\/\/kotlinafishing.pl\/index.php?rest_route=%2Fwp%2Fv2%2Fproduct_cat&post=3353"},{"taxonomy":"product_tag","embeddable":true,"href":"https:\/\/kotlinafishing.pl\/index.php?rest_route=%2Fwp%2Fv2%2Fproduct_tag&post=3353"}],"curies":[{"name":"wp","href":"https:\/\/api.w.org\/{rel}","templated":true}]}}