{"id":3346,"date":"2026-03-11T18:36:52","date_gmt":"2026-03-11T17:36:52","guid":{"rendered":"https:\/\/kotlinafishing.pl\/?post_type=product&#038;p=3346"},"modified":"2026-03-16T09:03:11","modified_gmt":"2026-03-16T08:03:11","slug":"podporka-teleskopowa-zaciskowa-mikado-30-50cm","status":"publish","type":"product","link":"https:\/\/kotlinafishing.pl\/?product=podporka-teleskopowa-zaciskowa-mikado-30-50cm","title":{"rendered":"Podp\u00f3rka teleskopowa &#8211; zaciskowa Mikado 30-50cm"},"content":{"rendered":"<p>Szeroka oferta \u015bwietnych podp\u00f3rek na w\u0119dki w r\u00f3\u017cnych d\u0142ugo\u015bciach, pozwala dobra\u0107 odpowiedni produkt do warunk\u00f3w na \u0142owisku. Podp\u00f3rki zapewniaj\u0105 niezb\u0119dn\u0105 stabilno\u015b\u0107 oraz mobilno\u015b\u0107, uzyskuj\u0105c tym przewag\u0119 nad stojakami czy rod podami.<\/p>\n","protected":false},"excerpt":{"rendered":"<p>Szeroka oferta \u015bwietnych podp\u00f3rek na w\u0119dki w r\u00f3\u017cnych d\u0142ugo\u015bciach, pozwala dobra\u0107 odpowiedni produkt do warunk\u00f3w na \u0142owisku. Podp\u00f3rki zapewniaj\u0105 niezb\u0119dn\u0105 stabilno\u015b\u0107 oraz mobilno\u015b\u0107, uzyskuj\u0105c tym przewag\u0119 nad stojakami czy rod podami.<\/p>\n","protected":false},"featured_media":3351,"template":"","meta":[],"product_brand":[22],"product_cat":[89,85,19],"product_tag":[],"class_list":{"0":"post-3346","1":"product","2":"type-product","3":"status-publish","4":"has-post-thumbnail","6":"product_brand-mikado","7":"product_cat-podporki","8":"product_cat-stanowisko-wedkarskie","9":"product_cat-grunt","10":"pa_marka-mikado","12":"first","13":"instock","14":"shipping-taxable","15":"purchasable","16":"product-type-simple"},"_links":{"self":[{"href":"https:\/\/kotlinafishing.pl\/index.php?rest_route=\/wp\/v2\/product\/3346","targetHints":{"allow":["GET"]}}],"collection":[{"href":"https:\/\/kotlinafishing.pl\/index.php?rest_route=\/wp\/v2\/product"}],"about":[{"href":"https:\/\/kotlinafishing.pl\/index.php?rest_route=\/wp\/v2\/types\/product"}],"wp:featuredmedia":[{"embeddable":true,"href":"https:\/\/kotlinafishing.pl\/index.php?rest_route=\/wp\/v2\/media\/3351"}],"wp:attachment":[{"href":"https:\/\/kotlinafishing.pl\/index.php?rest_route=%2Fwp%2Fv2%2Fmedia&parent=3346"}],"wp:term":[{"taxonomy":"product_brand","embeddable":true,"href":"https:\/\/kotlinafishing.pl\/index.php?rest_route=%2Fwp%2Fv2%2Fproduct_brand&post=3346"},{"taxonomy":"product_cat","embeddable":true,"href":"https:\/\/kotlinafishing.pl\/index.php?rest_route=%2Fwp%2Fv2%2Fproduct_cat&post=3346"},{"taxonomy":"product_tag","embeddable":true,"href":"https:\/\/kotlinafishing.pl\/index.php?rest_route=%2Fwp%2Fv2%2Fproduct_tag&post=3346"}],"curies":[{"name":"wp","href":"https:\/\/api.w.org\/{rel}","templated":true}]}}