{"id":3341,"date":"2026-03-11T18:31:43","date_gmt":"2026-03-11T17:31:43","guid":{"rendered":"https:\/\/kotlinafishing.pl\/?post_type=product&#038;p=3341"},"modified":"2026-03-16T09:01:19","modified_gmt":"2026-03-16T08:01:19","slug":"feederlink-mikado-5cm","status":"publish","type":"product","link":"https:\/\/kotlinafishing.pl\/?product=feederlink-mikado-5cm","title":{"rendered":"Feederlink Mikado 5cm"},"content":{"rendered":"<p>Sztywny \u0142\u0105cznik koszyczka zan\u0119towego zapobiegaj\u0105cy spl\u0105taniom zestawu przy po\u0142owie z tzw. skr\u0119tk\u0105. Feeder link pozwala r\u00f3wnie\u017c maksymalnie wyczuli\u0107 zestaw ko\u0144cowy, zapewniaj\u0105c dodatkowy przegub mi\u0119dzy koszyczkiem, a link\u0105 g\u0142\u00f3wn\u0105. Dost\u0119pne 3 d\u0142ugo\u015bci.<\/p>\n","protected":false},"excerpt":{"rendered":"<p>Sztywny \u0142\u0105cznik koszyczka zan\u0119towego zapobiegaj\u0105cy spl\u0105taniom zestawu przy po\u0142owie z tzw. skr\u0119tk\u0105. Feeder link pozwala r\u00f3wnie\u017c maksymalnie wyczuli\u0107 zestaw ko\u0144cowy, zapewniaj\u0105c dodatkowy przegub mi\u0119dzy koszyczkiem, a link\u0105 g\u0142\u00f3wn\u0105. Dost\u0119pne 3 d\u0142ugo\u015bci.<\/p>\n","protected":false},"featured_media":3343,"template":"","meta":[],"product_brand":[22],"product_cat":[70,76,19],"product_tag":[],"class_list":{"0":"post-3341","1":"product","2":"type-product","3":"status-publish","4":"has-post-thumbnail","6":"product_brand-mikado","7":"product_cat-akcesoria","8":"product_cat-feeder-linki","9":"product_cat-grunt","10":"pa_marka-mikado","12":"first","13":"instock","14":"shipping-taxable","15":"purchasable","16":"product-type-simple"},"_links":{"self":[{"href":"https:\/\/kotlinafishing.pl\/index.php?rest_route=\/wp\/v2\/product\/3341","targetHints":{"allow":["GET"]}}],"collection":[{"href":"https:\/\/kotlinafishing.pl\/index.php?rest_route=\/wp\/v2\/product"}],"about":[{"href":"https:\/\/kotlinafishing.pl\/index.php?rest_route=\/wp\/v2\/types\/product"}],"wp:featuredmedia":[{"embeddable":true,"href":"https:\/\/kotlinafishing.pl\/index.php?rest_route=\/wp\/v2\/media\/3343"}],"wp:attachment":[{"href":"https:\/\/kotlinafishing.pl\/index.php?rest_route=%2Fwp%2Fv2%2Fmedia&parent=3341"}],"wp:term":[{"taxonomy":"product_brand","embeddable":true,"href":"https:\/\/kotlinafishing.pl\/index.php?rest_route=%2Fwp%2Fv2%2Fproduct_brand&post=3341"},{"taxonomy":"product_cat","embeddable":true,"href":"https:\/\/kotlinafishing.pl\/index.php?rest_route=%2Fwp%2Fv2%2Fproduct_cat&post=3341"},{"taxonomy":"product_tag","embeddable":true,"href":"https:\/\/kotlinafishing.pl\/index.php?rest_route=%2Fwp%2Fv2%2Fproduct_tag&post=3341"}],"curies":[{"name":"wp","href":"https:\/\/api.w.org\/{rel}","templated":true}]}}