{"id":3259,"date":"2026-03-03T15:36:48","date_gmt":"2026-03-03T14:36:48","guid":{"rendered":"https:\/\/kotlinafishing.pl\/?post_type=product&#038;p=3259"},"modified":"2026-03-29T19:46:16","modified_gmt":"2026-03-29T17:46:16","slug":"sztyca-nasadowa-mikado-mft-put-over-350-35m","status":"publish","type":"product","link":"https:\/\/kotlinafishing.pl\/?product=sztyca-nasadowa-mikado-mft-put-over-350-35m","title":{"rendered":"Sztyca nasadowa Mikado MFT Put Over 350 3,5m."},"content":{"rendered":"<p>Profesjonalna nasadowa sztyca do podbieraka, wykonana z wysokiej klasy, lekkiego i sztywnego w\u0142\u00f3kna w\u0119glowego. Wyposa\u017cona w 2 gwinty do kosza, kt\u00f3re umo\u017cliwiaj\u0105 u\u017cycie sztycy zar\u00f3wno w kr\u00f3tszej 2cz. wersji, jak i pe\u0142nej 350cm.<\/p>\n","protected":false},"excerpt":{"rendered":"<p>Profesjonalna nasadowa sztyca do podbieraka, wykonana z wysokiej klasy, lekkiego i sztywnego w\u0142\u00f3kna w\u0119glowego. Wyposa\u017cona w 2 gwinty do kosza, kt\u00f3re umo\u017cliwiaj\u0105 u\u017cycie sztycy zar\u00f3wno w kr\u00f3tszej 2cz. wersji, jak i pe\u0142nej 350cm.<\/p>\n","protected":false},"featured_media":3313,"template":"","meta":[],"product_brand":[22],"product_cat":[80,84,19],"product_tag":[],"class_list":{"0":"post-3259","1":"product","2":"type-product","3":"status-publish","4":"has-post-thumbnail","6":"product_brand-mikado","7":"product_cat-siatki-podbieraki-sztyce","8":"product_cat-sztyce","9":"product_cat-grunt","10":"pa_marka-mikado","12":"first","13":"instock","14":"shipping-taxable","15":"purchasable","16":"product-type-simple"},"_links":{"self":[{"href":"https:\/\/kotlinafishing.pl\/index.php?rest_route=\/wp\/v2\/product\/3259","targetHints":{"allow":["GET"]}}],"collection":[{"href":"https:\/\/kotlinafishing.pl\/index.php?rest_route=\/wp\/v2\/product"}],"about":[{"href":"https:\/\/kotlinafishing.pl\/index.php?rest_route=\/wp\/v2\/types\/product"}],"wp:featuredmedia":[{"embeddable":true,"href":"https:\/\/kotlinafishing.pl\/index.php?rest_route=\/wp\/v2\/media\/3313"}],"wp:attachment":[{"href":"https:\/\/kotlinafishing.pl\/index.php?rest_route=%2Fwp%2Fv2%2Fmedia&parent=3259"}],"wp:term":[{"taxonomy":"product_brand","embeddable":true,"href":"https:\/\/kotlinafishing.pl\/index.php?rest_route=%2Fwp%2Fv2%2Fproduct_brand&post=3259"},{"taxonomy":"product_cat","embeddable":true,"href":"https:\/\/kotlinafishing.pl\/index.php?rest_route=%2Fwp%2Fv2%2Fproduct_cat&post=3259"},{"taxonomy":"product_tag","embeddable":true,"href":"https:\/\/kotlinafishing.pl\/index.php?rest_route=%2Fwp%2Fv2%2Fproduct_tag&post=3259"}],"curies":[{"name":"wp","href":"https:\/\/api.w.org\/{rel}","templated":true}]}}