{"id":3255,"date":"2026-03-03T14:45:02","date_gmt":"2026-03-03T13:45:02","guid":{"rendered":"https:\/\/kotlinafishing.pl\/?post_type=product&#038;p=3255"},"modified":"2026-03-10T19:11:38","modified_gmt":"2026-03-10T18:11:38","slug":"wypychacz-do-haczykow-mikado","status":"publish","type":"product","link":"https:\/\/kotlinafishing.pl\/?product=wypychacz-do-haczykow-mikado","title":{"rendered":"Wypychacz do haczyk\u00f3w Mikado"},"content":{"rendered":"<p>Plastikowy wypychacz do haczyk\u00f3w, wykonany ze \u015bwietnego materia\u0142u, wyposa\u017cony w dodatkowy otw\u00f3r monta\u017cowy, pozwalaj\u0105cy zainstalowa\u0107 przyrz\u0105d na wyci\u0105ganym sznurki czy klipsie kamizelki. Niezb\u0119dne narz\u0119dzie podczas po\u0142owu bia\u0142ej ryby.<\/p>\n","protected":false},"excerpt":{"rendered":"<p>Plastikowy wypychacz do haczyk\u00f3w, wykonany ze \u015bwietnego materia\u0142u, wyposa\u017cony w dodatkowy otw\u00f3r monta\u017cowy, pozwalaj\u0105cy zainstalowa\u0107 przyrz\u0105d na wyci\u0105ganym sznurki czy klipsie kamizelki. Niezb\u0119dne narz\u0119dzie podczas po\u0142owu bia\u0142ej ryby.<\/p>\n","protected":false},"featured_media":3317,"template":"","meta":[],"product_brand":[22],"product_cat":[70,19,297],"product_tag":[],"class_list":{"0":"post-3255","1":"product","2":"type-product","3":"status-publish","4":"has-post-thumbnail","6":"product_brand-mikado","7":"product_cat-akcesoria","8":"product_cat-grunt","9":"product_cat-wypychacze","10":"pa_marka-mikado","12":"first","13":"instock","14":"shipping-taxable","15":"purchasable","16":"product-type-simple"},"_links":{"self":[{"href":"https:\/\/kotlinafishing.pl\/index.php?rest_route=\/wp\/v2\/product\/3255","targetHints":{"allow":["GET"]}}],"collection":[{"href":"https:\/\/kotlinafishing.pl\/index.php?rest_route=\/wp\/v2\/product"}],"about":[{"href":"https:\/\/kotlinafishing.pl\/index.php?rest_route=\/wp\/v2\/types\/product"}],"wp:featuredmedia":[{"embeddable":true,"href":"https:\/\/kotlinafishing.pl\/index.php?rest_route=\/wp\/v2\/media\/3317"}],"wp:attachment":[{"href":"https:\/\/kotlinafishing.pl\/index.php?rest_route=%2Fwp%2Fv2%2Fmedia&parent=3255"}],"wp:term":[{"taxonomy":"product_brand","embeddable":true,"href":"https:\/\/kotlinafishing.pl\/index.php?rest_route=%2Fwp%2Fv2%2Fproduct_brand&post=3255"},{"taxonomy":"product_cat","embeddable":true,"href":"https:\/\/kotlinafishing.pl\/index.php?rest_route=%2Fwp%2Fv2%2Fproduct_cat&post=3255"},{"taxonomy":"product_tag","embeddable":true,"href":"https:\/\/kotlinafishing.pl\/index.php?rest_route=%2Fwp%2Fv2%2Fproduct_tag&post=3255"}],"curies":[{"name":"wp","href":"https:\/\/api.w.org\/{rel}","templated":true}]}}