{"id":3254,"date":"2026-03-03T14:43:54","date_gmt":"2026-03-03T13:43:54","guid":{"rendered":"https:\/\/kotlinafishing.pl\/?post_type=product&#038;p=3254"},"modified":"2026-03-10T19:10:49","modified_gmt":"2026-03-10T18:10:49","slug":"wypychacz-plastikowy-do-haczykow-mikado","status":"publish","type":"product","link":"https:\/\/kotlinafishing.pl\/?product=wypychacz-plastikowy-do-haczykow-mikado","title":{"rendered":"Wypychacz plastikowy do haczyk\u00f3w Mikado"},"content":{"rendered":"<p>Plastikowy wypychacz do haczyk\u00f3w w\u0119dkarskich u\u0142atwia bezpieczne usuwanie haka z pyska ryby. Specjalna ko\u0144c\u00f3wka wykonana z tworzywa sztucznego umo\u017cliwia \u0142atw\u0105 obs\u0142ug\u0119 i jest kompatybilna z wi\u0119kszo\u015bci\u0105 hak\u00f3w dost\u0119pnych na rynku.<\/p>\n","protected":false},"excerpt":{"rendered":"<p>Plastikowy wypychacz do haczyk\u00f3w w\u0119dkarskich u\u0142atwia bezpieczne usuwanie haka z pyska ryby. Specjalna ko\u0144c\u00f3wka wykonana z tworzywa sztucznego umo\u017cliwia \u0142atw\u0105 obs\u0142ug\u0119 i jest kompatybilna z wi\u0119kszo\u015bci\u0105 hak\u00f3w dost\u0119pnych na rynku.<\/p>\n","protected":false},"featured_media":3316,"template":"","meta":[],"product_brand":[22],"product_cat":[70,19,297],"product_tag":[],"class_list":{"0":"post-3254","1":"product","2":"type-product","3":"status-publish","4":"has-post-thumbnail","6":"product_brand-mikado","7":"product_cat-akcesoria","8":"product_cat-grunt","9":"product_cat-wypychacze","10":"pa_marka-mikado","12":"first","13":"instock","14":"shipping-taxable","15":"purchasable","16":"product-type-simple"},"_links":{"self":[{"href":"https:\/\/kotlinafishing.pl\/index.php?rest_route=\/wp\/v2\/product\/3254","targetHints":{"allow":["GET"]}}],"collection":[{"href":"https:\/\/kotlinafishing.pl\/index.php?rest_route=\/wp\/v2\/product"}],"about":[{"href":"https:\/\/kotlinafishing.pl\/index.php?rest_route=\/wp\/v2\/types\/product"}],"wp:featuredmedia":[{"embeddable":true,"href":"https:\/\/kotlinafishing.pl\/index.php?rest_route=\/wp\/v2\/media\/3316"}],"wp:attachment":[{"href":"https:\/\/kotlinafishing.pl\/index.php?rest_route=%2Fwp%2Fv2%2Fmedia&parent=3254"}],"wp:term":[{"taxonomy":"product_brand","embeddable":true,"href":"https:\/\/kotlinafishing.pl\/index.php?rest_route=%2Fwp%2Fv2%2Fproduct_brand&post=3254"},{"taxonomy":"product_cat","embeddable":true,"href":"https:\/\/kotlinafishing.pl\/index.php?rest_route=%2Fwp%2Fv2%2Fproduct_cat&post=3254"},{"taxonomy":"product_tag","embeddable":true,"href":"https:\/\/kotlinafishing.pl\/index.php?rest_route=%2Fwp%2Fv2%2Fproduct_tag&post=3254"}],"curies":[{"name":"wp","href":"https:\/\/api.w.org\/{rel}","templated":true}]}}