{"id":3198,"date":"2026-03-01T18:02:08","date_gmt":"2026-03-01T17:02:08","guid":{"rendered":"https:\/\/kotlinafishing.pl\/?post_type=product&#038;p=3198"},"modified":"2026-03-03T14:35:12","modified_gmt":"2026-03-03T13:35:12","slug":"3198","status":"publish","type":"product","link":"https:\/\/kotlinafishing.pl\/?product=3198","title":{"rendered":"Multiplikator Delphin Zandera"},"content":{"rendered":"<p>Ko\u0142owrotek baitcast ZANDERA to doskona\u0142y wyb\u00f3r oferuj\u0105cy nowe mo\u017cliwo\u015bci w w\u0119dkarstwie spinningowym. W por\u00f3wnaniu z klasycznym ko\u0142owrotkiem z przednim hamulcem posiada dodatkowe zalety takie jak: \u0142atwiejsza obs\u0142uga daj\u0105ca mo\u017cliwo\u015b\u0107 lepszego kontaktu z przyn\u0119t\u0105, mocniejszy hamulec.<\/p>\n<p>5 \u0142o\u017cysk kulkowych zapewnia p\u0142ynno\u015b\u0107 pracy, co wp\u0142ywa na mo\u017cliwo\u015b\u0107 wykonania dalszych i bardziej precyzyjnych rzut\u00f3w. Prze\u0142o\u017cenie 7,2:1 gwarantuje kontrolowane prowadzenie przyn\u0119ty. Za spraw\u0105 hamulca magnetycznego uzyskasz kilka dodatkowych metr\u00f3w podczas rzut\u00f3w i unikniesz pl\u0105tania si\u0119 \u017cy\u0142ki.<br \/>\nTen ko\u0142owrotek wa\u017cy tylko 169 g! To idealne rozwi\u0105zanie dla ka\u017cdego w\u0119dkarza, kt\u00f3ry u\u017cywa ko\u0142owrotk\u00f3w baitcast wraz z w\u0119dkami baitcast. Ko\u0142owrotek ZANDERA i w\u0119dka Zandera B&#8217;CAST tworz\u0105 doskona\u0142e po\u0142\u0105czenie.<\/p>\n<p><strong>Informacje techniczne:<\/strong><br \/>\nModel: Delphin ZANDERA<br \/>\nPojemno\u015b\u0107 szpuli mm\/m: 0,18\/266; 0,22\/191; 0,26\/137<br \/>\nPrze\u0142o\u017cenie: 7,2:1<br \/>\nIlo\u015b\u0107 \u0142o\u017cysk: 5+1<br \/>\nWaga: 169 g<\/p>\n","protected":false},"excerpt":{"rendered":"<p>Ko\u0142owrotek baitcast ZANDERA to doskona\u0142y wyb\u00f3r oferuj\u0105cy nowe mo\u017cliwo\u015bci w w\u0119dkarstwie spinningowym. W por\u00f3wnaniu z klasycznym ko\u0142owrotkiem z przednim hamulcem posiada dodatkowe zalety takie jak: \u0142atwiejsza obs\u0142uga daj\u0105ca mo\u017cliwo\u015b\u0107 lepszego kontaktu z przyn\u0119t\u0105, mocniejszy hamulec.<\/p>\n","protected":false},"featured_media":3239,"template":"","meta":[],"product_brand":[97],"product_cat":[294,296,21],"product_tag":[],"class_list":{"0":"post-3198","1":"product","2":"type-product","3":"status-publish","4":"has-post-thumbnail","6":"product_brand-delphin","7":"product_cat-kolowrotki-spinningowe","8":"product_cat-multiplikatory","9":"product_cat-spinning","10":"pa_marka-delphin","12":"first","13":"instock","14":"shipping-taxable","15":"purchasable","16":"product-type-simple"},"_links":{"self":[{"href":"https:\/\/kotlinafishing.pl\/index.php?rest_route=\/wp\/v2\/product\/3198","targetHints":{"allow":["GET"]}}],"collection":[{"href":"https:\/\/kotlinafishing.pl\/index.php?rest_route=\/wp\/v2\/product"}],"about":[{"href":"https:\/\/kotlinafishing.pl\/index.php?rest_route=\/wp\/v2\/types\/product"}],"wp:featuredmedia":[{"embeddable":true,"href":"https:\/\/kotlinafishing.pl\/index.php?rest_route=\/wp\/v2\/media\/3239"}],"wp:attachment":[{"href":"https:\/\/kotlinafishing.pl\/index.php?rest_route=%2Fwp%2Fv2%2Fmedia&parent=3198"}],"wp:term":[{"taxonomy":"product_brand","embeddable":true,"href":"https:\/\/kotlinafishing.pl\/index.php?rest_route=%2Fwp%2Fv2%2Fproduct_brand&post=3198"},{"taxonomy":"product_cat","embeddable":true,"href":"https:\/\/kotlinafishing.pl\/index.php?rest_route=%2Fwp%2Fv2%2Fproduct_cat&post=3198"},{"taxonomy":"product_tag","embeddable":true,"href":"https:\/\/kotlinafishing.pl\/index.php?rest_route=%2Fwp%2Fv2%2Fproduct_tag&post=3198"}],"curies":[{"name":"wp","href":"https:\/\/api.w.org\/{rel}","templated":true}]}}