{"id":3197,"date":"2026-03-01T17:56:53","date_gmt":"2026-03-01T16:56:53","guid":{"rendered":"https:\/\/kotlinafishing.pl\/?post_type=product&#038;p=3197"},"modified":"2026-03-03T14:35:29","modified_gmt":"2026-03-03T13:35:29","slug":"rodpod-delphin-bronx-stalx-queen","status":"publish","type":"product","link":"https:\/\/kotlinafishing.pl\/?product=rodpod-delphin-bronx-stalx-queen","title":{"rendered":"Rodpod Delphin BRONX Stalx QUEEN"},"content":{"rendered":"<p>Ze wzgl\u0119du na sukces naszego dobrze znanego poda BRONX 2G, zdecydowali\u015bmy si\u0119 rozszerzy\u0107 nasz\u0105 ofert\u0119 o BRONX 2G Stalx QUEEN, kt\u00f3ry ma wszystkie charakterystyczne cechy, a jednocze\u015bnie jest znacznie mniejszy. Ten minimalistyczny styl podp\u00f3rki pozwoli ci \u0142owi\u0107 nawet w trudno dost\u0119pnych miejscach.<\/p>\n<p>Nie tylko zmniejszyli\u015bmy wymiary, ale tak\u017ce zmienili\u015bmy kolorystyk\u0119 tego modelu, aby pasowa\u0142 do serii QUEEN. Rodpod Delphin BRONX 2G STALX QUEEN zosta\u0142 zaprojektowany w r\u00f3\u017cowym kolorze, a og\u00f3lna jako\u015b\u0107 wykonania znacznie przewy\u017csza \u0142atwo dost\u0119pne pody w tej kategorii cenowej. Jest bardzo lekki, stabilny i kompaktowy. Ten rod pod ma wzmocnione mocowanie buzz bara, w tym wzmocniony mechanizm zatrzaskowy. Cechy te zwi\u0119kszaj\u0105 trwa\u0142o\u015b\u0107 i u\u0142atwiaj\u0105 konfiguracj\u0119. Spostrzegawczy w\u0119dkarz z pewno\u015bci\u0105 zauwa\u017cy, \u017ce ca\u0142y mechanizm ma kszta\u0142t naszego logo Delphin. Unikalny system sk\u0142adania pozwala na spakowanie go do niewielkiej torby tekstylnej, kt\u00f3ra nie zajmie prawie \u017cadnego miejsca w Twoim ekwipunku. Torba transportowa jest do\u0142\u0105czona do zestawu.<\/p>\n<p>Ca\u0142o\u015b\u0107 wykonana jest z aluminiowych profili po\u0142\u0105czonych wytrzyma\u0142ymi \u0142\u0105cznikami z tworzywa ABS. Materia\u0142y zosta\u0142y wybrane na podstawie ich lekko\u015bci, trwa\u0142o\u015bci i przedzia\u0142u cenowego. Gdy podp\u00f3rka ulegnie uszkodzeniu lub zgubieniu, mo\u017cna j\u0105 zast\u0105pi\u0107 uniwersalnymi podp\u00f3rkami SimpleSTICK.<\/p>\n<p><strong>Informacje techniczne:<\/strong><br \/>\nLiczba podp\u00f3rek: 2<br \/>\nRegulacja wysoko\u015bci: 20-48 cm<br \/>\nRegulacja d\u0142ugo\u015bci: 60-85cm<br \/>\nSzeroko\u015b\u0107 dr\u0105\u017cka: 25 cm<br \/>\nZastosowany materia\u0142: aluminium \/ po\u0142\u0105czenia ABS<br \/>\nWymiary transportowe: 62x16x8 cm<br \/>\nWaga: 1280 g<\/p>\n","protected":false},"excerpt":{"rendered":"<p>Ze wzgl\u0119du na sukces naszego dobrze znanego poda BRONX 2G, zdecydowali\u015bmy si\u0119 rozszerzy\u0107 nasz\u0105 ofert\u0119 o BRONX 2G Stalx QUEEN, kt\u00f3ry ma wszystkie charakterystyczne cechy, a jednocze\u015bnie jest znacznie mniejszy. Ten minimalistyczny styl podp\u00f3rki pozwoli ci \u0142owi\u0107 nawet w trudno dost\u0119pnych miejscach.<\/p>\n","protected":false},"featured_media":3232,"template":"","meta":[],"product_brand":[97],"product_cat":[88,231,230,85,19,20],"product_tag":[],"class_list":{"0":"post-3197","1":"product","2":"type-product","3":"status-publish","4":"has-post-thumbnail","6":"product_brand-delphin","7":"product_cat-rodpody-i-tripody","8":"product_cat-rodpody-tripody","9":"product_cat-stanowisko-karpiowe","10":"product_cat-stanowisko-wedkarskie","11":"product_cat-grunt","12":"product_cat-karp","14":"first","15":"instock","16":"shipping-taxable","17":"purchasable","18":"product-type-simple"},"_links":{"self":[{"href":"https:\/\/kotlinafishing.pl\/index.php?rest_route=\/wp\/v2\/product\/3197","targetHints":{"allow":["GET"]}}],"collection":[{"href":"https:\/\/kotlinafishing.pl\/index.php?rest_route=\/wp\/v2\/product"}],"about":[{"href":"https:\/\/kotlinafishing.pl\/index.php?rest_route=\/wp\/v2\/types\/product"}],"wp:featuredmedia":[{"embeddable":true,"href":"https:\/\/kotlinafishing.pl\/index.php?rest_route=\/wp\/v2\/media\/3232"}],"wp:attachment":[{"href":"https:\/\/kotlinafishing.pl\/index.php?rest_route=%2Fwp%2Fv2%2Fmedia&parent=3197"}],"wp:term":[{"taxonomy":"product_brand","embeddable":true,"href":"https:\/\/kotlinafishing.pl\/index.php?rest_route=%2Fwp%2Fv2%2Fproduct_brand&post=3197"},{"taxonomy":"product_cat","embeddable":true,"href":"https:\/\/kotlinafishing.pl\/index.php?rest_route=%2Fwp%2Fv2%2Fproduct_cat&post=3197"},{"taxonomy":"product_tag","embeddable":true,"href":"https:\/\/kotlinafishing.pl\/index.php?rest_route=%2Fwp%2Fv2%2Fproduct_tag&post=3197"}],"curies":[{"name":"wp","href":"https:\/\/api.w.org\/{rel}","templated":true}]}}