{"id":3196,"date":"2026-03-01T17:54:40","date_gmt":"2026-03-01T16:54:40","guid":{"rendered":"https:\/\/kotlinafishing.pl\/?post_type=product&#038;p=3196"},"modified":"2026-03-03T14:35:46","modified_gmt":"2026-03-03T13:35:46","slug":"rodpod-delphin-bronx-2g-stalx","status":"publish","type":"product","link":"https:\/\/kotlinafishing.pl\/?product=rodpod-delphin-bronx-2g-stalx","title":{"rendered":"Rodpod Delphin BRONX 2G STALX"},"content":{"rendered":"<p>Rodpod Delphin BRONX 2G STALX jest bardziej kompaktow\u0105 wersj\u0105 dobrze znanego rodpodu BRONX 2G. Zachowali\u015bmy jednak wszystkie kluczowe cechy konstrukcyjne i w\u0142a\u015bciwo\u015bci. Wersja STALX pod\u0105\u017ca za coraz bardziej popularnym minimalistycznym stylem, kt\u00f3ry pozwala na w\u0119dkowanie w miejscach, kt\u00f3re normalnie s\u0105 trudno dost\u0119pne.<\/p>\n<p>Rodpod posiada wzmocnione mocowanie buzz baru, w tym wzmocniony mechanizm zaciskowy dla wi\u0119kszej wytrzyma\u0142o\u015bci i \u0142atwiejszej obs\u0142ugi. Spostrzegawczy w\u0119dkarz z pewno\u015bci\u0105 zauwa\u017cy, \u017ce ca\u0142y mechanizm ma form\u0119 naszego logo Delphin.<\/p>\n<p>BRONX 2G STALX zosta\u0142 zaprojektowany w czarnym kolorze, a jako\u015b\u0107 wykonania zdecydowanie przewy\u017csza dost\u0119pne na rynku rodpody w tej kategorii cenowej. Najwa\u017cniejsze cechy to niska waga, dobra stabilno\u015b\u0107 i kompaktowe wymiary. Unikalny system sk\u0142adania pozwala na spakowanie go do niewielkiej tekstylnej torby, kt\u00f3ra zajmie minimaln\u0105 powierzchni\u0119 w Twoim ekwipunku. Torba transportowa znajduje si\u0119 w zestawie.<\/p>\n<p>Ca\u0142y rodpod wykonany jest z profili aluminiowych po\u0142\u0105czonych trwa\u0142ymi \u0142\u0105cznikami z tworzywa ABS. Materia\u0142y te zapewniaj\u0105 wi\u0119ksz\u0105 \u017cywotno\u015b\u0107 i nisk\u0105 wag\u0119. Rodpod BRONX udowadnia, \u017ce wysoka jako\u015b\u0107 i dobra cena mog\u0105 i\u015b\u0107 w parze. Podp\u00f3rki Banksticks SimpleSTICK (sprzedawane pojedynczo) mog\u0105 by\u0107 u\u017cywane z rodpodem BRONX jako nogi przed\u0142u\u017caj\u0105ce lub zapasowe.<\/p>\n<p><strong>Informacje techniczne:<\/strong><br \/>\nIlo\u015b\u0107 uchwyt\u00f3w na w\u0119dki: 2 szt.<br \/>\nRegulacja wysoko\u015bci: 20-48cm<br \/>\nRegulacja d\u0142ugo\u015bci: 60-85cm<br \/>\nSzeroko\u015b\u0107 poprzeczki (buzz bar): 25 cm<br \/>\nU\u017cyty materia\u0142: aluminium \/ po\u0142\u0105czenia ABS<br \/>\nWymiary transportowe: 62x16x8 cm<br \/>\nWaga: 1280 g<\/p>\n","protected":false},"excerpt":{"rendered":"<p>Rodpod Delphin BRONX 2G STALX jest bardziej kompaktow\u0105 wersj\u0105 dobrze znanego rodpodu BRONX 2G. Zachowali\u015bmy jednak wszystkie kluczowe cechy konstrukcyjne i w\u0142a\u015bciwo\u015bci. Wersja STALX pod\u0105\u017ca za coraz bardziej popularnym minimalistycznym stylem, kt\u00f3ry pozwala na w\u0119dkowanie w miejscach, kt\u00f3re normalnie s\u0105 trudno dost\u0119pne.<\/p>\n","protected":false},"featured_media":3225,"template":"","meta":[],"product_brand":[97],"product_cat":[88,231,230,85,19,20],"product_tag":[],"class_list":{"0":"post-3196","1":"product","2":"type-product","3":"status-publish","4":"has-post-thumbnail","6":"product_brand-delphin","7":"product_cat-rodpody-i-tripody","8":"product_cat-rodpody-tripody","9":"product_cat-stanowisko-karpiowe","10":"product_cat-stanowisko-wedkarskie","11":"product_cat-grunt","12":"product_cat-karp","14":"first","15":"instock","16":"shipping-taxable","17":"purchasable","18":"product-type-simple"},"_links":{"self":[{"href":"https:\/\/kotlinafishing.pl\/index.php?rest_route=\/wp\/v2\/product\/3196","targetHints":{"allow":["GET"]}}],"collection":[{"href":"https:\/\/kotlinafishing.pl\/index.php?rest_route=\/wp\/v2\/product"}],"about":[{"href":"https:\/\/kotlinafishing.pl\/index.php?rest_route=\/wp\/v2\/types\/product"}],"wp:featuredmedia":[{"embeddable":true,"href":"https:\/\/kotlinafishing.pl\/index.php?rest_route=\/wp\/v2\/media\/3225"}],"wp:attachment":[{"href":"https:\/\/kotlinafishing.pl\/index.php?rest_route=%2Fwp%2Fv2%2Fmedia&parent=3196"}],"wp:term":[{"taxonomy":"product_brand","embeddable":true,"href":"https:\/\/kotlinafishing.pl\/index.php?rest_route=%2Fwp%2Fv2%2Fproduct_brand&post=3196"},{"taxonomy":"product_cat","embeddable":true,"href":"https:\/\/kotlinafishing.pl\/index.php?rest_route=%2Fwp%2Fv2%2Fproduct_cat&post=3196"},{"taxonomy":"product_tag","embeddable":true,"href":"https:\/\/kotlinafishing.pl\/index.php?rest_route=%2Fwp%2Fv2%2Fproduct_tag&post=3196"}],"curies":[{"name":"wp","href":"https:\/\/api.w.org\/{rel}","templated":true}]}}