{"id":3195,"date":"2026-03-01T17:51:58","date_gmt":"2026-03-01T16:51:58","guid":{"rendered":"https:\/\/kotlinafishing.pl\/?post_type=product&#038;p=3195"},"modified":"2026-03-03T14:36:15","modified_gmt":"2026-03-03T13:36:15","slug":"rodpod-delphin-rpx-stalk-blackway-na-2-wedki","status":"publish","type":"product","link":"https:\/\/kotlinafishing.pl\/?product=rodpod-delphin-rpx-stalk-blackway-na-2-wedki","title":{"rendered":"Rodpod Delphin RPX Stalk BlackWay na 2 w\u0119dki"},"content":{"rendered":"<p>Po niew\u0105tpliwym sukcesie rodpod\u00f3w z serii RPX na rynek wchodzi ich kompaktowa wersja mini. RPX Stalk to rodpod o bardzo kompaktowych i praktycznych wymiarach, kt\u00f3rego pokochasz od pierwszej chwili. Posiada wszystkie doskona\u0142e cechy charakterystyczne dla rodpod\u00f3w RPX. Wersja mini zachwyci fan\u00f3w i wielbicieli stylu \u201eUK\u201d. Pomimo niewielkich rozmiar\u00f3w zaskoczy Ci\u0119 swoj\u0105 wszechstronno\u015bci\u0105 i stabilno\u015bci\u0105, poniewa\u017c z \u0142atwo\u015bci\u0105 pomie\u015bci nie tylko w\u0119dki typu stalker, ale tak\u017ce w\u0119dki o normalnej d\u0142ugo\u015bci.<\/p>\n<p>Design w stylu BlackWay jest wynikiem po\u0142\u0105czenia technologii piaskowania i p\u00f3\u017aniejszego utleniania aluminiowego korpusu w efektown\u0105 matow\u0105 czarn\u0105 powierzchni\u0119. Wyrafinowane masywne po\u0142\u0105czenie n\u00f3\u017cek z korpusem rodpoda zapewnia bardzo solidny produkt, co znacz\u0105co wp\u0142ywa na jego stabilno\u015b\u0107. Ca\u0142kowicie aluminiowa konstrukcja gwarantuje naprawd\u0119 d\u0142ug\u0105 \u017cywotno\u015b\u0107.<\/p>\n<p>Podstawowy pakiet zawiera buzz bary na 2 w\u0119dki. Regulacja ich wysoko\u015bci jest mo\u017cliwa za pomoc\u0105 \u015brub. D\u0142ugo\u015b\u0107 mo\u017cna regulowa\u0107 od 50 do 75 cm. W razie potrzeby istnieje mo\u017cliwo\u015b\u0107 dokupienia d\u0142u\u017cszych n\u00f3\u017cek z serii RPX z tym samym gwintem. RPX Stalk ma teleskopowe n\u00f3\u017cki, a ich k\u0105t mo\u017cna regulowa\u0107 w trzech r\u00f3\u017cnych pozycjach. Stojak dostarczany jest w wodoodpornej walizce transportowej. Transport to kolejna z niesamowitych cech tego modelu. Jak tylko dostaniesz torb\u0119 z tak ma\u0142ym rodpodem, ju\u017c nigdy nie b\u0119dziesz chcia\u0142 nosi\u0107 ze sob\u0105 wi\u0119kszego i ci\u0119\u017cszego rodpoda!<\/p>\n<p><strong>Parametry techniczne:<\/strong><br \/>\nLiczba w\u0119dek: 2<br \/>\nRegulacja wysoko\u015bci: 36-66 cm<br \/>\nRegulacja d\u0142ugo\u015bci: 50-75 cm<br \/>\nU\u017cyty materia\u0142: aluminium<br \/>\nWymiary transportowe: 50x15x7cm<br \/>\nWaga: 1,6 kg<\/p>\n","protected":false},"excerpt":{"rendered":"<p>Po niew\u0105tpliwym sukcesie rodpod\u00f3w z serii RPX na rynek wchodzi ich kompaktowa wersja mini. RPX Stalk to rodpod o bardzo kompaktowych i praktycznych wymiarach, kt\u00f3rego pokochasz od pierwszej chwili. Posiada wszystkie doskona\u0142e cechy charakterystyczne dla rodpod\u00f3w RPX. Wersja mini zachwyci fan\u00f3w i wielbicieli stylu \u201eUK\u201d. Pomimo niewielkich rozmiar\u00f3w zaskoczy Ci\u0119 swoj\u0105 wszechstronno\u015bci\u0105 i stabilno\u015bci\u0105, poniewa\u017c z \u0142atwo\u015bci\u0105 pomie\u015bci nie tylko w\u0119dki typu stalker, ale tak\u017ce w\u0119dki o normalnej d\u0142ugo\u015bci.<\/p>\n","protected":false},"featured_media":3219,"template":"","meta":[],"product_brand":[97],"product_cat":[88,231,230,85,19,20],"product_tag":[],"class_list":{"0":"post-3195","1":"product","2":"type-product","3":"status-publish","4":"has-post-thumbnail","6":"product_brand-delphin","7":"product_cat-rodpody-i-tripody","8":"product_cat-rodpody-tripody","9":"product_cat-stanowisko-karpiowe","10":"product_cat-stanowisko-wedkarskie","11":"product_cat-grunt","12":"product_cat-karp","13":"pa_marka-delphin","15":"first","16":"instock","17":"shipping-taxable","18":"purchasable","19":"product-type-simple"},"_links":{"self":[{"href":"https:\/\/kotlinafishing.pl\/index.php?rest_route=\/wp\/v2\/product\/3195","targetHints":{"allow":["GET"]}}],"collection":[{"href":"https:\/\/kotlinafishing.pl\/index.php?rest_route=\/wp\/v2\/product"}],"about":[{"href":"https:\/\/kotlinafishing.pl\/index.php?rest_route=\/wp\/v2\/types\/product"}],"wp:featuredmedia":[{"embeddable":true,"href":"https:\/\/kotlinafishing.pl\/index.php?rest_route=\/wp\/v2\/media\/3219"}],"wp:attachment":[{"href":"https:\/\/kotlinafishing.pl\/index.php?rest_route=%2Fwp%2Fv2%2Fmedia&parent=3195"}],"wp:term":[{"taxonomy":"product_brand","embeddable":true,"href":"https:\/\/kotlinafishing.pl\/index.php?rest_route=%2Fwp%2Fv2%2Fproduct_brand&post=3195"},{"taxonomy":"product_cat","embeddable":true,"href":"https:\/\/kotlinafishing.pl\/index.php?rest_route=%2Fwp%2Fv2%2Fproduct_cat&post=3195"},{"taxonomy":"product_tag","embeddable":true,"href":"https:\/\/kotlinafishing.pl\/index.php?rest_route=%2Fwp%2Fv2%2Fproduct_tag&post=3195"}],"curies":[{"name":"wp","href":"https:\/\/api.w.org\/{rel}","templated":true}]}}