{"id":3194,"date":"2026-03-01T17:47:46","date_gmt":"2026-03-01T16:47:46","guid":{"rendered":"https:\/\/kotlinafishing.pl\/?post_type=product&#038;p=3194"},"modified":"2026-03-03T14:36:34","modified_gmt":"2026-03-03T13:36:34","slug":"delphin-technix-4t-dp","status":"publish","type":"product","link":"https:\/\/kotlinafishing.pl\/?product=delphin-technix-4t-dp","title":{"rendered":"Delphin TechniX 4T DP"},"content":{"rendered":"<p>Kompaktowy ko\u0142owrotek z przednim hamulcem, kt\u00f3ry oferuje niespotykany stosunek ceny do mo\u017cliwo\u015bci. Zosta\u0142 zaprojektowany i wykonany z my\u015bl\u0105 o spinningu, ale sprawdzi si\u0119 r\u00f3wnie dobrze w innych metodach po\u0142owu takich jak chocia\u017cby feeder czy na sp\u0142awik.<\/p>\n<p>Na pierwszy rzut oka ko\u0142owrotek robi wra\u017cenie nie tylko swoim wygl\u0105dem, ale szczeg\u00f3lnie swoj\u0105 g\u0142adk\u0105 prac\u0105 i wysok\u0105 jako\u015bci\u0105 wykonania poszczeg\u00f3lnych komponent\u00f3w. Obudowa i rotor wykonane s\u0105 z grafitu, co zapewnia nisk\u0105 wag\u0119, wysok\u0105 wytrzyma\u0142o\u015b\u0107 i lepsz\u0105 odporno\u015b\u0107 na uszkodzenia mechaniczne. Unikalnie toczona szpula zapewnia redukcj\u0119 wagi jednocze\u015bnie nadaj\u0105c ko\u0142owrotkowi nowoczesnego wygl\u0105du.<\/p>\n<p>Cich\u0105 i g\u0142adk\u0105 prac\u0119 zapewnia 6 \u0142o\u017cysk kulkowych i pewny mechanizm prze\u0142o\u017cenia o stosunku 5:2.1, kt\u00f3re dba o r\u00f3wne uk\u0142adanie \u017cy\u0142ki. Czu\u0142y przedni hamulec z karbonowymi podk\u0142adkami pozwala na dok\u0142adne ustawienie si\u0142y hamulca zwi\u0119kszaj\u0105c tym samym twoje szanse na udany hol walecznej ryby.<\/p>\n<p>Wkr\u0119cana korbka mocowana jest do obudowy przez wkr\u0119cenie jej w wewn\u0119trzny gwint, co redukuje luz i zapewnia maksymaln\u0105 stabilno\u015b\u0107. korbka wyko\u0144czona jest przyjemn\u0105 w dotyku gumk\u0105 i wygodna zapewnia wygodny chwyt nawet podczas d\u0142ugotrwa\u0142ego u\u017cytkowania.<\/p>\n<p>Ekskluzywne czarne wyko\u0144czenie z eleganckimi z\u0142otymi akcentami czyni\u0105 z TECHNIX&#8217;a nie tylko funkcjonalne, ale tak\u017ce stylowy dodatek do twojego sprz\u0119tu.<\/p>\n<p><strong>Dane techniczne:<\/strong><br \/>\nDelphin TECHNIX 4T DP rozmiar 4000<br \/>\nPojemno\u015b\u0107 szpuli mm\/m: 0.18\/223, 0.20\/180, 0.22\/149<br \/>\nPrze\u0142o\u017cenie: 5.2:1<br \/>\nNaw\u00f3j na jedno obr\u00f3cenie korbki: 68 cm<br \/>\nLiczba \u0142o\u017cysk: 5+1<br \/>\nWaga: 260g<\/p>\n","protected":false},"excerpt":{"rendered":"<p>Kompaktowy ko\u0142owrotek z przednim hamulcem, kt\u00f3ry oferuje niespotykany stosunek ceny do mo\u017cliwo\u015bci. Zosta\u0142 zaprojektowany i wykonany z my\u015bl\u0105 o spinningu, ale sprawdzi si\u0119 r\u00f3wnie dobrze w innych metodach po\u0142owu takich jak chocia\u017cby feeder czy na sp\u0142awik.<\/p>\n<p>Na pierwszy rzut oka ko\u0142owrotek robi wra\u017cenie nie tylko swoim wygl\u0105dem, ale szczeg\u00f3lnie swoj\u0105 g\u0142adk\u0105 prac\u0105 i wysok\u0105 jako\u015bci\u0105 wykonania poszczeg\u00f3lnych komponent\u00f3w. Obudowa i rotor wykonane s\u0105 z grafitu, co zapewnia nisk\u0105 wag\u0119, wysok\u0105 wytrzyma\u0142o\u015b\u0107 i lepsz\u0105 odporno\u015b\u0107 na uszkodzenia mechaniczne. Unikalnie toczona szpula zapewnia redukcj\u0119 wagi jednocze\u015bnie nadaj\u0105c ko\u0142owrotkowi nowoczesnego wygl\u0105du.<\/p>\n","protected":false},"featured_media":3214,"template":"","meta":[],"product_brand":[97],"product_cat":[38,39,294,295,115,122,19,21,18],"product_tag":[],"class_list":{"0":"post-3194","1":"product","2":"type-product","3":"status-publish","4":"has-post-thumbnail","6":"product_brand-delphin","7":"product_cat-kolowrotki","8":"product_cat-kolowrotki-feederowe","9":"product_cat-kolowrotki-spinningowe","10":"product_cat-kolowrotki-spinningowe-z-przednim-hamulcem","11":"product_cat-kolowrotki-splawikowe","12":"product_cat-kolowrotki-z-przednim-hamulcem","13":"product_cat-grunt","14":"product_cat-spinning","15":"product_cat-splawik","16":"pa_marka-delphin","18":"first","19":"instock","20":"shipping-taxable","21":"purchasable","22":"product-type-simple"},"_links":{"self":[{"href":"https:\/\/kotlinafishing.pl\/index.php?rest_route=\/wp\/v2\/product\/3194","targetHints":{"allow":["GET"]}}],"collection":[{"href":"https:\/\/kotlinafishing.pl\/index.php?rest_route=\/wp\/v2\/product"}],"about":[{"href":"https:\/\/kotlinafishing.pl\/index.php?rest_route=\/wp\/v2\/types\/product"}],"wp:featuredmedia":[{"embeddable":true,"href":"https:\/\/kotlinafishing.pl\/index.php?rest_route=\/wp\/v2\/media\/3214"}],"wp:attachment":[{"href":"https:\/\/kotlinafishing.pl\/index.php?rest_route=%2Fwp%2Fv2%2Fmedia&parent=3194"}],"wp:term":[{"taxonomy":"product_brand","embeddable":true,"href":"https:\/\/kotlinafishing.pl\/index.php?rest_route=%2Fwp%2Fv2%2Fproduct_brand&post=3194"},{"taxonomy":"product_cat","embeddable":true,"href":"https:\/\/kotlinafishing.pl\/index.php?rest_route=%2Fwp%2Fv2%2Fproduct_cat&post=3194"},{"taxonomy":"product_tag","embeddable":true,"href":"https:\/\/kotlinafishing.pl\/index.php?rest_route=%2Fwp%2Fv2%2Fproduct_tag&post=3194"}],"curies":[{"name":"wp","href":"https:\/\/api.w.org\/{rel}","templated":true}]}}