{"id":3193,"date":"2026-03-01T17:45:07","date_gmt":"2026-03-01T16:45:07","guid":{"rendered":"https:\/\/kotlinafishing.pl\/?post_type=product&#038;p=3193"},"modified":"2026-03-03T14:36:49","modified_gmt":"2026-03-03T13:36:49","slug":"delphin-rydax-sh","status":"publish","type":"product","link":"https:\/\/kotlinafishing.pl\/?product=delphin-rydax-sh","title":{"rendered":"Delphin Rydax SH"},"content":{"rendered":"<p>Ko\u0142owrotek castingowy RYDAX zosta\u0142 zaprojektowany z my\u015bl\u0105 o \u0142owieniu najwi\u0119kszych drapie\u017cnik\u00f3w. W por\u00f3wnaniu z klasycznym ko\u0142owrotkiem z przednim hamulcem oferuje kilka zalet: wi\u0119ksz\u0105 moc zwijania, lepsze czucie przyn\u0119ty oraz mo\u017cliwo\u015b\u0107 obs\u0142ugi jedn\u0105 r\u0119k\u0105.<\/p>\n<p>Ju\u017c przy pierwszym kontakcie zachwyca niezwykle nisk\u0105 wag\u0105. Dzi\u0119ki korpusowi wykonanemu z w\u0142\u00f3kna w\u0119glowego ko\u0142owrotek pozostaje wyj\u0105tkowo lekki, a jednocze\u015bnie bardzo wytrzyma\u0142y na zu\u017cycie mechaniczne. Zabezpieczenie przed s\u0142on\u0105 wod\u0105 sprawia, \u017ce doskonale nadaje si\u0119 do w\u0119dkarstwa morskiego.<\/p>\n<p>Za g\u0142adk\u0105 i cich\u0105 prac\u0119 odpowiada 6 \u0142o\u017cysk kulowych, a prze\u0142o\u017cenie 6,3:1 gwarantuje wysok\u0105 precyzj\u0119, szczeg\u00f3lnie podczas po\u0142ow\u00f3w wertykalnych, gdzie pe\u0142na kontrola nad przyn\u0119t\u0105 ma decyduj\u0105ce znaczenie.<\/p>\n<p>Delphin RYDAX ma trzy niezale\u017cne systemy hamulcowe. Mechaniczny i magnetyczny pozwalaj\u0105 precyzyjnie dopasowa\u0107 rzut i zwolnienie przyn\u0119ty do jej wagi, co skutecznie zapobiega pl\u0105taniu \u017cy\u0142ki na szpuli. Z kolei hamulec gwiazdkowy odpowiada za dok\u0142adne ustawienie si\u0142y podczas holu drapie\u017cnika.<\/p>\n<p>R\u0105czki z pianki EVA zapewniaj\u0105 maksymalny komfort, a w po\u0142\u0105czeniu z nisk\u0105 wag\u0105 sprawiaj\u0105, \u017ce nie b\u0119dziesz chcia\u0142 od\u0142o\u017cy\u0107 ko\u0142owrotka nawet po ca\u0142ym dniu \u0142owienia.<\/p>\n<p><strong>Specyfikacja techniczna:<\/strong><br \/>\nModel: Delphin RYDAX<br \/>\nPojemno\u015b\u0107 szpuli: mm\/m 0,25\/156, 0,28\/120, 0,30\/110<br \/>\nPrze\u0142o\u017cenie: 6,3:1<br \/>\nIlo\u015b\u0107 \u0142o\u017cysk: 5+1<br \/>\nWaga: 178 g<\/p>\n","protected":false},"excerpt":{"rendered":"<p>Ko\u0142owrotek castingowy RYDAX zosta\u0142 zaprojektowany z my\u015bl\u0105 o \u0142owieniu najwi\u0119kszych drapie\u017cnik\u00f3w. W por\u00f3wnaniu z klasycznym ko\u0142owrotkiem z przednim hamulcem oferuje kilka zalet: wi\u0119ksz\u0105 moc zwijania, lepsze czucie przyn\u0119ty oraz mo\u017cliwo\u015b\u0107 obs\u0142ugi jedn\u0105 r\u0119k\u0105.<\/p>\n<p>Ju\u017c przy pierwszym kontakcie zachwyca niezwykle nisk\u0105 wag\u0105. Dzi\u0119ki korpusowi wykonanemu z w\u0142\u00f3kna w\u0119glowego ko\u0142owrotek pozostaje wyj\u0105tkowo lekki, a jednocze\u015bnie bardzo wytrzyma\u0142y na zu\u017cycie mechaniczne. Zabezpieczenie przed s\u0142on\u0105 wod\u0105 sprawia, \u017ce doskonale nadaje si\u0119 do w\u0119dkarstwa morskiego.<\/p>\n","protected":false},"featured_media":3213,"template":"","meta":[],"product_brand":[97],"product_cat":[294,296,21],"product_tag":[],"class_list":{"0":"post-3193","1":"product","2":"type-product","3":"status-publish","4":"has-post-thumbnail","6":"product_brand-delphin","7":"product_cat-kolowrotki-spinningowe","8":"product_cat-multiplikatory","9":"product_cat-spinning","10":"pa_marka-delphin","12":"first","13":"instock","14":"shipping-taxable","15":"purchasable","16":"product-type-simple"},"_links":{"self":[{"href":"https:\/\/kotlinafishing.pl\/index.php?rest_route=\/wp\/v2\/product\/3193","targetHints":{"allow":["GET"]}}],"collection":[{"href":"https:\/\/kotlinafishing.pl\/index.php?rest_route=\/wp\/v2\/product"}],"about":[{"href":"https:\/\/kotlinafishing.pl\/index.php?rest_route=\/wp\/v2\/types\/product"}],"wp:featuredmedia":[{"embeddable":true,"href":"https:\/\/kotlinafishing.pl\/index.php?rest_route=\/wp\/v2\/media\/3213"}],"wp:attachment":[{"href":"https:\/\/kotlinafishing.pl\/index.php?rest_route=%2Fwp%2Fv2%2Fmedia&parent=3193"}],"wp:term":[{"taxonomy":"product_brand","embeddable":true,"href":"https:\/\/kotlinafishing.pl\/index.php?rest_route=%2Fwp%2Fv2%2Fproduct_brand&post=3193"},{"taxonomy":"product_cat","embeddable":true,"href":"https:\/\/kotlinafishing.pl\/index.php?rest_route=%2Fwp%2Fv2%2Fproduct_cat&post=3193"},{"taxonomy":"product_tag","embeddable":true,"href":"https:\/\/kotlinafishing.pl\/index.php?rest_route=%2Fwp%2Fv2%2Fproduct_tag&post=3193"}],"curies":[{"name":"wp","href":"https:\/\/api.w.org\/{rel}","templated":true}]}}