{"id":3192,"date":"2026-03-01T17:43:06","date_gmt":"2026-03-01T16:43:06","guid":{"rendered":"https:\/\/kotlinafishing.pl\/?post_type=product&#038;p=3192"},"modified":"2026-03-03T14:37:08","modified_gmt":"2026-03-03T13:37:08","slug":"delphin-grayx-3t-sh","status":"publish","type":"product","link":"https:\/\/kotlinafishing.pl\/?product=delphin-grayx-3t-sh","title":{"rendered":"Delphin GrayX 3T SH"},"content":{"rendered":"<p>Elegancki, kompaktowy ko\u0142owrotek o nowoczesnym wzornictwie, kt\u00f3ry od razu przykuwa uwag\u0119 niewielkimi wymiarami i nisk\u0105 wag\u0105. Stworzony z my\u015bl\u0105 o spinningu, ale doskonale sprawdzi si\u0119 r\u00f3wnie\u017c w lekkim feederze lub podczas \u0142owienia na sp\u0142awik.<\/p>\n<p>Ko\u0142owrotek wyposa\u017cono w siedem \u0142o\u017cysk kulkowych oraz niezawodny mechanizm o prze\u0142o\u017ceniu 5.2:1, co zapewnia wyj\u0105tkowo p\u0142ynn\u0105 i cich\u0105 prac\u0119. Takie po\u0142\u0105czenie gwarantuje idealn\u0105 r\u00f3wnowag\u0119 pomi\u0119dzy efektywnym prowadzeniem przyn\u0119ty a holowaniem ryby.<\/p>\n<p>Korpus i rotor wykonano z w\u0142\u00f3kna w\u0119glowego, dzi\u0119ki czemu ko\u0142owrotek jest nie tylko niezwykle lekki, ale te\u017c odporny na uszkodzenia mechaniczne \u2014 co ma szczeg\u00f3lne znaczenie podczas w\u0119dkowania w wymagaj\u0105cych warunkach. Czu\u0142y przedni hamulec z karbonowymi podk\u0142adkami umo\u017cliwia precyzyjne i p\u0142ynne dozowanie si\u0142y hamowania, daj\u0105c pe\u0142n\u0105 kontrol\u0119 podczas holu ryby.<\/p>\n<p>Jednym z kluczowych element\u00f3w jest wkr\u0119cana metalowa korbka, mocowana bezpo\u015brednio do wewn\u0119trznej nakr\u0119tki w korpusie ko\u0142owrotka. Takie rozwi\u0105zanie praktycznie eliminuje wszelkie luzy i zapewnia maksymaln\u0105 stabilno\u015b\u0107 podczas zwijania. Gumowany uchwyt jest przyjemny w dotyku i wygodny nawet podczas ca\u0142odniowego w\u0119dkowania.<\/p>\n<p>Delphin GRAYX to niezawodny, lekki i wydajny ko\u0142owrotek, kt\u00f3ry \u0142\u0105czy nowoczesne wzornictwo z doskona\u0142ymi parametrami \u2014 a wszystko to w \u015bwietnej cenie.<\/p>\n<p><strong>Parametry techniczne:<\/strong><\/p>\n<p>Delphin GRAYX 3T SH | rozmiar 3000<br \/>\nPojemno\u015b\u0107 szpuli mm\/m: 0.14\/380, 0.18\/230, 0.20\/186<br \/>\nPrze\u0142o\u017cenie: 5.2:1<br \/>\nNaw\u00f3j na jeden obr\u00f3t korbk\u0105: 55 cm<br \/>\nIlo\u015b\u0107 \u0142o\u017cysk: 6+1<br \/>\nWaga: 176 g<\/p>\n","protected":false},"excerpt":{"rendered":"<p>Elegancki, kompaktowy ko\u0142owrotek o nowoczesnym wzornictwie, kt\u00f3ry od razu przykuwa uwag\u0119 niewielkimi wymiarami i nisk\u0105 wag\u0105. Stworzony z my\u015bl\u0105 o spinningu, ale doskonale sprawdzi si\u0119 r\u00f3wnie\u017c w lekkim feederze lub podczas \u0142owienia na sp\u0142awik.<\/p>\n<p>Ko\u0142owrotek wyposa\u017cono w siedem \u0142o\u017cysk kulkowych oraz niezawodny mechanizm o prze\u0142o\u017ceniu 5.2:1, co zapewnia wyj\u0105tkowo p\u0142ynn\u0105 i cich\u0105 prac\u0119. Takie po\u0142\u0105czenie gwarantuje idealn\u0105 r\u00f3wnowag\u0119 pomi\u0119dzy efektywnym prowadzeniem przyn\u0119ty a holowaniem ryby.<\/p>\n","protected":false},"featured_media":3210,"template":"","meta":[],"product_brand":[97],"product_cat":[38,39,294,295,115,122,19,21,18],"product_tag":[],"class_list":{"0":"post-3192","1":"product","2":"type-product","3":"status-publish","4":"has-post-thumbnail","6":"product_brand-delphin","7":"product_cat-kolowrotki","8":"product_cat-kolowrotki-feederowe","9":"product_cat-kolowrotki-spinningowe","10":"product_cat-kolowrotki-spinningowe-z-przednim-hamulcem","11":"product_cat-kolowrotki-splawikowe","12":"product_cat-kolowrotki-z-przednim-hamulcem","13":"product_cat-grunt","14":"product_cat-spinning","15":"product_cat-splawik","16":"pa_marka-delphin","18":"first","19":"instock","20":"shipping-taxable","21":"purchasable","22":"product-type-simple"},"_links":{"self":[{"href":"https:\/\/kotlinafishing.pl\/index.php?rest_route=\/wp\/v2\/product\/3192","targetHints":{"allow":["GET"]}}],"collection":[{"href":"https:\/\/kotlinafishing.pl\/index.php?rest_route=\/wp\/v2\/product"}],"about":[{"href":"https:\/\/kotlinafishing.pl\/index.php?rest_route=\/wp\/v2\/types\/product"}],"wp:featuredmedia":[{"embeddable":true,"href":"https:\/\/kotlinafishing.pl\/index.php?rest_route=\/wp\/v2\/media\/3210"}],"wp:attachment":[{"href":"https:\/\/kotlinafishing.pl\/index.php?rest_route=%2Fwp%2Fv2%2Fmedia&parent=3192"}],"wp:term":[{"taxonomy":"product_brand","embeddable":true,"href":"https:\/\/kotlinafishing.pl\/index.php?rest_route=%2Fwp%2Fv2%2Fproduct_brand&post=3192"},{"taxonomy":"product_cat","embeddable":true,"href":"https:\/\/kotlinafishing.pl\/index.php?rest_route=%2Fwp%2Fv2%2Fproduct_cat&post=3192"},{"taxonomy":"product_tag","embeddable":true,"href":"https:\/\/kotlinafishing.pl\/index.php?rest_route=%2Fwp%2Fv2%2Fproduct_tag&post=3192"}],"curies":[{"name":"wp","href":"https:\/\/api.w.org\/{rel}","templated":true}]}}