{"id":3188,"date":"2026-02-28T16:58:10","date_gmt":"2026-02-28T15:58:10","guid":{"rendered":"https:\/\/kotlinafishing.pl\/?post_type=product&#038;p=3188"},"modified":"2026-03-03T14:37:57","modified_gmt":"2026-03-03T13:37:57","slug":"3188","status":"publish","type":"product","link":"https:\/\/kotlinafishing.pl\/?product=3188","title":{"rendered":"Delpxin FireX 3T"},"content":{"rendered":"<p>Wszechstronny ko\u0142owrotek, kt\u00f3ry oferuje doskona\u0142e w\u0142a\u015bciwo\u015bci w por\u00f3wnaniu z innymi ko\u0142owrotkami w tej kategorii cenowej. Prze\u0142o\u017cenia 5,1:1 w rozmiarach 2T i 3T oraz 5,5:1 w rozmiarach 4T, 5T i 6T gwarantuj\u0105 idealne nawijanie \u017cy\u0142ki podczas jednego obrotu przy zwijaniu zestaw\u00f3w lub u\u017cywania przyn\u0119ty podczas \u0142owienia spinningowego.<\/p>\n<p>6 \u0142o\u017cysk kulkowych (5+1) zapewnia p\u0142ynn\u0105 i d\u0142ugotrwa\u0142\u0105 prac\u0119. Czarna metalowa szpula z imponuj\u0105cymi pomara\u0144czowymi wyci\u0119ciami jest wystarczaj\u0105co g\u0142\u0119boka, aby pomie\u015bci\u0107 du\u017c\u0105 ilo\u015b\u0107 \u017cy\u0142ki do r\u00f3\u017cnych technik w\u0119dkarskich.<\/p>\n<p>FireX ma czu\u0142y przedni hamulec, aby zachowa\u0107 kontrol\u0119 podczas walki z ryb\u0105. Metalowy uchwyt ma ergonomicznie ukszta\u0142towan\u0105 gumow\u0105 cz\u0119\u015b\u0107, kt\u00f3ra dobrze le\u017cy w d\u0142oni i nadaje si\u0119 do ca\u0142odziennych wypraw w\u0119dkarskich.<\/p>\n<p>Ko\u0142owrotek ma czarny matowy kolor ze stylowymi wyci\u0119ciami i efektownymi pomara\u0144czowymi elementami, dzi\u0119ki czemu jest doskona\u0142ym elementem Twojego ekwipunku.<\/p>\n<p><strong>Informacje techniczne:<\/strong><\/p>\n<p>Ko\u0142owrotek Delphin FireX 3T DP<br \/>\nPojemno\u015b\u0107 szpuli mm\/m: 0.20\/310m, 0.22\/250m, 0.25\/200m<br \/>\nPrze\u0142o\u017cenie: 5.1:1<br \/>\nLiczba \u0142o\u017cysk: 5+1<br \/>\nWaga: 260g<\/p>\n","protected":false},"excerpt":{"rendered":"<p>Wszechstronny ko\u0142owrotek, kt\u00f3ry oferuje doskona\u0142e w\u0142a\u015bciwo\u015bci w por\u00f3wnaniu z innymi ko\u0142owrotkami w tej kategorii cenowej. Prze\u0142o\u017cenia 5,1:1 w rozmiarach 2T i 3T oraz 5,5:1 w rozmiarach 4T, 5T i 6T gwarantuj\u0105 idealne nawijanie \u017cy\u0142ki podczas jednego obrotu przy zwijaniu zestaw\u00f3w lub u\u017cywania przyn\u0119ty podczas \u0142owienia spinningowego.<\/p>\n<p>6 \u0142o\u017cysk kulkowych (5+1) zapewnia p\u0142ynn\u0105 i d\u0142ugotrwa\u0142\u0105 prac\u0119. Czarna metalowa szpula z imponuj\u0105cymi pomara\u0144czowymi wyci\u0119ciami jest wystarczaj\u0105co g\u0142\u0119boka, aby pomie\u015bci\u0107 du\u017c\u0105 ilo\u015b\u0107 \u017cy\u0142ki do r\u00f3\u017cnych technik w\u0119dkarskich.<\/p>\n","protected":false},"featured_media":3205,"template":"","meta":[],"product_brand":[97],"product_cat":[38,39,294,295,115,122,19,21,18],"product_tag":[],"class_list":{"0":"post-3188","1":"product","2":"type-product","3":"status-publish","4":"has-post-thumbnail","6":"product_brand-delphin","7":"product_cat-kolowrotki","8":"product_cat-kolowrotki-feederowe","9":"product_cat-kolowrotki-spinningowe","10":"product_cat-kolowrotki-spinningowe-z-przednim-hamulcem","11":"product_cat-kolowrotki-splawikowe","12":"product_cat-kolowrotki-z-przednim-hamulcem","13":"product_cat-grunt","14":"product_cat-spinning","15":"product_cat-splawik","16":"pa_marka-delphin","18":"first","19":"instock","20":"shipping-taxable","21":"purchasable","22":"product-type-simple"},"_links":{"self":[{"href":"https:\/\/kotlinafishing.pl\/index.php?rest_route=\/wp\/v2\/product\/3188","targetHints":{"allow":["GET"]}}],"collection":[{"href":"https:\/\/kotlinafishing.pl\/index.php?rest_route=\/wp\/v2\/product"}],"about":[{"href":"https:\/\/kotlinafishing.pl\/index.php?rest_route=\/wp\/v2\/types\/product"}],"wp:featuredmedia":[{"embeddable":true,"href":"https:\/\/kotlinafishing.pl\/index.php?rest_route=\/wp\/v2\/media\/3205"}],"wp:attachment":[{"href":"https:\/\/kotlinafishing.pl\/index.php?rest_route=%2Fwp%2Fv2%2Fmedia&parent=3188"}],"wp:term":[{"taxonomy":"product_brand","embeddable":true,"href":"https:\/\/kotlinafishing.pl\/index.php?rest_route=%2Fwp%2Fv2%2Fproduct_brand&post=3188"},{"taxonomy":"product_cat","embeddable":true,"href":"https:\/\/kotlinafishing.pl\/index.php?rest_route=%2Fwp%2Fv2%2Fproduct_cat&post=3188"},{"taxonomy":"product_tag","embeddable":true,"href":"https:\/\/kotlinafishing.pl\/index.php?rest_route=%2Fwp%2Fv2%2Fproduct_tag&post=3188"}],"curies":[{"name":"wp","href":"https:\/\/api.w.org\/{rel}","templated":true}]}}