{"id":3185,"date":"2026-02-28T16:46:37","date_gmt":"2026-02-28T15:46:37","guid":{"rendered":"https:\/\/kotlinafishing.pl\/?post_type=product&#038;p=3185"},"modified":"2026-03-03T14:38:58","modified_gmt":"2026-03-03T13:38:58","slug":"delphin-ixcela-4t-al-body","status":"publish","type":"product","link":"https:\/\/kotlinafishing.pl\/?product=delphin-ixcela-4t-al-body","title":{"rendered":"Delphin IXCELA 4T AL BODY"},"content":{"rendered":"<p>Bezkonkurencyjny model w\u015br\u00f3d kompaktowych ko\u0142owrotk\u00f3w! Delphin IXCELA ma bardzo wytrzyma\u0142y aluminiowy wodoodporny korpus, wa\u0142 g\u0142\u00f3wny ze stali nierdzewnej i \u0142o\u017cyska kulkowe!<br \/>\nDodatkowo korbka jest z wewn\u0119trzn\u0105 \u015brub\u0105 bez \u017cadnej kontry! Delphin IXCELA to bardzo przyjemny i niezawodny ko\u0142owrotek z przednim hamulcem i kompaktowymi wymiarami. Jego podstaw\u0119 stanowi korpus o bardzo ciekawym kszta\u0142cie, kt\u00f3ry wykonany z bardzo mocnego i wytrzyma\u0142ego czarnego materia\u0142u. W po\u0142\u0105czeniu ze srebrnymi i niebieskimi elementami IXCELA robi du\u017ce wra\u017cenie pod wzgl\u0119dem wzorniczym.<\/p>\n<p>\u0141o\u017cyska kulkowe 6 + 1 zapewniaj\u0105 bardzo \u0142atwe i p\u0142ynne u\u017cytkowanie, jest to kluczowy parametr ka\u017cdego ko\u0142owrotka wysokiej jako\u015bci. Niezawodny mechanizm z idealnym prze\u0142o\u017ceniem 5.1:1 (2T,3T), 5.0:1 (4T,5T) pozwala na dok\u0142adne nawini\u0119cie \u017cy\u0142ki na szpul\u0119. Bardzo charakterystyczna szpula posiada naci\u0119cia przypominaj\u0105ce pazury. R\u0119koje\u015b\u0107 ko\u0142owrotka IXCELA jest mocowana do korpusu poprzez wkr\u0119cenie go w wewn\u0119trzn\u0105 nakr\u0119tk\u0119, co minimalizuje luz komponent\u00f3w i tworzy bardzo solidne po\u0142\u0105czenie. Ga\u0142ka samej r\u0119koje\u015bci pokryta jest gum\u0105, dzi\u0119ki czemu jest bardzo przyjemna i wygodna w dotyku.<\/p>\n<p>Ko\u0142owrotek jest dost\u0119pny w r\u00f3\u017cnych rozmiarach, dzi\u0119ki czemu mo\u017cesz go u\u017cywa\u0107 niezale\u017cnie od wybranej techniki \u0142owienia. Poza tym istnieje mo\u017cliwo\u015b\u0107 dokupienia dodatkowych szpul metalowych dla ka\u017cdego rozmiaru osobno oraz dodatkowych podk\u0142adek w\u0119glowych.<\/p>\n<p><strong>Parametry techniczne:<\/strong><\/p>\n<p>Model: Delphin IXCELA 4T<br \/>\nWydajno\u015b\u0107 linii mm \/ m: 0.18\/315, 0.20\/255, 0.22\/210<br \/>\nPrze\u0142o\u017cenie: 5.0: 1<br \/>\nLiczba \u0142o\u017cysk: 6+1<br \/>\nWaga: 313g<\/p>\n","protected":false},"excerpt":{"rendered":"<p>Bezkonkurencyjny model w\u015br\u00f3d kompaktowych ko\u0142owrotk\u00f3w! Delphin IXCELA ma bardzo wytrzyma\u0142y aluminiowy wodoodporny korpus, wa\u0142 g\u0142\u00f3wny ze stali nierdzewnej i \u0142o\u017cyska kulkowe!<br \/>\nDodatkowo korbka jest z wewn\u0119trzn\u0105 \u015brub\u0105 bez \u017cadnej kontry! Delphin IXCELA to bardzo przyjemny i niezawodny ko\u0142owrotek z przednim hamulcem i kompaktowymi wymiarami. Jego podstaw\u0119 stanowi korpus o bardzo ciekawym kszta\u0142cie, kt\u00f3ry wykonany z bardzo mocnego i wytrzyma\u0142ego czarnego materia\u0142u. W po\u0142\u0105czeniu ze srebrnymi i niebieskimi elementami IXCELA robi du\u017ce wra\u017cenie pod wzgl\u0119dem wzorniczym.<\/p>\n","protected":false},"featured_media":3204,"template":"","meta":[],"product_brand":[97],"product_cat":[38,39,294,295,115,122,19,21],"product_tag":[],"class_list":{"0":"post-3185","1":"product","2":"type-product","3":"status-publish","4":"has-post-thumbnail","6":"product_brand-delphin","7":"product_cat-kolowrotki","8":"product_cat-kolowrotki-feederowe","9":"product_cat-kolowrotki-spinningowe","10":"product_cat-kolowrotki-spinningowe-z-przednim-hamulcem","11":"product_cat-kolowrotki-splawikowe","12":"product_cat-kolowrotki-z-przednim-hamulcem","13":"product_cat-grunt","14":"product_cat-spinning","15":"pa_marka-delphin","17":"first","18":"instock","19":"shipping-taxable","20":"purchasable","21":"product-type-simple"},"_links":{"self":[{"href":"https:\/\/kotlinafishing.pl\/index.php?rest_route=\/wp\/v2\/product\/3185","targetHints":{"allow":["GET"]}}],"collection":[{"href":"https:\/\/kotlinafishing.pl\/index.php?rest_route=\/wp\/v2\/product"}],"about":[{"href":"https:\/\/kotlinafishing.pl\/index.php?rest_route=\/wp\/v2\/types\/product"}],"wp:featuredmedia":[{"embeddable":true,"href":"https:\/\/kotlinafishing.pl\/index.php?rest_route=\/wp\/v2\/media\/3204"}],"wp:attachment":[{"href":"https:\/\/kotlinafishing.pl\/index.php?rest_route=%2Fwp%2Fv2%2Fmedia&parent=3185"}],"wp:term":[{"taxonomy":"product_brand","embeddable":true,"href":"https:\/\/kotlinafishing.pl\/index.php?rest_route=%2Fwp%2Fv2%2Fproduct_brand&post=3185"},{"taxonomy":"product_cat","embeddable":true,"href":"https:\/\/kotlinafishing.pl\/index.php?rest_route=%2Fwp%2Fv2%2Fproduct_cat&post=3185"},{"taxonomy":"product_tag","embeddable":true,"href":"https:\/\/kotlinafishing.pl\/index.php?rest_route=%2Fwp%2Fv2%2Fproduct_tag&post=3185"}],"curies":[{"name":"wp","href":"https:\/\/api.w.org\/{rel}","templated":true}]}}