{"id":3172,"date":"2026-02-28T12:12:06","date_gmt":"2026-02-28T11:12:06","guid":{"rendered":"https:\/\/kotlinafishing.pl\/?post_type=product&#038;p=3172"},"modified":"2026-02-28T16:24:36","modified_gmt":"2026-02-28T15:24:36","slug":"delphin-troutera-hardlure-210cm-2-7g","status":"publish","type":"product","link":"https:\/\/kotlinafishing.pl\/?product=delphin-troutera-hardlure-210cm-2-7g","title":{"rendered":"Delphin Troutera HardLure 210cm 2-7g"},"content":{"rendered":"<p>Jak sama nazwa wskazuje, TROUTERA HardLURE to w\u0119dka zaprojektowana specjalnie do \u0142owienia pstr\u0105g\u00f3w przy u\u017cyciu niewielkich, twardych przyn\u0119t sztucznych, takich jak obrot\u00f3wki, wahad\u0142\u00f3wki czy woblery. Dzi\u0119ki dopracowanej konstrukcji i znakomitym w\u0142a\u015bciwo\u015bciom stanie si\u0119 ona nieodzownym elementem wyposa\u017cenia dla wi\u0119kszo\u015bci mi\u0142o\u015bnik\u00f3w \u0142owienia pstr\u0105g\u00f3w lub okoni.<\/p>\n<p>Smuk\u0142y blank wykonany z w\u0142\u00f3kna w\u0119glowego 24T sprawia, \u017ce w\u0119dka jest wyj\u0105tkowo lekka i charakteryzuje si\u0119 szybk\u0105 akcj\u0105, co ma kluczowe znaczenie przy rzucaniu ma\u0142ymi przyn\u0119tami na odpowiedni\u0105 odleg\u0142o\u015b\u0107 od brzegu \u2013 wprost w miejsca, gdzie skrywaj\u0105 si\u0119 ostro\u017cne pstr\u0105gi. Precyzyjne prowadzenie cienkiej plecionki lub \u017cy\u0142ki u\u0142atwiaj\u0105 przelotki na pojedynczej stopce z pier\u015bcieniami SIC, zastosowane w modelu TROUTERA HardLURE. Czarna omotka i czarne przelotki \u015bwietnie dope\u0142niaj\u0105 ca\u0142o\u015bciowego wygl\u0105du w\u0119dki.<\/p>\n<p>Elementem, kt\u00f3ry od razu przyci\u0105ga wzrok, jest uchwyt ko\u0142owrotka z imitacj\u0105 drewna, estetycznie zestawiony z korkow\u0105 r\u0119koje\u015bci\u0105. U\u017cyte materia\u0142y s\u0105 wysokiej jako\u015bci i zabezpieczone przed niekorzystnymi warunkami zewn\u0119trznymi. Zar\u00f3wno r\u0119koje\u015b\u0107, jak i uchwyt ko\u0142owrotka zosta\u0142y zaprojektowane z my\u015bl\u0105 o wygodnym chwycie nawet podczas wielogodzinnego \u0142owienia. Jedn\u0105 z zalet r\u0119koje\u015bci jest jej kr\u00f3tka d\u0142ugo\u015b\u0107, co przek\u0142ada si\u0119 na wi\u0119ksz\u0105 swobod\u0119 podczas prowadzenia przyn\u0119ty, zaci\u0119cia i holu ryby.<\/p>\n<p>Delphin TROUTERA HardLURE wyr\u00f3\u017cnia si\u0119 eleganckim wygl\u0105dem. Ciemny blank, korkowa r\u0119koje\u015b\u0107, uchwyt z drewnian\u0105 wstawk\u0105 oraz z\u0142ote i niebieskie akcenty uzupe\u0142nia omotka nad r\u0119koje\u015bci\u0105, nawi\u0105zuj\u0105ca kolorystyk\u0105 do pstr\u0105ga t\u0119czowego. To wszystko sk\u0142ada si\u0119 na bardzo praktyczn\u0105, a przy tym stylow\u0105 w\u0119dk\u0119 spinningow\u0105, kt\u00f3ra zaskakuje atrakcyjn\u0105 cen\u0105.<\/p>\n<p><strong>Parametry techniczne:<\/strong><\/p>\n<p>Model: 210 cm \/ 2\u20137 g<br \/>\nLiczba cz\u0119\u015bci: 2<br \/>\n\u015arednica blanku nad r\u0119koje\u015bci\u0105: 8mm<br \/>\nLiczba przelotek: 9<br \/>\nD\u0142ugo\u015b\u0107 transportowa: 109,5cm<br \/>\nWaga: 90g<br \/>\nR\u0119koje\u015b\u0107: korek, imitacja drewna<br \/>\nD\u0142ugo\u015b\u0107 r\u0119koje\u015bci (od dolnika do \u015brodka uchwytu ko\u0142owrotka): 21,5cm<\/p>\n","protected":false},"excerpt":{"rendered":"<p>Jak sama nazwa wskazuje, TROUTERA HardLURE to w\u0119dka zaprojektowana specjalnie do \u0142owienia pstr\u0105g\u00f3w przy u\u017cyciu niewielkich, twardych przyn\u0119t sztucznych, takich jak obrot\u00f3wki, wahad\u0142\u00f3wki czy woblery. Dzi\u0119ki dopracowanej konstrukcji i znakomitym w\u0142a\u015bciwo\u015bciom stanie si\u0119 ona nieodzownym elementem wyposa\u017cenia dla wi\u0119kszo\u015bci mi\u0142o\u015bnik\u00f3w \u0142owienia pstr\u0105g\u00f3w lub okoni.<\/p>\n","protected":false},"featured_media":3173,"template":"","meta":[],"product_brand":[97],"product_cat":[21,144,145],"product_tag":[],"class_list":{"0":"post-3172","1":"product","2":"type-product","3":"status-publish","4":"has-post-thumbnail","6":"product_brand-delphin","7":"product_cat-spinning","8":"product_cat-wedki-spinning","9":"product_cat-wedki-spinningowe","10":"pa_marka-delphin","12":"first","13":"instock","14":"shipping-taxable","15":"purchasable","16":"product-type-simple"},"_links":{"self":[{"href":"https:\/\/kotlinafishing.pl\/index.php?rest_route=\/wp\/v2\/product\/3172","targetHints":{"allow":["GET"]}}],"collection":[{"href":"https:\/\/kotlinafishing.pl\/index.php?rest_route=\/wp\/v2\/product"}],"about":[{"href":"https:\/\/kotlinafishing.pl\/index.php?rest_route=\/wp\/v2\/types\/product"}],"wp:featuredmedia":[{"embeddable":true,"href":"https:\/\/kotlinafishing.pl\/index.php?rest_route=\/wp\/v2\/media\/3173"}],"wp:attachment":[{"href":"https:\/\/kotlinafishing.pl\/index.php?rest_route=%2Fwp%2Fv2%2Fmedia&parent=3172"}],"wp:term":[{"taxonomy":"product_brand","embeddable":true,"href":"https:\/\/kotlinafishing.pl\/index.php?rest_route=%2Fwp%2Fv2%2Fproduct_brand&post=3172"},{"taxonomy":"product_cat","embeddable":true,"href":"https:\/\/kotlinafishing.pl\/index.php?rest_route=%2Fwp%2Fv2%2Fproduct_cat&post=3172"},{"taxonomy":"product_tag","embeddable":true,"href":"https:\/\/kotlinafishing.pl\/index.php?rest_route=%2Fwp%2Fv2%2Fproduct_tag&post=3172"}],"curies":[{"name":"wp","href":"https:\/\/api.w.org\/{rel}","templated":true}]}}