{"id":3170,"date":"2026-02-28T12:06:46","date_gmt":"2026-02-28T11:06:46","guid":{"rendered":"https:\/\/kotlinafishing.pl\/?post_type=product&#038;p=3170"},"modified":"2026-02-28T12:06:46","modified_gmt":"2026-02-28T11:06:46","slug":"odkazacz-aquasept-50ml","status":"publish","type":"product","link":"https:\/\/kotlinafishing.pl\/?product=odkazacz-aquasept-50ml","title":{"rendered":"Odka\u017cacz AquaSept 50ml"},"content":{"rendered":"<p>Odka\u017cacz AquaSept o pojemno\u015bci 50ml z atomizerem<\/p>\n","protected":false},"excerpt":{"rendered":"<p>Odka\u017cacz AquaSept o pojemno\u015bci 50ml z atomizerem<\/p>\n","protected":false},"featured_media":0,"template":"","meta":[],"product_brand":[293],"product_cat":[70,291,19],"product_tag":[],"class_list":{"0":"post-3170","1":"product","2":"type-product","3":"status-publish","5":"product_brand-aquasept","6":"product_cat-akcesoria","7":"product_cat-odkazacze","8":"product_cat-grunt","9":"pa_marka-aquasept","11":"first","12":"instock","13":"shipping-taxable","14":"purchasable","15":"product-type-simple"},"_links":{"self":[{"href":"https:\/\/kotlinafishing.pl\/index.php?rest_route=\/wp\/v2\/product\/3170","targetHints":{"allow":["GET"]}}],"collection":[{"href":"https:\/\/kotlinafishing.pl\/index.php?rest_route=\/wp\/v2\/product"}],"about":[{"href":"https:\/\/kotlinafishing.pl\/index.php?rest_route=\/wp\/v2\/types\/product"}],"wp:attachment":[{"href":"https:\/\/kotlinafishing.pl\/index.php?rest_route=%2Fwp%2Fv2%2Fmedia&parent=3170"}],"wp:term":[{"taxonomy":"product_brand","embeddable":true,"href":"https:\/\/kotlinafishing.pl\/index.php?rest_route=%2Fwp%2Fv2%2Fproduct_brand&post=3170"},{"taxonomy":"product_cat","embeddable":true,"href":"https:\/\/kotlinafishing.pl\/index.php?rest_route=%2Fwp%2Fv2%2Fproduct_cat&post=3170"},{"taxonomy":"product_tag","embeddable":true,"href":"https:\/\/kotlinafishing.pl\/index.php?rest_route=%2Fwp%2Fv2%2Fproduct_tag&post=3170"}],"curies":[{"name":"wp","href":"https:\/\/api.w.org\/{rel}","templated":true}]}}