{"id":3122,"date":"2026-02-26T08:20:25","date_gmt":"2026-02-26T07:20:25","guid":{"rendered":"https:\/\/kotlinafishing.pl\/?post_type=product&#038;p=3122"},"modified":"2026-02-27T18:05:32","modified_gmt":"2026-02-27T17:05:32","slug":"czapka-zimowa-delphin-outline-camoway","status":"publish","type":"product","link":"https:\/\/kotlinafishing.pl\/?product=czapka-zimowa-delphin-outline-camoway","title":{"rendered":"Czapka zimowa Delphin Outline Camoway"},"content":{"rendered":"<p>Stylowa czapka w kamufla\u017cu z subtelnym motywem jesiennych drzew z naszym oryginalnym karpiowym wzorem OutLINE.<\/p>\n<p>Wykonana z mi\u0119kkiego materia\u0142u zapewnia ciep\u0142o i wygod\u0119 podczas jesiennych i zimowych wypraw karpiowych. Nadaje si\u0119 jednak r\u00f3wnie\u017c do w\u0119dr\u00f3wek i innych swobodnych aktywno\u015bci na \u015bwie\u017cym powietrzu. Materia\u0142 jest wystarczaj\u0105co elastyczny, aby dopasowa\u0107 si\u0119 do ka\u017cdego rozmiaru g\u0142owy.<\/p>\n<p><strong>Informacje techniczne:<\/strong><br \/>\nMateria\u0142: 100% akryl<\/p>\n","protected":false},"excerpt":{"rendered":"<p>Stylowa czapka w kamufla\u017cu z subtelnym motywem jesiennych drzew z naszym oryginalnym karpiowym wzorem OutLINE.<\/p>\n<p>Wykonana z mi\u0119kkiego materia\u0142u zapewnia ciep\u0142o i wygod\u0119 podczas jesiennych i zimowych wypraw karpiowych. Nadaje si\u0119 jednak r\u00f3wnie\u017c do w\u0119dr\u00f3wek i innych swobodnych aktywno\u015bci na \u015bwie\u017cym powietrzu. Materia\u0142 jest wystarczaj\u0105co elastyczny, aby dopasowa\u0107 si\u0119 do ka\u017cdego rozmiaru g\u0142owy.<\/p>\n<p><strong>Informacje techniczne:<\/strong><br \/>\nMateria\u0142: 100% akryl<\/p>\n","protected":false},"featured_media":3164,"template":"","meta":[],"product_brand":[97],"product_cat":[290,258,33],"product_tag":[],"class_list":{"0":"post-3122","1":"product","2":"type-product","3":"status-publish","4":"has-post-thumbnail","6":"product_brand-delphin","7":"product_cat-czapki","8":"product_cat-odziez","9":"product_cat-promocje","10":"pa_marka-delphin","12":"first","13":"instock","14":"sale","15":"shipping-taxable","16":"purchasable","17":"product-type-simple"},"_links":{"self":[{"href":"https:\/\/kotlinafishing.pl\/index.php?rest_route=\/wp\/v2\/product\/3122","targetHints":{"allow":["GET"]}}],"collection":[{"href":"https:\/\/kotlinafishing.pl\/index.php?rest_route=\/wp\/v2\/product"}],"about":[{"href":"https:\/\/kotlinafishing.pl\/index.php?rest_route=\/wp\/v2\/types\/product"}],"wp:featuredmedia":[{"embeddable":true,"href":"https:\/\/kotlinafishing.pl\/index.php?rest_route=\/wp\/v2\/media\/3164"}],"wp:attachment":[{"href":"https:\/\/kotlinafishing.pl\/index.php?rest_route=%2Fwp%2Fv2%2Fmedia&parent=3122"}],"wp:term":[{"taxonomy":"product_brand","embeddable":true,"href":"https:\/\/kotlinafishing.pl\/index.php?rest_route=%2Fwp%2Fv2%2Fproduct_brand&post=3122"},{"taxonomy":"product_cat","embeddable":true,"href":"https:\/\/kotlinafishing.pl\/index.php?rest_route=%2Fwp%2Fv2%2Fproduct_cat&post=3122"},{"taxonomy":"product_tag","embeddable":true,"href":"https:\/\/kotlinafishing.pl\/index.php?rest_route=%2Fwp%2Fv2%2Fproduct_tag&post=3122"}],"curies":[{"name":"wp","href":"https:\/\/api.w.org\/{rel}","templated":true}]}}